{"id":63719,"date":"2025-12-31T02:01:31","date_gmt":"2025-12-31T02:01:31","guid":{"rendered":"https:\/\/modesthanim.com\/product\/taba-renkli-gokce-suet-etek-takimi\/"},"modified":"2026-03-24T08:19:39","modified_gmt":"2026-03-24T08:19:39","slug":"taba-renkli-gokce-suet-etek-takimi","status":"publish","type":"product","link":"https:\/\/mod.wisdar.net\/tr\/urun\/taba-renkli-gokce-suet-etek-takimi\/","title":{"rendered":"Taba Renkli G\u00f6k\u00e7e S\u00fcet Etek Tak\u0131m\u0131"},"content":{"rendered":"<p>Bu etek tak\u0131m\u0131 birinci s\u0131n\u0131f s\u00fcet kuma\u015ftan \u00fcretilmi\u015ftir. Yelek, detayl\u0131 nak\u0131\u015f i\u015flemeleri ve \u00f6n ba\u011flama kapatmas\u0131 ile dikkat \u00e7eker. Etek, m\u00fckemmel uyum i\u00e7in arka fermuarl\u0131d\u0131r. Yelek Uzunlu\u011fu: 47cm, Omuz: 34cm, G\u00f6\u011f\u00fcs: 48cm. Etek Uzunlu\u011fu: 93cm, Bel: 36cm.<\/p>\n<p>\u2014 Teknik Detaylar \u2014<br \/>\nYelek Uzunlu\u011fu: 47cm<br \/>\nYelek Omuz: 34cm<br \/>\nYelek G\u00f6\u011f\u00fcs: 48cm<br \/>\nEtek Uzunlu\u011fu: 93cm<br \/>\nEtek Bel: 36cm<\/p>\n","protected":false},"excerpt":{"rendered":"<p>Bu etek tak\u0131m\u0131 birinci s\u0131n\u0131f s\u00fcet kuma\u015ftan \u00fcretilmi\u015ftir. Yelek, detayl\u0131 nak\u0131\u015f i\u015flemeleri ve \u00f6n ba\u011flama kapatmas\u0131 ile dikkat \u00e7eker. Etek, m\u00fckemmel uyum i\u00e7in arka fermuarl\u0131d\u0131r. Yelek Uzunlu\u011fu: 47cm, Omuz: 34cm, G\u00f6\u011f\u00fcs: 48cm. Etek Uzunlu\u011fu: 93cm, Bel: 36cm. \u2014 Teknik Detaylar \u2014 Yelek Uzunlu\u011fu: 47cm Yelek Omuz: 34cm Yelek G\u00f6\u011f\u00fcs: 48cm Etek Uzunlu\u011fu: 93cm Etek Bel: [&hellip;]<\/p>\n","protected":false},"featured_media":63716,"comment_status":"open","ping_status":"closed","template":"","meta":[],"product_brand":[],"product_cat":[1900],"product_tag":[5012,7052],"class_list":{"0":"post-63719","1":"product","2":"type-product","3":"status-publish","4":"has-post-thumbnail","6":"product_cat-koordinatlar-setler","7":"product_tag-elegant","8":"product_tag-suet","9":"pa_brand-butikkolik","10":"pa_color-taba","11":"pa_size-4446","12":"pa_size-4706","13":"pa_size-4711","14":"pa_size-4713","15":"pa_size-4751","17":"first","18":"instock","19":"sale","20":"shipping-taxable","21":"purchasable","22":"product-type-variable"},"_links":{"self":[{"href":"https:\/\/mod.wisdar.net\/tr\/wp-json\/wp\/v2\/product\/63719","targetHints":{"allow":["GET"]}}],"collection":[{"href":"https:\/\/mod.wisdar.net\/tr\/wp-json\/wp\/v2\/product"}],"about":[{"href":"https:\/\/mod.wisdar.net\/tr\/wp-json\/wp\/v2\/types\/product"}],"replies":[{"embeddable":true,"href":"https:\/\/mod.wisdar.net\/tr\/wp-json\/wp\/v2\/comments?post=63719"}],"wp:featuredmedia":[{"embeddable":true,"href":"https:\/\/mod.wisdar.net\/tr\/wp-json\/wp\/v2\/media\/63716"}],"wp:attachment":[{"href":"https:\/\/mod.wisdar.net\/tr\/wp-json\/wp\/v2\/media?parent=63719"}],"wp:term":[{"taxonomy":"product_brand","embeddable":true,"href":"https:\/\/mod.wisdar.net\/tr\/wp-json\/wp\/v2\/product_brand?post=63719"},{"taxonomy":"product_cat","embeddable":true,"href":"https:\/\/mod.wisdar.net\/tr\/wp-json\/wp\/v2\/product_cat?post=63719"},{"taxonomy":"product_tag","embeddable":true,"href":"https:\/\/mod.wisdar.net\/tr\/wp-json\/wp\/v2\/product_tag?post=63719"}],"curies":[{"name":"wp","href":"https:\/\/api.w.org\/{rel}","templated":true}]}}