{"id":63749,"date":"2025-11-16T22:32:01","date_gmt":"2025-11-16T22:32:01","guid":{"rendered":"https:\/\/modesthanim.com\/product\/hacer-pantolonlu-takim-haki\/"},"modified":"2026-04-03T13:12:44","modified_gmt":"2026-04-03T13:12:44","slug":"hacer-pantolonlu-takim-haki","status":"publish","type":"product","link":"https:\/\/mod.wisdar.net\/tr\/urun\/hacer-pantolonlu-takim-haki\/","title":{"rendered":"Hacer Pantolonlu Tak\u0131m Haki"},"content":{"rendered":"<p>Tak\u0131m 1.S\u0131n\u0131f \u0130pek Cupra Kuma\u015ft\u0131r<br \/>\nTunik Yaka Arkas\u0131ndan Fermuarl\u0131d\u0131r<br \/>\nTunik Kol Detayl\u0131d\u0131r<br \/>\nTunik Seyyar Kemerlidir<br \/>\nPantolon Beli Lastiklidir<br \/>\nTunik Boy 82cm Omuz 45cm G\u00f6\u011f\u00fcs 51cm<br \/>\nPantolon Boy 113 Bel 29cm<\/p>\n","protected":false},"excerpt":{"rendered":"<p>Tak\u0131m 1.S\u0131n\u0131f \u0130pek Cupra Kuma\u015ft\u0131r Tunik Yaka Arkas\u0131ndan Fermuarl\u0131d\u0131r Tunik Kol Detayl\u0131d\u0131r Tunik Seyyar Kemerlidir Pantolon Beli Lastiklidir Tunik Boy<\/p>\n","protected":false},"featured_media":63734,"comment_status":"open","ping_status":"closed","template":"","meta":[],"product_brand":[],"product_cat":[],"product_tag":[],"class_list":{"0":"post-63749","1":"product","2":"type-product","3":"status-publish","4":"has-post-thumbnail","7":"first","8":"instock","9":"sale","10":"shipping-taxable","11":"purchasable","12":"product-type-variable"},"_links":{"self":[{"href":"https:\/\/mod.wisdar.net\/tr\/wp-json\/wp\/v2\/product\/63749","targetHints":{"allow":["GET"]}}],"collection":[{"href":"https:\/\/mod.wisdar.net\/tr\/wp-json\/wp\/v2\/product"}],"about":[{"href":"https:\/\/mod.wisdar.net\/tr\/wp-json\/wp\/v2\/types\/product"}],"replies":[{"embeddable":true,"href":"https:\/\/mod.wisdar.net\/tr\/wp-json\/wp\/v2\/comments?post=63749"}],"wp:featuredmedia":[{"embeddable":true,"href":"https:\/\/mod.wisdar.net\/tr\/wp-json\/wp\/v2\/media\/63734"}],"wp:attachment":[{"href":"https:\/\/mod.wisdar.net\/tr\/wp-json\/wp\/v2\/media?parent=63749"}],"wp:term":[{"taxonomy":"product_brand","embeddable":true,"href":"https:\/\/mod.wisdar.net\/tr\/wp-json\/wp\/v2\/product_brand?post=63749"},{"taxonomy":"product_cat","embeddable":true,"href":"https:\/\/mod.wisdar.net\/tr\/wp-json\/wp\/v2\/product_cat?post=63749"},{"taxonomy":"product_tag","embeddable":true,"href":"https:\/\/mod.wisdar.net\/tr\/wp-json\/wp\/v2\/product_tag?post=63749"}],"curies":[{"name":"wp","href":"https:\/\/api.w.org\/{rel}","templated":true}]}}