{"id":63802,"date":"2025-11-19T17:15:28","date_gmt":"2025-11-19T17:15:28","guid":{"rendered":"https:\/\/modesthanim.com\/product\/balon-kol-scuba-ekru-etekli-takim\/"},"modified":"2026-04-03T13:11:45","modified_gmt":"2026-04-03T13:11:45","slug":"balon-kol-scuba-ekru-etekli-takim","status":"publish","type":"product","link":"https:\/\/mod.wisdar.net\/tr\/urun\/balon-kol-scuba-ekru-etekli-takim\/","title":{"rendered":"Balon Kol Scuba Ekru Etekli Tak\u0131m"},"content":{"rendered":"<p>BALON KOL SCUBA EKRU ETEKL\u0130 TAKIM \u00d6ZELL\u0130KLER\u0130 Bisiklet yakal\u0131, arkadan fermuarl\u0131, kollar\u0131 pilika\u015feli balon form, etek beli \u00f6n\u00fc kemerli arkas\u0131 lastikli, arkadan fermuarl\u0131, klo\u015f form, bacis model balon kol scuba etekli tak\u0131m. \u0130\u00c7ER\u0130\u011e\u0130 VE YIKANMASI %93 Pes %7 Elastan 30 derecede hassas, sentetik ve narin programlar\u0131 ile y\u0131kanmal\u0131d\u0131r. El ile \u00f6l\u00e7\u00fcmler de 2-3 cm farkl\u0131l\u0131k g\u00f6sterebilir. Manken Bedeni: S-M Manken \u00d6l\u00e7\u00fcs\u00fc: Boy: 1.74 cm, G\u00f6\u011f\u00fcs: 78 cm, Bel: 58 cm, Basen: 87 cm<\/p>\n","protected":false},"excerpt":{"rendered":"<p>BALON KOL SCUBA EKRU ETEKL\u0130 TAKIM \u00d6ZELL\u0130KLER\u0130 Bisiklet yakal\u0131, arkadan fermuarl\u0131, kollar\u0131 pilika\u015feli balon form, etek beli \u00f6n\u00fc kemerli arkas\u0131 lastikli, arkadan fermuarl\u0131, klo\u015f form, bacis model balon kol scuba etekli tak\u0131m. \u0130\u00c7ER\u0130\u011e\u0130 VE YIKANMASI %93 Pes %7 Elastan 30 derecede hassas, sentetik ve narin programlar\u0131 ile y\u0131kanmal\u0131d\u0131r. El ile \u00f6l\u00e7\u00fcmler de 2-3 cm farkl\u0131l\u0131k [&hellip;]<\/p>\n","protected":false},"featured_media":63796,"comment_status":"open","ping_status":"closed","template":"","meta":[],"product_brand":[],"product_cat":[1900],"product_tag":[7549,6753,8398,6744,8247],"class_list":{"0":"post-63802","1":"product","2":"type-product","3":"status-publish","4":"has-post-thumbnail","6":"product_cat-koordinatlar-setler","7":"product_tag-balon-kol","8":"product_tag-bej","9":"product_tag-etek-takim","10":"product_tag-kadin-modasi","11":"product_tag-klos-etek","12":"pa_brand-hooopstore","13":"pa_color-ekru","14":"pa_size-l-xl-2","15":"pa_size-s-m","17":"first","18":"instock","19":"sale","20":"shipping-taxable","21":"purchasable","22":"product-type-variable"},"_links":{"self":[{"href":"https:\/\/mod.wisdar.net\/tr\/wp-json\/wp\/v2\/product\/63802","targetHints":{"allow":["GET"]}}],"collection":[{"href":"https:\/\/mod.wisdar.net\/tr\/wp-json\/wp\/v2\/product"}],"about":[{"href":"https:\/\/mod.wisdar.net\/tr\/wp-json\/wp\/v2\/types\/product"}],"replies":[{"embeddable":true,"href":"https:\/\/mod.wisdar.net\/tr\/wp-json\/wp\/v2\/comments?post=63802"}],"wp:featuredmedia":[{"embeddable":true,"href":"https:\/\/mod.wisdar.net\/tr\/wp-json\/wp\/v2\/media\/63796"}],"wp:attachment":[{"href":"https:\/\/mod.wisdar.net\/tr\/wp-json\/wp\/v2\/media?parent=63802"}],"wp:term":[{"taxonomy":"product_brand","embeddable":true,"href":"https:\/\/mod.wisdar.net\/tr\/wp-json\/wp\/v2\/product_brand?post=63802"},{"taxonomy":"product_cat","embeddable":true,"href":"https:\/\/mod.wisdar.net\/tr\/wp-json\/wp\/v2\/product_cat?post=63802"},{"taxonomy":"product_tag","embeddable":true,"href":"https:\/\/mod.wisdar.net\/tr\/wp-json\/wp\/v2\/product_tag?post=63802"}],"curies":[{"name":"wp","href":"https:\/\/api.w.org\/{rel}","templated":true}]}}