{"id":63812,"date":"2025-11-19T17:11:50","date_gmt":"2025-11-19T17:11:50","guid":{"rendered":"https:\/\/modesthanim.com\/product\/kemer-detayli-pantolonlu-kahve-takim\/"},"modified":"2026-04-10T13:20:40","modified_gmt":"2026-04-10T13:20:40","slug":"kemer-detayli-pantolonlu-kahve-takim","status":"publish","type":"product","link":"https:\/\/mod.wisdar.net\/tr\/urun\/kemer-detayli-pantolonlu-kahve-takim\/","title":{"rendered":"Kemer Detayl\u0131 Pantolonlu Kahve Tak\u0131m"},"content":{"rendered":"<p>KEMER DETAYLI PANTOLON KAHVE TAKIM \u00d6ZELL\u0130KLER\u0130 Seyyar ku\u015f g\u00f6z detayl\u0131 kemerli, geni\u015f kollu, vatkas\u0131z, rahat kesim, yandan ufak y\u0131rtma\u00e7l\u0131, d\u00fc\u015f\u00fck omuzlu ve arkadan fermuar kapamal\u0131, pantolon d\u00fcz pa\u00e7a kesimli, cep detayl\u0131, beli lastikli ve i\u00e7te kalan ip detayl\u0131, astars\u0131z pantolonlu tak\u0131m. Kuma\u015f \u0130\u00e7eri\u011fi ve Y\u0131kama Talimat: %70 Pamuk %20 Viscon %10 Likra 30 derece de k\u0131sa programda makinede y\u0131kay\u0131n\u0131z, hassas y\u0131kama yap\u0131n\u0131z. \u00dcr\u00fcn Bedeni: S-M Manken \u00d6l\u00e7\u00fcleri:<\/p>\n","protected":false},"excerpt":{"rendered":"<p>KEMER DETAYLI PANTOLON KAHVE TAKIM \u00d6ZELL\u0130KLER\u0130 Seyyar ku\u015f g\u00f6z detayl\u0131 kemerli, geni\u015f kollu, vatkas\u0131z, rahat kesim, yandan ufak y\u0131rtma\u00e7l\u0131, d\u00fc\u015f\u00fck omuzlu ve arkadan fermuar kapamal\u0131, pantolon d\u00fcz pa\u00e7a kesimli, cep detayl\u0131, beli lastikli ve i\u00e7te kalan ip detayl\u0131, astars\u0131z pantolonlu tak\u0131m. Kuma\u015f \u0130\u00e7eri\u011fi ve Y\u0131kama Talimat: %70 Pamuk %20 Viscon %10 Likra 30 derece de [&hellip;]<\/p>\n","protected":false},"featured_media":63805,"comment_status":"open","ping_status":"closed","template":"","meta":[],"product_brand":[],"product_cat":[1900],"product_tag":[6824,6765,6751],"class_list":{"0":"post-63812","1":"product","2":"type-product","3":"status-publish","4":"has-post-thumbnail","6":"product_cat-koordinatlar-setler","7":"product_tag-kemer-detayi","8":"product_tag-lastikli-bel","9":"product_tag-rahat","10":"pa_brand-hooopstore","11":"pa_color-kahve","12":"pa_size-l-xl-2","13":"pa_size-s-m","15":"first","16":"instock","17":"sale","18":"shipping-taxable","19":"purchasable","20":"product-type-variable"},"_links":{"self":[{"href":"https:\/\/mod.wisdar.net\/tr\/wp-json\/wp\/v2\/product\/63812","targetHints":{"allow":["GET"]}}],"collection":[{"href":"https:\/\/mod.wisdar.net\/tr\/wp-json\/wp\/v2\/product"}],"about":[{"href":"https:\/\/mod.wisdar.net\/tr\/wp-json\/wp\/v2\/types\/product"}],"replies":[{"embeddable":true,"href":"https:\/\/mod.wisdar.net\/tr\/wp-json\/wp\/v2\/comments?post=63812"}],"wp:featuredmedia":[{"embeddable":true,"href":"https:\/\/mod.wisdar.net\/tr\/wp-json\/wp\/v2\/media\/63805"}],"wp:attachment":[{"href":"https:\/\/mod.wisdar.net\/tr\/wp-json\/wp\/v2\/media?parent=63812"}],"wp:term":[{"taxonomy":"product_brand","embeddable":true,"href":"https:\/\/mod.wisdar.net\/tr\/wp-json\/wp\/v2\/product_brand?post=63812"},{"taxonomy":"product_cat","embeddable":true,"href":"https:\/\/mod.wisdar.net\/tr\/wp-json\/wp\/v2\/product_cat?post=63812"},{"taxonomy":"product_tag","embeddable":true,"href":"https:\/\/mod.wisdar.net\/tr\/wp-json\/wp\/v2\/product_tag?post=63812"}],"curies":[{"name":"wp","href":"https:\/\/api.w.org\/{rel}","templated":true}]}}