{"id":63843,"date":"2025-11-18T20:55:26","date_gmt":"2025-11-18T20:55:26","guid":{"rendered":"https:\/\/modesthanim.com\/product\/poplin-triko-hirka-detayli-lacivert-pantolon-takim\/"},"modified":"2026-04-03T13:04:17","modified_gmt":"2026-04-03T13:04:17","slug":"poplin-triko-hirka-detayli-lacivert-pantolon-takim","status":"publish","type":"product","link":"https:\/\/mod.wisdar.net\/tr\/urun\/poplin-triko-hirka-detayli-lacivert-pantolon-takim\/","title":{"rendered":"Poplin Triko H\u0131rka Detayl\u0131 Lacivert Pantolon Tak\u0131m"},"content":{"rendered":"<p>Poplin Triko H\u0131rka Detayl\u0131 Pantolon Tak\u0131m \u00d6zellikleri<br \/>\nH\u0131rkas\u0131 poplin triko detayl\u0131, \u00f6nden d\u00fc\u011fmeli, kol man\u015fet detayl\u0131, pantolonun beli lastikli, rahat kal\u0131p, triko pantolon tak\u0131m.<br \/>\n%100 Pes<br \/>\nYaln\u0131zca kuru temizleme yap\u0131n\u0131z.<\/p>\n","protected":false},"excerpt":{"rendered":"<p>Poplin Triko H\u0131rka Detayl\u0131 Pantolon Tak\u0131m \u00d6zellikleri H\u0131rkas\u0131 poplin triko detayl\u0131, \u00f6nden d\u00fc\u011fmeli, kol man\u015fet detayl\u0131, pantolonun beli lastikli, rahat kal\u0131p, triko pantolon tak\u0131m. %100 Pes Yaln\u0131zca kuru temizleme yap\u0131n\u0131z.<\/p>\n","protected":false},"featured_media":63837,"comment_status":"open","ping_status":"closed","template":"","meta":[],"product_brand":[],"product_cat":[1900],"product_tag":[7308,7238],"class_list":{"0":"post-63843","1":"product","2":"type-product","3":"status-publish","4":"has-post-thumbnail","6":"product_cat-koordinatlar-setler","7":"product_tag-hirka","8":"product_tag-lacivert","9":"pa_brand-hooopstore","10":"pa_color-lacivert","11":"pa_size-m-l","12":"pa_size-s-m","14":"first","15":"instock","16":"sale","17":"shipping-taxable","18":"purchasable","19":"product-type-variable"},"_links":{"self":[{"href":"https:\/\/mod.wisdar.net\/tr\/wp-json\/wp\/v2\/product\/63843","targetHints":{"allow":["GET"]}}],"collection":[{"href":"https:\/\/mod.wisdar.net\/tr\/wp-json\/wp\/v2\/product"}],"about":[{"href":"https:\/\/mod.wisdar.net\/tr\/wp-json\/wp\/v2\/types\/product"}],"replies":[{"embeddable":true,"href":"https:\/\/mod.wisdar.net\/tr\/wp-json\/wp\/v2\/comments?post=63843"}],"wp:featuredmedia":[{"embeddable":true,"href":"https:\/\/mod.wisdar.net\/tr\/wp-json\/wp\/v2\/media\/63837"}],"wp:attachment":[{"href":"https:\/\/mod.wisdar.net\/tr\/wp-json\/wp\/v2\/media?parent=63843"}],"wp:term":[{"taxonomy":"product_brand","embeddable":true,"href":"https:\/\/mod.wisdar.net\/tr\/wp-json\/wp\/v2\/product_brand?post=63843"},{"taxonomy":"product_cat","embeddable":true,"href":"https:\/\/mod.wisdar.net\/tr\/wp-json\/wp\/v2\/product_cat?post=63843"},{"taxonomy":"product_tag","embeddable":true,"href":"https:\/\/mod.wisdar.net\/tr\/wp-json\/wp\/v2\/product_tag?post=63843"}],"curies":[{"name":"wp","href":"https:\/\/api.w.org\/{rel}","templated":true}]}}