{"id":63853,"date":"2025-11-18T20:51:56","date_gmt":"2025-11-18T20:51:56","guid":{"rendered":"https:\/\/modesthanim.com\/product\/poplin-triko-hirka-detayli-vizon-pantolon-takim\/"},"modified":"2026-01-15T08:09:03","modified_gmt":"2026-01-15T08:09:03","slug":"poplin-triko-hirka-detayli-vizon-pantolon-takim","status":"publish","type":"product","link":"https:\/\/mod.wisdar.net\/tr\/urun\/poplin-triko-hirka-detayli-vizon-pantolon-takim\/","title":{"rendered":"Poplin Triko H\u0131rka Detayl\u0131 Vizon Pantolon Tak\u0131m"},"content":{"rendered":"<p>Poplin Triko H\u0131rka Detayl\u0131 Pantolon Tak\u0131m \u00d6zellikleri<br \/>\nH\u0131rkas\u0131 poplin triko detayl\u0131, \u00f6nden d\u00fc\u011fmeli, kol man\u015fet detayl\u0131, pantolonun beli lastikli, rahat kal\u0131p, triko pantolon tak\u0131m.<br \/>\n%100 Pes<br \/>\nYaln\u0131zca kuru temizleme yap\u0131n\u0131z.<\/p>\n","protected":false},"excerpt":{"rendered":"<p>Poplin Triko H\u0131rka Detayl\u0131 Pantolon Tak\u0131m \u00d6zellikleri H\u0131rkas\u0131 poplin triko detayl\u0131, \u00f6nden d\u00fc\u011fmeli, kol man\u015fet detayl\u0131, pantolonun beli lastikli, rahat kal\u0131p, triko pantolon tak\u0131m. %100 Pes Yaln\u0131zca kuru temizleme yap\u0131n\u0131z.<\/p>\n","protected":false},"featured_media":63846,"comment_status":"open","ping_status":"closed","template":"","meta":[],"product_brand":[],"product_cat":[1900],"product_tag":[7308,6765,8375,6876],"class_list":{"0":"post-63853","1":"product","2":"type-product","3":"status-publish","4":"has-post-thumbnail","6":"product_cat-koordinatlar-setler","7":"product_tag-hirka","8":"product_tag-lastikli-bel","9":"product_tag-pantolon-takimi","10":"product_tag-rahat-kesim","11":"pa_brand-hooopstore","12":"pa_color-vizon-rengi","13":"pa_size-m-l","14":"pa_size-s-m","16":"first","17":"instock","18":"sale","19":"shipping-taxable","20":"purchasable","21":"product-type-variable"},"_links":{"self":[{"href":"https:\/\/mod.wisdar.net\/tr\/wp-json\/wp\/v2\/product\/63853","targetHints":{"allow":["GET"]}}],"collection":[{"href":"https:\/\/mod.wisdar.net\/tr\/wp-json\/wp\/v2\/product"}],"about":[{"href":"https:\/\/mod.wisdar.net\/tr\/wp-json\/wp\/v2\/types\/product"}],"replies":[{"embeddable":true,"href":"https:\/\/mod.wisdar.net\/tr\/wp-json\/wp\/v2\/comments?post=63853"}],"wp:featuredmedia":[{"embeddable":true,"href":"https:\/\/mod.wisdar.net\/tr\/wp-json\/wp\/v2\/media\/63846"}],"wp:attachment":[{"href":"https:\/\/mod.wisdar.net\/tr\/wp-json\/wp\/v2\/media?parent=63853"}],"wp:term":[{"taxonomy":"product_brand","embeddable":true,"href":"https:\/\/mod.wisdar.net\/tr\/wp-json\/wp\/v2\/product_brand?post=63853"},{"taxonomy":"product_cat","embeddable":true,"href":"https:\/\/mod.wisdar.net\/tr\/wp-json\/wp\/v2\/product_cat?post=63853"},{"taxonomy":"product_tag","embeddable":true,"href":"https:\/\/mod.wisdar.net\/tr\/wp-json\/wp\/v2\/product_tag?post=63853"}],"curies":[{"name":"wp","href":"https:\/\/api.w.org\/{rel}","templated":true}]}}