{"id":63863,"date":"2025-11-18T20:48:27","date_gmt":"2025-11-18T20:48:27","guid":{"rendered":"https:\/\/modesthanim.com\/product\/serit-isleme-detayli-vual-ekru-etekli-takim\/"},"modified":"2026-02-19T21:01:37","modified_gmt":"2026-02-19T21:01:37","slug":"serit-isleme-detayli-vual-ekru-etekli-takim","status":"publish","type":"product","link":"https:\/\/mod.wisdar.net\/tr\/urun\/serit-isleme-detayli-vual-ekru-etekli-takim\/","title":{"rendered":"\u015eerit \u0130\u015fleme Detayl\u0131 Vual Ekru Etekli Tak\u0131m"},"content":{"rendered":"<p>\u015eER\u0130T \u0130\u015eLEME DETAYLI VUAL EKRU ETEKL\u0130 TAKIM \u00d6ZELL\u0130KLER\u0130%100 Pamuklu vual \u00f6zel kuma\u015ftan \u00fcretilmi\u015f, yuvarlak yakal\u0131, arkadan fermuarl\u0131, ispanyol kol formunda, \u015ferit detayl\u0131, etek beli lastikli, ayarlanabilir ba\u011flamal\u0131, cep detayl\u0131, kendi kuma\u015f\u0131ndan astarl\u0131, normal kal\u0131p, pamuklu vual etekli tak\u0131m.Kuma\u015f \u0130\u00e7eri\u011fi ve Y\u0131kama Talimat:%100 PamukMaksimum 30 derecede hassas y\u0131kama yap\u0131n\u0131z. Hassas ve narin programlar\u0131 ile y\u0131kama yap\u0131n\u0131z.\u00d6l\u00e7\u00fcler elle al\u0131nm\u0131\u015ft\u0131r, kuma\u015f yap\u0131s\u0131na g\u00f6re 1- 3 cm de\u011fi\u015fiklik g\u00f6sterebilir.Manken \u00dcr\u00fcn Bedeni: SmallManken \u00d6l\u00e7\u00fcleri: Boy: 1.78 cm, G\u00f6\u011f\u00fcs: 81 cm, Bel: 63 cm, Basen: 90 cm<\/p>\n","protected":false},"excerpt":{"rendered":"<p>\u015eER\u0130T \u0130\u015eLEME DETAYLI VUAL EKRU ETEKL\u0130 TAKIM \u00d6ZELL\u0130KLER\u0130%100 Pamuklu vual \u00f6zel kuma\u015ftan \u00fcretilmi\u015f, yuvarlak yakal\u0131, arkadan fermuarl\u0131, ispanyol kol formunda, \u015ferit detayl\u0131, etek beli lastikli, ayarlanabilir ba\u011flamal\u0131, cep detayl\u0131, kendi kuma\u015f\u0131ndan astarl\u0131, normal kal\u0131p, pamuklu vual etekli tak\u0131m.Kuma\u015f \u0130\u00e7eri\u011fi ve Y\u0131kama Talimat:%100 PamukMaksimum 30 derecede hassas y\u0131kama yap\u0131n\u0131z. Hassas ve narin programlar\u0131 ile y\u0131kama yap\u0131n\u0131z.\u00d6l\u00e7\u00fcler [&hellip;]<\/p>\n","protected":false},"featured_media":63856,"comment_status":"open","ping_status":"closed","template":"","meta":[],"product_brand":[],"product_cat":[1900],"product_tag":[6757,8398,7488],"class_list":{"0":"post-63863","1":"product","2":"type-product","3":"status-publish","4":"has-post-thumbnail","6":"product_cat-koordinatlar-setler","7":"product_tag-ekru","8":"product_tag-etek-takim","9":"product_tag-pamuk","10":"pa_brand-hooopstore","11":"pa_color-ekru","12":"pa_size-large","13":"pa_size-medium","14":"pa_size-small","16":"first","17":"outofstock","18":"shipping-taxable","19":"product-type-variable"},"_links":{"self":[{"href":"https:\/\/mod.wisdar.net\/tr\/wp-json\/wp\/v2\/product\/63863","targetHints":{"allow":["GET"]}}],"collection":[{"href":"https:\/\/mod.wisdar.net\/tr\/wp-json\/wp\/v2\/product"}],"about":[{"href":"https:\/\/mod.wisdar.net\/tr\/wp-json\/wp\/v2\/types\/product"}],"replies":[{"embeddable":true,"href":"https:\/\/mod.wisdar.net\/tr\/wp-json\/wp\/v2\/comments?post=63863"}],"wp:featuredmedia":[{"embeddable":true,"href":"https:\/\/mod.wisdar.net\/tr\/wp-json\/wp\/v2\/media\/63856"}],"wp:attachment":[{"href":"https:\/\/mod.wisdar.net\/tr\/wp-json\/wp\/v2\/media?parent=63863"}],"wp:term":[{"taxonomy":"product_brand","embeddable":true,"href":"https:\/\/mod.wisdar.net\/tr\/wp-json\/wp\/v2\/product_brand?post=63863"},{"taxonomy":"product_cat","embeddable":true,"href":"https:\/\/mod.wisdar.net\/tr\/wp-json\/wp\/v2\/product_cat?post=63863"},{"taxonomy":"product_tag","embeddable":true,"href":"https:\/\/mod.wisdar.net\/tr\/wp-json\/wp\/v2\/product_tag?post=63863"}],"curies":[{"name":"wp","href":"https:\/\/api.w.org\/{rel}","templated":true}]}}