{"id":63886,"date":"2025-11-18T20:47:38","date_gmt":"2025-11-18T20:47:38","guid":{"rendered":"https:\/\/modesthanim.com\/product\/dikis-detayli-rahat-tas-pantolon-takim\/"},"modified":"2026-04-03T13:03:31","modified_gmt":"2026-04-03T13:03:31","slug":"dikis-detayli-rahat-tas-pantolon-takim","status":"publish","type":"product","link":"https:\/\/mod.wisdar.net\/tr\/urun\/dikis-detayli-rahat-tas-pantolon-takim\/","title":{"rendered":"Diki\u015f Detayl\u0131 Rahat Ta\u015f Pantolon Tak\u0131m"},"content":{"rendered":"<p>D\u0130K\u0130\u015e DETAYLI RAHAT TA\u015e PANTOLON TAKIM \u00d6ZELL\u0130KLER\u0130 G\u00f6mlek yaka, d\u00fc\u011fmeli, cep detayl\u0131, ispanyol kol formunda, kendi kuma\u015f\u0131ndan biye kemerli, rahat kesim g\u00f6mlek, pantolon beli lastikli, cepli, beli ip ba\u011flamal\u0131 ayarlanabilir, geni\u015f pa\u00e7a ucuna sahip, normal kal\u0131p, diki\u015f detayl\u0131 pantolon tak\u0131m. Kuma\u015f \u0130\u00e7eri\u011fi ve Y\u0131kama Talimat: %91 Liyosel %9 Polyester Maksimum 30 derecede hassas y\u0131kama yap\u0131n\u0131z. Hassas ve narin programlar\u0131 ile y\u0131kama yap\u0131n\u0131z. Manken \u00dcr\u00fcn Bedeni: S Manken \u00d6l\u00e7\u00fcleri: Boy: 1.72 cm, G\u00f6\u011f\u00fcs: 78 cm, Bel: 58 cm, Basen: 86 cm<\/p>\n","protected":false},"excerpt":{"rendered":"<p>D\u0130K\u0130\u015e DETAYLI RAHAT TA\u015e PANTOLON TAKIM \u00d6ZELL\u0130KLER\u0130 G\u00f6mlek yaka, d\u00fc\u011fmeli, cep detayl\u0131, ispanyol kol formunda, kendi kuma\u015f\u0131ndan biye kemerli, rahat kesim g\u00f6mlek, pantolon beli lastikli, cepli, beli ip ba\u011flamal\u0131 ayarlanabilir, geni\u015f pa\u00e7a ucuna sahip, normal kal\u0131p, diki\u015f detayl\u0131 pantolon tak\u0131m. Kuma\u015f \u0130\u00e7eri\u011fi ve Y\u0131kama Talimat: %91 Liyosel %9 Polyester Maksimum 30 derecede hassas y\u0131kama yap\u0131n\u0131z. [&hellip;]<\/p>\n","protected":false},"featured_media":63879,"comment_status":"open","ping_status":"closed","template":"","meta":[],"product_brand":[],"product_cat":[1900],"product_tag":[6761,6751,6882,8396],"class_list":{"0":"post-63886","1":"product","2":"type-product","3":"status-publish","4":"has-post-thumbnail","6":"product_cat-koordinatlar-setler","7":"product_tag-bol-paca","8":"product_tag-rahat","9":"product_tag-rahat-kesim-2","10":"product_tag-tas-rengi","11":"pa_brand-hooopstore","12":"pa_color-tas-rengi","13":"pa_size-large","14":"pa_size-medium","15":"pa_size-small","16":"pa_size-xlarge","18":"first","19":"instock","20":"sale","21":"shipping-taxable","22":"purchasable","23":"product-type-variable"},"_links":{"self":[{"href":"https:\/\/mod.wisdar.net\/tr\/wp-json\/wp\/v2\/product\/63886","targetHints":{"allow":["GET"]}}],"collection":[{"href":"https:\/\/mod.wisdar.net\/tr\/wp-json\/wp\/v2\/product"}],"about":[{"href":"https:\/\/mod.wisdar.net\/tr\/wp-json\/wp\/v2\/types\/product"}],"replies":[{"embeddable":true,"href":"https:\/\/mod.wisdar.net\/tr\/wp-json\/wp\/v2\/comments?post=63886"}],"wp:featuredmedia":[{"embeddable":true,"href":"https:\/\/mod.wisdar.net\/tr\/wp-json\/wp\/v2\/media\/63879"}],"wp:attachment":[{"href":"https:\/\/mod.wisdar.net\/tr\/wp-json\/wp\/v2\/media?parent=63886"}],"wp:term":[{"taxonomy":"product_brand","embeddable":true,"href":"https:\/\/mod.wisdar.net\/tr\/wp-json\/wp\/v2\/product_brand?post=63886"},{"taxonomy":"product_cat","embeddable":true,"href":"https:\/\/mod.wisdar.net\/tr\/wp-json\/wp\/v2\/product_cat?post=63886"},{"taxonomy":"product_tag","embeddable":true,"href":"https:\/\/mod.wisdar.net\/tr\/wp-json\/wp\/v2\/product_tag?post=63886"}],"curies":[{"name":"wp","href":"https:\/\/api.w.org\/{rel}","templated":true}]}}