{"id":63909,"date":"2025-11-18T20:28:29","date_gmt":"2025-11-18T20:28:29","guid":{"rendered":"https:\/\/modesthanim.com\/product\/kisa-dugmeli-pelus-lacivert-ceket\/"},"modified":"2026-04-03T13:01:06","modified_gmt":"2026-04-03T13:01:06","slug":"kisa-dugmeli-pelus-lacivert-ceket","status":"publish","type":"product","link":"https:\/\/mod.wisdar.net\/tr\/urun\/kisa-dugmeli-pelus-lacivert-ceket\/","title":{"rendered":"K\u0131sa D\u00fc\u011fmeli Pel\u00fc\u015f Lacivert Ceket"},"content":{"rendered":"<p>KISA D\u00dc\u011eMEL\u0130 PEL\u00dc\u015e LAC\u0130VERT CEKET \u00d6ZELL\u0130KLER\u0130 Bisiklet yaka, d\u00fc\u011fme kapamal\u0131, kollar\u0131 s\u00fcs d\u00fc\u011fmeli, normal kal\u0131p, astarl\u0131 k\u0131sa d\u00fc\u011fmeli pelu\u015f ceket. \u0130\u00c7ER\u0130\u011e\u0130 VE YIKANMASI %100 Pes Kuru temizleme \u00f6nerilir. El ile \u00f6l\u00e7\u00fcmlerde 2-3 cm farkl\u0131l\u0131k g\u00f6sterebilir. Manken Bedeni: Small Manken \u00d6l\u00e7\u00fcs\u00fc: Boy: 1.76 cm, G\u00f6\u011f\u00fcs: 79 cm, Bel: 64 cm, Basen: 92 cm<\/p>\n","protected":false},"excerpt":{"rendered":"<p>KISA D\u00dc\u011eMEL\u0130 PEL\u00dc\u015e LAC\u0130VERT CEKET \u00d6ZELL\u0130KLER\u0130 Bisiklet yaka, d\u00fc\u011fme kapamal\u0131, kollar\u0131 s\u00fcs d\u00fc\u011fmeli, normal kal\u0131p, astarl\u0131 k\u0131sa d\u00fc\u011fmeli pelu\u015f ceket. \u0130\u00c7ER\u0130\u011e\u0130 VE YIKANMASI %100 Pes Kuru temizleme \u00f6nerilir. El ile \u00f6l\u00e7\u00fcmlerde 2-3 cm farkl\u0131l\u0131k g\u00f6sterebilir. Manken Bedeni: Small Manken \u00d6l\u00e7\u00fcs\u00fc: Boy: 1.76 cm, G\u00f6\u011f\u00fcs: 79 cm, Bel: 64 cm, Basen: 92 cm<\/p>\n","protected":false},"featured_media":63902,"comment_status":"open","ping_status":"closed","template":"","meta":[],"product_brand":[],"product_cat":[2044],"product_tag":[7238,7928,7021],"class_list":{"0":"post-63909","1":"product","2":"type-product","3":"status-publish","4":"has-post-thumbnail","6":"product_cat-ceketler","7":"product_tag-lacivert","8":"product_tag-moda-dis-giyim","9":"product_tag-polyester","10":"pa_brand-hooopstore","11":"pa_color-lacivert","12":"pa_size-large","13":"pa_size-medium","14":"pa_size-small","16":"first","17":"instock","18":"sale","19":"shipping-taxable","20":"purchasable","21":"product-type-variable"},"_links":{"self":[{"href":"https:\/\/mod.wisdar.net\/tr\/wp-json\/wp\/v2\/product\/63909","targetHints":{"allow":["GET"]}}],"collection":[{"href":"https:\/\/mod.wisdar.net\/tr\/wp-json\/wp\/v2\/product"}],"about":[{"href":"https:\/\/mod.wisdar.net\/tr\/wp-json\/wp\/v2\/types\/product"}],"replies":[{"embeddable":true,"href":"https:\/\/mod.wisdar.net\/tr\/wp-json\/wp\/v2\/comments?post=63909"}],"wp:featuredmedia":[{"embeddable":true,"href":"https:\/\/mod.wisdar.net\/tr\/wp-json\/wp\/v2\/media\/63902"}],"wp:attachment":[{"href":"https:\/\/mod.wisdar.net\/tr\/wp-json\/wp\/v2\/media?parent=63909"}],"wp:term":[{"taxonomy":"product_brand","embeddable":true,"href":"https:\/\/mod.wisdar.net\/tr\/wp-json\/wp\/v2\/product_brand?post=63909"},{"taxonomy":"product_cat","embeddable":true,"href":"https:\/\/mod.wisdar.net\/tr\/wp-json\/wp\/v2\/product_cat?post=63909"},{"taxonomy":"product_tag","embeddable":true,"href":"https:\/\/mod.wisdar.net\/tr\/wp-json\/wp\/v2\/product_tag?post=63909"}],"curies":[{"name":"wp","href":"https:\/\/api.w.org\/{rel}","templated":true}]}}