{"id":63951,"date":"2025-11-18T19:56:34","date_gmt":"2025-11-18T19:56:34","guid":{"rendered":"https:\/\/modesthanim.com\/product\/vatkali-gabardin-kisa-siyah-ceket\/"},"modified":"2026-01-15T08:06:53","modified_gmt":"2026-01-15T08:06:53","slug":"vatkali-gabardin-kisa-siyah-ceket","status":"publish","type":"product","link":"https:\/\/mod.wisdar.net\/tr\/urun\/vatkali-gabardin-kisa-siyah-ceket\/","title":{"rendered":"Vatkal\u0131 Gabardin K\u0131sa Siyah Ceket"},"content":{"rendered":"<p>VATKALI GABARD\u0130N KISA S\u0130YAH CEKET \u00d6ZELL\u0130KLER\u0130  Vatkal\u0131, \u00f6nden d\u00fc\u011fmeli, pile ve apolet detayl\u0131, rahat kal\u0131p, astarl\u0131 crop ceket.  \u0130\u00c7ER\u0130\u011e\u0130 VE YIKANMASI %60 Cotton %40 Pes 30 derecede hassas, sentetik ve narin programlar\u0131 ile y\u0131kanmal\u0131d\u0131r.  El ile \u00f6l\u00e7\u00fcmlerde 2-3 cm farkl\u0131l\u0131k g\u00f6sterebilir.Manken Bedeni: S-M Manken \u00d6l\u00e7\u00fcs\u00fc: Boy: 1.74 cm, G\u00f6\u011f\u00fcs: 78 cm, Bel: 58 cm, Basen: 87 cm<\/p>\n","protected":false},"excerpt":{"rendered":"<p>VATKALI GABARD\u0130N KISA S\u0130YAH CEKET \u00d6ZELL\u0130KLER\u0130 Vatkal\u0131, \u00f6nden d\u00fc\u011fmeli, pile ve apolet detayl\u0131, rahat kal\u0131p, astarl\u0131 crop ceket. \u0130\u00c7ER\u0130\u011e\u0130 VE YIKANMASI %60 Cotton %40 Pes 30 derecede hassas, sentetik ve narin programlar\u0131 ile y\u0131kanmal\u0131d\u0131r. El ile \u00f6l\u00e7\u00fcmlerde 2-3 cm farkl\u0131l\u0131k g\u00f6sterebilir.Manken Bedeni: S-M Manken \u00d6l\u00e7\u00fcs\u00fc: Boy: 1.74 cm, G\u00f6\u011f\u00fcs: 78 cm, Bel: 58 cm, Basen: [&hellip;]<\/p>\n","protected":false},"featured_media":63944,"comment_status":"open","ping_status":"closed","template":"","meta":[],"product_brand":[],"product_cat":[2044],"product_tag":[7426,6744,7974],"class_list":{"0":"post-63951","1":"product","2":"type-product","3":"status-publish","4":"has-post-thumbnail","6":"product_cat-ceketler","7":"product_tag-gunluk-giyim-3","8":"product_tag-kadin-modasi","9":"product_tag-siyah-ceket","10":"pa_brand-hooopstore","11":"pa_color-siyah","12":"pa_size-l-xl-2","13":"pa_size-s-m","15":"first","16":"instock","17":"sale","18":"shipping-taxable","19":"purchasable","20":"product-type-variable"},"_links":{"self":[{"href":"https:\/\/mod.wisdar.net\/tr\/wp-json\/wp\/v2\/product\/63951","targetHints":{"allow":["GET"]}}],"collection":[{"href":"https:\/\/mod.wisdar.net\/tr\/wp-json\/wp\/v2\/product"}],"about":[{"href":"https:\/\/mod.wisdar.net\/tr\/wp-json\/wp\/v2\/types\/product"}],"replies":[{"embeddable":true,"href":"https:\/\/mod.wisdar.net\/tr\/wp-json\/wp\/v2\/comments?post=63951"}],"wp:featuredmedia":[{"embeddable":true,"href":"https:\/\/mod.wisdar.net\/tr\/wp-json\/wp\/v2\/media\/63944"}],"wp:attachment":[{"href":"https:\/\/mod.wisdar.net\/tr\/wp-json\/wp\/v2\/media?parent=63951"}],"wp:term":[{"taxonomy":"product_brand","embeddable":true,"href":"https:\/\/mod.wisdar.net\/tr\/wp-json\/wp\/v2\/product_brand?post=63951"},{"taxonomy":"product_cat","embeddable":true,"href":"https:\/\/mod.wisdar.net\/tr\/wp-json\/wp\/v2\/product_cat?post=63951"},{"taxonomy":"product_tag","embeddable":true,"href":"https:\/\/mod.wisdar.net\/tr\/wp-json\/wp\/v2\/product_tag?post=63951"}],"curies":[{"name":"wp","href":"https:\/\/api.w.org\/{rel}","templated":true}]}}