{"id":63993,"date":"2025-11-18T18:05:30","date_gmt":"2025-11-18T18:05:30","guid":{"rendered":"https:\/\/modesthanim.com\/product\/gold-dugmeli-blazer-lacivert-ceket\/"},"modified":"2026-04-10T13:02:20","modified_gmt":"2026-04-10T13:02:20","slug":"gold-dugmeli-blazer-lacivert-ceket","status":"publish","type":"product","link":"https:\/\/mod.wisdar.net\/tr\/urun\/gold-dugmeli-blazer-lacivert-ceket\/","title":{"rendered":"Gold D\u00fc\u011fmeli Blazer Lacivert Ceket"},"content":{"rendered":"<p>Gold D\u00fc\u011fmeli Blazer Ceket \u00d6zellikleri<br \/>\nCeket yaka, \u00f6nden gold d\u00fc\u011fme kapamal\u0131, s\u00fcs fleto cep detayl\u0131, astarl\u0131 ve fit kal\u0131p blazer ceket.<br \/>\n%70 Pes %30 Cot<br \/>\nYaln\u0131zca kuru temizleme yap\u0131n\u0131z.<\/p>\n","protected":false},"excerpt":{"rendered":"<p>Gold D\u00fc\u011fmeli Blazer Ceket \u00d6zellikleri Ceket yaka, \u00f6nden gold d\u00fc\u011fme kapamal\u0131, s\u00fcs fleto cep detayl\u0131, astarl\u0131 ve fit kal\u0131p blazer ceket. %70 Pes %30 Cot Yaln\u0131zca kuru temizleme yap\u0131n\u0131z.<\/p>\n","protected":false},"featured_media":63986,"comment_status":"open","ping_status":"closed","template":"","meta":[],"product_brand":[],"product_cat":[2050],"product_tag":[7943,7238],"class_list":{"0":"post-63993","1":"product","2":"type-product","3":"status-publish","4":"has-post-thumbnail","6":"product_cat-blazer-ceketler","7":"product_tag-blazer","8":"product_tag-lacivert","9":"pa_brand-hooopstore","10":"pa_color-lacivert","11":"pa_size-l-xl-2","12":"pa_size-s-m","14":"first","15":"outofstock","16":"shipping-taxable","17":"product-type-variable"},"_links":{"self":[{"href":"https:\/\/mod.wisdar.net\/tr\/wp-json\/wp\/v2\/product\/63993","targetHints":{"allow":["GET"]}}],"collection":[{"href":"https:\/\/mod.wisdar.net\/tr\/wp-json\/wp\/v2\/product"}],"about":[{"href":"https:\/\/mod.wisdar.net\/tr\/wp-json\/wp\/v2\/types\/product"}],"replies":[{"embeddable":true,"href":"https:\/\/mod.wisdar.net\/tr\/wp-json\/wp\/v2\/comments?post=63993"}],"wp:featuredmedia":[{"embeddable":true,"href":"https:\/\/mod.wisdar.net\/tr\/wp-json\/wp\/v2\/media\/63986"}],"wp:attachment":[{"href":"https:\/\/mod.wisdar.net\/tr\/wp-json\/wp\/v2\/media?parent=63993"}],"wp:term":[{"taxonomy":"product_brand","embeddable":true,"href":"https:\/\/mod.wisdar.net\/tr\/wp-json\/wp\/v2\/product_brand?post=63993"},{"taxonomy":"product_cat","embeddable":true,"href":"https:\/\/mod.wisdar.net\/tr\/wp-json\/wp\/v2\/product_cat?post=63993"},{"taxonomy":"product_tag","embeddable":true,"href":"https:\/\/mod.wisdar.net\/tr\/wp-json\/wp\/v2\/product_tag?post=63993"}],"curies":[{"name":"wp","href":"https:\/\/api.w.org\/{rel}","templated":true}]}}