{"id":64022,"date":"2025-11-18T18:04:17","date_gmt":"2025-11-18T18:04:17","guid":{"rendered":"https:\/\/modesthanim.com\/product\/andera-deri-kemer-detayli-ekru-ceket\/"},"modified":"2026-03-24T06:51:18","modified_gmt":"2026-03-24T06:51:18","slug":"andera-deri-kemer-detayli-ekru-ceket","status":"publish","type":"product","link":"https:\/\/mod.wisdar.net\/tr\/urun\/andera-deri-kemer-detayli-ekru-ceket\/","title":{"rendered":"Andera Deri Kemer Detayl\u0131 Ekru Ceket"},"content":{"rendered":"<p>ANDERA DER\u0130 KEMER DETAYLI EKRU CEKET \u00d6ZELL\u0130KLER\u0130Punto diki\u015fli, kimono yakal\u0131, \u00f6nden cepli, vatkal\u0131, k\u00f6pr\u00fcl\u00fc ve seyyar deri kemerli, astarl\u0131 ceket.Kuma\u015f \u0130\u00e7eri\u011fi ve Y\u0131kama Talimat:%95 Pes %5 LycKuru temizleme yap\u0131n\u0131z.Manken \u00dcr\u00fcn Bedeni: S-MManken \u00d6l\u00e7\u00fcleri: Boy: 1.71 cm, G\u00f6\u011f\u00fcs: 78 cm, Bel: 57 cm, Basen: 87 cm<\/p>\n","protected":false},"excerpt":{"rendered":"<p>ANDERA DER\u0130 KEMER DETAYLI EKRU CEKET \u00d6ZELL\u0130KLER\u0130Punto diki\u015fli, kimono yakal\u0131, \u00f6nden cepli, vatkal\u0131, k\u00f6pr\u00fcl\u00fc ve seyyar deri kemerli, astarl\u0131 ceket.Kuma\u015f \u0130\u00e7eri\u011fi ve Y\u0131kama Talimat:%95 Pes %5 LycKuru temizleme yap\u0131n\u0131z.Manken \u00dcr\u00fcn Bedeni: S-MManken \u00d6l\u00e7\u00fcleri: Boy: 1.71 cm, G\u00f6\u011f\u00fcs: 78 cm, Bel: 57 cm, Basen: 87 cm<\/p>\n","protected":false},"featured_media":64016,"comment_status":"open","ping_status":"closed","template":"","meta":[],"product_brand":[],"product_cat":[2044],"product_tag":[7167,6744,8337],"class_list":{"0":"post-64022","1":"product","2":"type-product","3":"status-publish","4":"has-post-thumbnail","6":"product_cat-ceketler","7":"product_tag-deri-kemer","8":"product_tag-kadin-modasi","9":"product_tag-taba-ceket","10":"pa_brand-hooopstore","11":"pa_color-ekru","12":"pa_size-l-xl-2","13":"pa_size-s-m","15":"first","16":"instock","17":"sale","18":"shipping-taxable","19":"purchasable","20":"product-type-variable"},"_links":{"self":[{"href":"https:\/\/mod.wisdar.net\/tr\/wp-json\/wp\/v2\/product\/64022","targetHints":{"allow":["GET"]}}],"collection":[{"href":"https:\/\/mod.wisdar.net\/tr\/wp-json\/wp\/v2\/product"}],"about":[{"href":"https:\/\/mod.wisdar.net\/tr\/wp-json\/wp\/v2\/types\/product"}],"replies":[{"embeddable":true,"href":"https:\/\/mod.wisdar.net\/tr\/wp-json\/wp\/v2\/comments?post=64022"}],"wp:featuredmedia":[{"embeddable":true,"href":"https:\/\/mod.wisdar.net\/tr\/wp-json\/wp\/v2\/media\/64016"}],"wp:attachment":[{"href":"https:\/\/mod.wisdar.net\/tr\/wp-json\/wp\/v2\/media?parent=64022"}],"wp:term":[{"taxonomy":"product_brand","embeddable":true,"href":"https:\/\/mod.wisdar.net\/tr\/wp-json\/wp\/v2\/product_brand?post=64022"},{"taxonomy":"product_cat","embeddable":true,"href":"https:\/\/mod.wisdar.net\/tr\/wp-json\/wp\/v2\/product_cat?post=64022"},{"taxonomy":"product_tag","embeddable":true,"href":"https:\/\/mod.wisdar.net\/tr\/wp-json\/wp\/v2\/product_tag?post=64022"}],"curies":[{"name":"wp","href":"https:\/\/api.w.org\/{rel}","templated":true}]}}