{"id":64032,"date":"2025-11-18T18:03:29","date_gmt":"2025-11-18T18:03:29","guid":{"rendered":"https:\/\/modesthanim.com\/product\/tas-islemeli-lacivert-denim-ceket\/"},"modified":"2026-03-24T06:44:02","modified_gmt":"2026-03-24T06:44:02","slug":"tas-islemeli-lacivert-denim-ceket","status":"publish","type":"product","link":"https:\/\/mod.wisdar.net\/tr\/urun\/tas-islemeli-lacivert-denim-ceket\/","title":{"rendered":"Ta\u015f \u0130\u015flemeli Lacivert Denim Ceket"},"content":{"rendered":"<p>TA\u015e \u0130\u015eLEMEL\u0130 LAC\u0130VERT DEN\u0130M CEKET \u00d6ZELL\u0130KLER\u0130 V yaka, anvelop kapama, d\u00fc\u015f\u00fck omuz, denim \u00fczerine swarovski ta\u015f bask\u0131l\u0131, kemer k\u00f6pr\u00fcl\u00fc, kendi kuma\u015f\u0131ndan swarovski ta\u015f bask\u0131l\u0131 seyyar kemerli, rahat kal\u0131p astars\u0131z denim ceket.Kuma\u015f \u0130\u00e7eri\u011fi ve Y\u0131kama Talimat:%98 Pamuk %2 LikraKuru temizleme yap\u0131n\u0131z.So\u011fuk suda y\u0131kay\u0131n\u0131z, kurutma makinesi kullanmay\u0131n\u0131z.Manken \u00dcr\u00fcn Bedeni: S-MManken \u00d6l\u00e7\u00fcleri: Boy: 1.72 cm, G\u00f6\u011f\u00fcs: 80 cm, Bel: 60 cm, Basen: 90 cm<\/p>\n","protected":false},"excerpt":{"rendered":"<p>TA\u015e \u0130\u015eLEMEL\u0130 LAC\u0130VERT DEN\u0130M CEKET \u00d6ZELL\u0130KLER\u0130 V yaka, anvelop kapama, d\u00fc\u015f\u00fck omuz, denim \u00fczerine swarovski ta\u015f bask\u0131l\u0131, kemer k\u00f6pr\u00fcl\u00fc, kendi kuma\u015f\u0131ndan swarovski ta\u015f bask\u0131l\u0131 seyyar kemerli, rahat kal\u0131p astars\u0131z denim ceket.Kuma\u015f \u0130\u00e7eri\u011fi ve Y\u0131kama Talimat:%98 Pamuk %2 LikraKuru temizleme yap\u0131n\u0131z.So\u011fuk suda y\u0131kay\u0131n\u0131z, kurutma makinesi kullanmay\u0131n\u0131z.Manken \u00dcr\u00fcn Bedeni: S-MManken \u00d6l\u00e7\u00fcleri: Boy: 1.72 cm, G\u00f6\u011f\u00fcs: 80 cm, [&hellip;]<\/p>\n","protected":false},"featured_media":64025,"comment_status":"open","ping_status":"closed","template":"","meta":[],"product_brand":[],"product_cat":[2044],"product_tag":[6744,7238],"class_list":{"0":"post-64032","1":"product","2":"type-product","3":"status-publish","4":"has-post-thumbnail","6":"product_cat-ceketler","7":"product_tag-kadin-modasi","8":"product_tag-lacivert","9":"pa_brand-hooopstore","10":"pa_color-lacivert","11":"pa_size-l-xl-2","12":"pa_size-s-m","14":"first","15":"instock","16":"sale","17":"shipping-taxable","18":"purchasable","19":"product-type-variable"},"_links":{"self":[{"href":"https:\/\/mod.wisdar.net\/tr\/wp-json\/wp\/v2\/product\/64032","targetHints":{"allow":["GET"]}}],"collection":[{"href":"https:\/\/mod.wisdar.net\/tr\/wp-json\/wp\/v2\/product"}],"about":[{"href":"https:\/\/mod.wisdar.net\/tr\/wp-json\/wp\/v2\/types\/product"}],"replies":[{"embeddable":true,"href":"https:\/\/mod.wisdar.net\/tr\/wp-json\/wp\/v2\/comments?post=64032"}],"wp:featuredmedia":[{"embeddable":true,"href":"https:\/\/mod.wisdar.net\/tr\/wp-json\/wp\/v2\/media\/64025"}],"wp:attachment":[{"href":"https:\/\/mod.wisdar.net\/tr\/wp-json\/wp\/v2\/media?parent=64032"}],"wp:term":[{"taxonomy":"product_brand","embeddable":true,"href":"https:\/\/mod.wisdar.net\/tr\/wp-json\/wp\/v2\/product_brand?post=64032"},{"taxonomy":"product_cat","embeddable":true,"href":"https:\/\/mod.wisdar.net\/tr\/wp-json\/wp\/v2\/product_cat?post=64032"},{"taxonomy":"product_tag","embeddable":true,"href":"https:\/\/mod.wisdar.net\/tr\/wp-json\/wp\/v2\/product_tag?post=64032"}],"curies":[{"name":"wp","href":"https:\/\/api.w.org\/{rel}","templated":true}]}}