{"id":64051,"date":"2025-11-18T18:02:30","date_gmt":"2025-11-18T18:02:30","guid":{"rendered":"https:\/\/modesthanim.com\/product\/fermuar-detayli-bomber-siyah-ceket\/"},"modified":"2026-01-15T08:03:36","modified_gmt":"2026-01-15T08:03:36","slug":"fermuar-detayli-bomber-siyah-ceket","status":"publish","type":"product","link":"https:\/\/mod.wisdar.net\/tr\/urun\/fermuar-detayli-bomber-siyah-ceket\/","title":{"rendered":"Fermuar Detayl\u0131 Bomber Siyah Ceket"},"content":{"rendered":"<p>Fermuar Detayl\u0131 Bomber Ceket \u00d6zellikleri<br \/>\n\u00d6nden fermuar kapamal\u0131, yanlardan cepli, astars\u0131z compact pamuk kuma\u015ftan ceket.<br \/>\n%90 Pamuk %10 Viskon<br \/>\nMaksimum 30 derecede y\u0131kama yap\u0131n\u0131z. D\u00fc\u015f\u00fck s\u0131cakl\u0131kta \u00fct\u00fcleyiniz.<\/p>\n","protected":false},"excerpt":{"rendered":"<p>Fermuar Detayl\u0131 Bomber Ceket \u00d6zellikleri \u00d6nden fermuar kapamal\u0131, yanlardan cepli, astars\u0131z compact pamuk kuma\u015ftan ceket. %90 Pamuk %10 Viskon Maksimum 30 derecede y\u0131kama yap\u0131n\u0131z. D\u00fc\u015f\u00fck s\u0131cakl\u0131kta \u00fct\u00fcleyiniz.<\/p>\n","protected":false},"featured_media":64045,"comment_status":"open","ping_status":"closed","template":"","meta":[],"product_brand":[],"product_cat":[2044],"product_tag":[7428,7426,7488,7974],"class_list":{"0":"post-64051","1":"product","2":"type-product","3":"status-publish","4":"has-post-thumbnail","6":"product_cat-ceketler","7":"product_tag-fermuar-detayi","8":"product_tag-gunluk-giyim-3","9":"product_tag-pamuk","10":"product_tag-siyah-ceket","11":"pa_brand-hooopstore","12":"pa_color-siyah","13":"pa_size-m-l","14":"pa_size-s-m","16":"first","17":"instock","18":"sale","19":"shipping-taxable","20":"purchasable","21":"product-type-variable"},"_links":{"self":[{"href":"https:\/\/mod.wisdar.net\/tr\/wp-json\/wp\/v2\/product\/64051","targetHints":{"allow":["GET"]}}],"collection":[{"href":"https:\/\/mod.wisdar.net\/tr\/wp-json\/wp\/v2\/product"}],"about":[{"href":"https:\/\/mod.wisdar.net\/tr\/wp-json\/wp\/v2\/types\/product"}],"replies":[{"embeddable":true,"href":"https:\/\/mod.wisdar.net\/tr\/wp-json\/wp\/v2\/comments?post=64051"}],"wp:featuredmedia":[{"embeddable":true,"href":"https:\/\/mod.wisdar.net\/tr\/wp-json\/wp\/v2\/media\/64045"}],"wp:attachment":[{"href":"https:\/\/mod.wisdar.net\/tr\/wp-json\/wp\/v2\/media?parent=64051"}],"wp:term":[{"taxonomy":"product_brand","embeddable":true,"href":"https:\/\/mod.wisdar.net\/tr\/wp-json\/wp\/v2\/product_brand?post=64051"},{"taxonomy":"product_cat","embeddable":true,"href":"https:\/\/mod.wisdar.net\/tr\/wp-json\/wp\/v2\/product_cat?post=64051"},{"taxonomy":"product_tag","embeddable":true,"href":"https:\/\/mod.wisdar.net\/tr\/wp-json\/wp\/v2\/product_tag?post=64051"}],"curies":[{"name":"wp","href":"https:\/\/api.w.org\/{rel}","templated":true}]}}