{"id":64077,"date":"2025-11-20T19:55:51","date_gmt":"2025-11-20T19:55:51","guid":{"rendered":"https:\/\/modesthanim.com\/product\/julide-elbise-aci-kahve\/"},"modified":"2026-04-15T21:47:00","modified_gmt":"2026-04-15T21:47:00","slug":"julide-elbise-aci-kahve","status":"publish","type":"product","link":"https:\/\/mod.wisdar.net\/tr\/urun\/julide-elbise-aci-kahve\/","title":{"rendered":"J\u00fclide Elbise Ac\u0131 Kahve"},"content":{"rendered":"<p>Elbise 1. S\u0131n\u0131f Deri Kuma\u015ftan \u00dcretilmi\u015ftir<br \/>\nElbise Tam Boy D\u00fc\u011fmelidir<br \/>\nElbise Kemerlidir<br \/>\nElbise \u00d6l\u00e7\u00fcleri: Boy 142cm, Omuz 35cm, G\u00f6\u011f\u00fcs 45cm, Bel 34cm<\/p>\n<p>\u2014 Teknik Detaylar \u2014<br \/>\nBoy: 142cm<br \/>\nOmuz: 35cm<br \/>\nG\u00f6\u011f\u00fcs: 45cm<br \/>\nBel: 34cm<\/p>\n","protected":false},"excerpt":{"rendered":"<p>Elbise 1. S\u0131n\u0131f Deri Kuma\u015ftan \u00dcretilmi\u015ftir Elbise Tam Boy D\u00fc\u011fmelidir Elbise Kemerlidir Elbise \u00d6l\u00e7\u00fcleri: Boy 142cm, Omuz 35cm, G\u00f6\u011f\u00fcs 45cm, Bel 34cm \u2014 Teknik Detaylar \u2014 Boy: 142cm Omuz: 35cm G\u00f6\u011f\u00fcs: 45cm Bel: 34cm<\/p>\n","protected":false},"featured_media":64074,"comment_status":"open","ping_status":"closed","template":"","meta":[],"product_brand":[],"product_cat":[6249],"product_tag":[7523],"class_list":{"0":"post-64077","1":"product","2":"type-product","3":"status-publish","4":"has-post-thumbnail","6":"product_cat-elbiseler","7":"product_tag-dress","8":"pa_brand-butikkolik","9":"pa_color-aci-kahve-1","10":"pa_size-l-40","11":"pa_size-m-38","12":"pa_size-s-36","13":"pa_size-xl-42","14":"pa_size-xxl-44","16":"first","17":"outofstock","18":"shipping-taxable","19":"product-type-variable"},"_links":{"self":[{"href":"https:\/\/mod.wisdar.net\/tr\/wp-json\/wp\/v2\/product\/64077","targetHints":{"allow":["GET"]}}],"collection":[{"href":"https:\/\/mod.wisdar.net\/tr\/wp-json\/wp\/v2\/product"}],"about":[{"href":"https:\/\/mod.wisdar.net\/tr\/wp-json\/wp\/v2\/types\/product"}],"replies":[{"embeddable":true,"href":"https:\/\/mod.wisdar.net\/tr\/wp-json\/wp\/v2\/comments?post=64077"}],"wp:featuredmedia":[{"embeddable":true,"href":"https:\/\/mod.wisdar.net\/tr\/wp-json\/wp\/v2\/media\/64074"}],"wp:attachment":[{"href":"https:\/\/mod.wisdar.net\/tr\/wp-json\/wp\/v2\/media?parent=64077"}],"wp:term":[{"taxonomy":"product_brand","embeddable":true,"href":"https:\/\/mod.wisdar.net\/tr\/wp-json\/wp\/v2\/product_brand?post=64077"},{"taxonomy":"product_cat","embeddable":true,"href":"https:\/\/mod.wisdar.net\/tr\/wp-json\/wp\/v2\/product_cat?post=64077"},{"taxonomy":"product_tag","embeddable":true,"href":"https:\/\/mod.wisdar.net\/tr\/wp-json\/wp\/v2\/product_tag?post=64077"}],"curies":[{"name":"wp","href":"https:\/\/api.w.org\/{rel}","templated":true}]}}