{"id":64104,"date":"2025-11-20T19:53:24","date_gmt":"2025-11-20T19:53:24","guid":{"rendered":"https:\/\/modesthanim.com\/product\/derin-elbise-siyah\/"},"modified":"2026-03-17T12:07:45","modified_gmt":"2026-03-17T12:07:45","slug":"derin-elbise-siyah","status":"publish","type":"product","link":"https:\/\/mod.wisdar.net\/tr\/urun\/derin-elbise-siyah\/","title":{"rendered":"Derin Elbise Siyah"},"content":{"rendered":"<p>Derin Elbise<br \/>\nElbise ile birlikte seyyar yaka aksesuar\u0131 bulunmaktad\u0131r<br \/>\nElbise yandan fermuarl\u0131 tasar\u0131ma sahiptir<br \/>\nElbise seyyar kemer ile birlikte gelmektedir<br \/>\nElbise \u00f6l\u00e7\u00fcleri: Boy 138cm, Omuz 40cm, G\u00f6\u011f\u00fcs 52cm, Bel 40cm<\/p>\n","protected":false},"excerpt":{"rendered":"<p>Derin Elbise Elbise ile birlikte seyyar yaka aksesuar\u0131 bulunmaktad\u0131r Elbise yandan fermuarl\u0131 tasar\u0131ma sahiptir Elbise seyyar kemer ile birlikte gelmektedir Elbise \u00f6l\u00e7\u00fcleri: Boy 138cm, Omuz 40cm, G\u00f6\u011f\u00fcs 52cm, Bel 40cm<\/p>\n","protected":false},"featured_media":64101,"comment_status":"open","ping_status":"closed","template":"","meta":[],"product_brand":[],"product_cat":[6249],"product_tag":[7523],"class_list":{"0":"post-64104","1":"product","2":"type-product","3":"status-publish","4":"has-post-thumbnail","6":"product_cat-elbiseler","7":"product_tag-dress","8":"pa_brand-butikkolik","9":"pa_color-siyah","10":"pa_size-4706","11":"pa_size-4711","12":"pa_size-4713","13":"pa_size-4751","15":"first","16":"outofstock","17":"shipping-taxable","18":"product-type-variable"},"_links":{"self":[{"href":"https:\/\/mod.wisdar.net\/tr\/wp-json\/wp\/v2\/product\/64104","targetHints":{"allow":["GET"]}}],"collection":[{"href":"https:\/\/mod.wisdar.net\/tr\/wp-json\/wp\/v2\/product"}],"about":[{"href":"https:\/\/mod.wisdar.net\/tr\/wp-json\/wp\/v2\/types\/product"}],"replies":[{"embeddable":true,"href":"https:\/\/mod.wisdar.net\/tr\/wp-json\/wp\/v2\/comments?post=64104"}],"wp:featuredmedia":[{"embeddable":true,"href":"https:\/\/mod.wisdar.net\/tr\/wp-json\/wp\/v2\/media\/64101"}],"wp:attachment":[{"href":"https:\/\/mod.wisdar.net\/tr\/wp-json\/wp\/v2\/media?parent=64104"}],"wp:term":[{"taxonomy":"product_brand","embeddable":true,"href":"https:\/\/mod.wisdar.net\/tr\/wp-json\/wp\/v2\/product_brand?post=64104"},{"taxonomy":"product_cat","embeddable":true,"href":"https:\/\/mod.wisdar.net\/tr\/wp-json\/wp\/v2\/product_cat?post=64104"},{"taxonomy":"product_tag","embeddable":true,"href":"https:\/\/mod.wisdar.net\/tr\/wp-json\/wp\/v2\/product_tag?post=64104"}],"curies":[{"name":"wp","href":"https:\/\/api.w.org\/{rel}","templated":true}]}}