{"id":64120,"date":"2025-11-20T19:48:21","date_gmt":"2025-11-20T19:48:21","guid":{"rendered":"https:\/\/modesthanim.com\/product\/aygun-elbise-murdum\/"},"modified":"2026-03-23T18:56:28","modified_gmt":"2026-03-23T18:56:28","slug":"aygun-elbise-murdum","status":"publish","type":"product","link":"https:\/\/mod.wisdar.net\/tr\/urun\/aygun-elbise-murdum\/","title":{"rendered":"Ayg\u00fcn Elbise M\u00fcrd\u00fcm"},"content":{"rendered":"<p>Elbise 1.S\u0131n\u0131f S\u00fcet Kuma\u015ft\u0131r<br \/>\nElbise Bisiklet Yakad\u0131r<br \/>\nElbise Yaka Arkas\u0131ndan Fermuarl\u0131d\u0131r<br \/>\nElbise Cepli Ve Kemerlidir<br \/>\nElbise Boy 137cm Omuz 37cm G\u00f6\u011f\u00fcs 45cm Bel 40<\/p>\n<p>\u2014 Technical Details \u2014<br \/>\nboy: 137cm<br \/>\nomuz: 37cm<br \/>\ng\u00f6\u011f\u00fcs: 45cm<br \/>\nbel: 40cm<\/p>\n","protected":false},"excerpt":{"rendered":"<p>Elbise 1.S\u0131n\u0131f S\u00fcet Kuma\u015ft\u0131r Elbise Bisiklet Yakad\u0131r Elbise Yaka Arkas\u0131ndan Fermuarl\u0131d\u0131r Elbise Cepli Ve Kemerlidir Elbise Boy 137cm Omuz 37cm G\u00f6\u011f\u00fcs 45cm Bel 40 \u2014 Technical Details \u2014 boy: 137cm omuz: 37cm g\u00f6\u011f\u00fcs: 45cm bel: 40cm<\/p>\n","protected":false},"featured_media":64117,"comment_status":"open","ping_status":"closed","template":"","meta":[],"product_brand":[],"product_cat":[6249],"product_tag":[6744,8299,6745],"class_list":{"0":"post-64120","1":"product","2":"type-product","3":"status-publish","4":"has-post-thumbnail","6":"product_cat-elbiseler","7":"product_tag-kadin-modasi","8":"product_tag-kemerli-elbise","9":"product_tag-zarif-elbise","10":"pa_brand-butikkolik","11":"pa_color-murdum","12":"pa_size-4706","13":"pa_size-4711","14":"pa_size-4713","15":"pa_size-4751","17":"first","18":"instock","19":"sale","20":"shipping-taxable","21":"purchasable","22":"product-type-variable"},"_links":{"self":[{"href":"https:\/\/mod.wisdar.net\/tr\/wp-json\/wp\/v2\/product\/64120","targetHints":{"allow":["GET"]}}],"collection":[{"href":"https:\/\/mod.wisdar.net\/tr\/wp-json\/wp\/v2\/product"}],"about":[{"href":"https:\/\/mod.wisdar.net\/tr\/wp-json\/wp\/v2\/types\/product"}],"replies":[{"embeddable":true,"href":"https:\/\/mod.wisdar.net\/tr\/wp-json\/wp\/v2\/comments?post=64120"}],"wp:featuredmedia":[{"embeddable":true,"href":"https:\/\/mod.wisdar.net\/tr\/wp-json\/wp\/v2\/media\/64117"}],"wp:attachment":[{"href":"https:\/\/mod.wisdar.net\/tr\/wp-json\/wp\/v2\/media?parent=64120"}],"wp:term":[{"taxonomy":"product_brand","embeddable":true,"href":"https:\/\/mod.wisdar.net\/tr\/wp-json\/wp\/v2\/product_brand?post=64120"},{"taxonomy":"product_cat","embeddable":true,"href":"https:\/\/mod.wisdar.net\/tr\/wp-json\/wp\/v2\/product_cat?post=64120"},{"taxonomy":"product_tag","embeddable":true,"href":"https:\/\/mod.wisdar.net\/tr\/wp-json\/wp\/v2\/product_tag?post=64120"}],"curies":[{"name":"wp","href":"https:\/\/api.w.org\/{rel}","templated":true}]}}