{"id":64154,"date":"2025-11-20T19:42:20","date_gmt":"2025-11-20T19:42:20","guid":{"rendered":"https:\/\/modesthanim.com\/product\/aller-detayli-compact-pamuklu-siyah-elbise\/"},"modified":"2026-02-09T08:03:31","modified_gmt":"2026-02-09T08:03:31","slug":"aller-detayli-compact-pamuklu-siyah-elbise","status":"publish","type":"product","link":"https:\/\/mod.wisdar.net\/tr\/urun\/aller-detayli-compact-pamuklu-siyah-elbise\/","title":{"rendered":"Aller Detayl\u0131 Compact Pamuklu Siyah Elbise"},"content":{"rendered":"<p>ALLER DETAYLI COMPACT PAMUKLU S\u0130YAH ELB\u0130SE \u00d6ZELL\u0130KLER\u0130 Bisiklet yaka, arkadan gizli fermuarl\u0131, vatkal\u0131, kendi kuma\u015f\u0131ndan seyyar ku\u015fakl\u0131, gizli cep detayl\u0131, normal kal\u0131p, astars\u0131z aller detayl\u0131 compact pamuklu elbise. \u0130\u00c7ER\u0130\u011e\u0130 VE YIKANMASI %90 Pamuk %10 Viscon 30 derecede hassas, sentetik ve narin programlar\u0131 ile y\u0131kanmal\u0131d\u0131r. El ile \u00f6l\u00e7\u00fcmlerde 2-3 cm farkl\u0131l\u0131k g\u00f6sterebilir. Manken Bedeni: S-M Manken \u00d6l\u00e7\u00fcs\u00fc: Boy: 1.78 cm, G\u00f6\u011f\u00fcs: 90 cm, Bel: 62 cm, Basen: 92 cm<\/p>\n<p>\u2014 Technical Details \u2014<br \/>\nwashing_instructions: 30 derecede hassas, sentetik ve narin programlar\u0131 ile y\u0131kanmal\u0131d\u0131r<br \/>\nfit: normal kal\u0131p<\/p>\n","protected":false},"excerpt":{"rendered":"<p>ALLER DETAYLI COMPACT PAMUKLU S\u0130YAH ELB\u0130SE \u00d6ZELL\u0130KLER\u0130 Bisiklet yaka, arkadan gizli fermuarl\u0131, vatkal\u0131, kendi kuma\u015f\u0131ndan seyyar ku\u015fakl\u0131, gizli cep detayl\u0131, normal kal\u0131p, astars\u0131z aller detayl\u0131 compact pamuklu elbise. \u0130\u00c7ER\u0130\u011e\u0130 VE YIKANMASI %90 Pamuk %10 Viscon 30 derecede hassas, sentetik ve narin programlar\u0131 ile y\u0131kanmal\u0131d\u0131r. El ile \u00f6l\u00e7\u00fcmlerde 2-3 cm farkl\u0131l\u0131k g\u00f6sterebilir. Manken Bedeni: S-M Manken [&hellip;]<\/p>\n","protected":false},"featured_media":64147,"comment_status":"open","ping_status":"closed","template":"","meta":[],"product_brand":[],"product_cat":[6249],"product_tag":[7488,7074],"class_list":{"0":"post-64154","1":"product","2":"type-product","3":"status-publish","4":"has-post-thumbnail","6":"product_cat-elbiseler","7":"product_tag-pamuk","8":"product_tag-siyah","9":"pa_brand-hooopstore","10":"pa_color-siyah","11":"pa_size-l-xl-2","12":"pa_size-s-m","14":"first","15":"instock","16":"sale","17":"shipping-taxable","18":"purchasable","19":"product-type-variable"},"_links":{"self":[{"href":"https:\/\/mod.wisdar.net\/tr\/wp-json\/wp\/v2\/product\/64154","targetHints":{"allow":["GET"]}}],"collection":[{"href":"https:\/\/mod.wisdar.net\/tr\/wp-json\/wp\/v2\/product"}],"about":[{"href":"https:\/\/mod.wisdar.net\/tr\/wp-json\/wp\/v2\/types\/product"}],"replies":[{"embeddable":true,"href":"https:\/\/mod.wisdar.net\/tr\/wp-json\/wp\/v2\/comments?post=64154"}],"wp:featuredmedia":[{"embeddable":true,"href":"https:\/\/mod.wisdar.net\/tr\/wp-json\/wp\/v2\/media\/64147"}],"wp:attachment":[{"href":"https:\/\/mod.wisdar.net\/tr\/wp-json\/wp\/v2\/media?parent=64154"}],"wp:term":[{"taxonomy":"product_brand","embeddable":true,"href":"https:\/\/mod.wisdar.net\/tr\/wp-json\/wp\/v2\/product_brand?post=64154"},{"taxonomy":"product_cat","embeddable":true,"href":"https:\/\/mod.wisdar.net\/tr\/wp-json\/wp\/v2\/product_cat?post=64154"},{"taxonomy":"product_tag","embeddable":true,"href":"https:\/\/mod.wisdar.net\/tr\/wp-json\/wp\/v2\/product_tag?post=64154"}],"curies":[{"name":"wp","href":"https:\/\/api.w.org\/{rel}","templated":true}]}}