{"id":64174,"date":"2025-11-20T19:41:51","date_gmt":"2025-11-20T19:41:51","guid":{"rendered":"https:\/\/modesthanim.com\/product\/aller-detayli-compact-pamuklu-lacivert-elbise\/"},"modified":"2026-04-15T20:32:19","modified_gmt":"2026-04-15T20:32:19","slug":"aller-detayli-compact-pamuklu-lacivert-elbise","status":"publish","type":"product","link":"https:\/\/mod.wisdar.net\/tr\/urun\/aller-detayli-compact-pamuklu-lacivert-elbise\/","title":{"rendered":"Aller Detayl\u0131 Compact Pamuklu Lacivert Elbise"},"content":{"rendered":"<p>ALLER DETAYLI COMPACT PAMUKLU LAC\u0130VERT ELB\u0130SE \u00d6ZELL\u0130KLER\u0130 Bisiklet yaka, arkadan gizli fermuarl\u0131, vatkal\u0131, kendi kuma\u015f\u0131ndan seyyar ku\u015fakl\u0131, gizli cep detayl\u0131, normal kal\u0131p, astars\u0131z aller detayl\u0131 compact pamuklu elbise. \u0130\u00c7ER\u0130\u011e\u0130 VE YIKANMASI %90 Pamuk %10 Viscon 30 derecede hassas, sentetik ve narin programlar\u0131 ile y\u0131kanmal\u0131d\u0131r. El ile \u00f6l\u00e7\u00fcmlerde 2-3 cm farkl\u0131l\u0131k g\u00f6sterebilir. Manken Bedeni: S-M Manken \u00d6l\u00e7\u00fcs\u00fc: Boy: 1.76 cm, G\u00f6\u011f\u00fcs: 79 cm, Bel: 64 cm, Basen: 92 cm<\/p>\n","protected":false},"excerpt":{"rendered":"<p>ALLER DETAYLI COMPACT PAMUKLU LAC\u0130VERT ELB\u0130SE \u00d6ZELL\u0130KLER\u0130 Bisiklet yaka, arkadan gizli fermuarl\u0131, vatkal\u0131, kendi kuma\u015f\u0131ndan seyyar ku\u015fakl\u0131, gizli cep detayl\u0131, normal kal\u0131p, astars\u0131z aller detayl\u0131 compact pamuklu elbise. \u0130\u00c7ER\u0130\u011e\u0130 VE YIKANMASI %90 Pamuk %10 Viscon 30 derecede hassas, sentetik ve narin programlar\u0131 ile y\u0131kanmal\u0131d\u0131r. El ile \u00f6l\u00e7\u00fcmlerde 2-3 cm farkl\u0131l\u0131k g\u00f6sterebilir. Manken Bedeni: S-M Manken [&hellip;]<\/p>\n","protected":false},"featured_media":64167,"comment_status":"open","ping_status":"closed","template":"","meta":[],"product_brand":[],"product_cat":[6249],"product_tag":[7523],"class_list":{"0":"post-64174","1":"product","2":"type-product","3":"status-publish","4":"has-post-thumbnail","6":"product_cat-elbiseler","7":"product_tag-dress","8":"pa_brand-hooopstore","9":"pa_color-lacivert","10":"pa_size-l-xl-2","11":"pa_size-s-m","13":"first","14":"instock","15":"sale","16":"shipping-taxable","17":"purchasable","18":"product-type-variable"},"_links":{"self":[{"href":"https:\/\/mod.wisdar.net\/tr\/wp-json\/wp\/v2\/product\/64174","targetHints":{"allow":["GET"]}}],"collection":[{"href":"https:\/\/mod.wisdar.net\/tr\/wp-json\/wp\/v2\/product"}],"about":[{"href":"https:\/\/mod.wisdar.net\/tr\/wp-json\/wp\/v2\/types\/product"}],"replies":[{"embeddable":true,"href":"https:\/\/mod.wisdar.net\/tr\/wp-json\/wp\/v2\/comments?post=64174"}],"wp:featuredmedia":[{"embeddable":true,"href":"https:\/\/mod.wisdar.net\/tr\/wp-json\/wp\/v2\/media\/64167"}],"wp:attachment":[{"href":"https:\/\/mod.wisdar.net\/tr\/wp-json\/wp\/v2\/media?parent=64174"}],"wp:term":[{"taxonomy":"product_brand","embeddable":true,"href":"https:\/\/mod.wisdar.net\/tr\/wp-json\/wp\/v2\/product_brand?post=64174"},{"taxonomy":"product_cat","embeddable":true,"href":"https:\/\/mod.wisdar.net\/tr\/wp-json\/wp\/v2\/product_cat?post=64174"},{"taxonomy":"product_tag","embeddable":true,"href":"https:\/\/mod.wisdar.net\/tr\/wp-json\/wp\/v2\/product_tag?post=64174"}],"curies":[{"name":"wp","href":"https:\/\/api.w.org\/{rel}","templated":true}]}}