{"id":64292,"date":"2025-12-15T08:25:35","date_gmt":"2025-12-15T08:25:35","guid":{"rendered":"https:\/\/modesthanim.com\/product\/denizci-yaka-elbise-kahverengi\/"},"modified":"2026-04-10T12:00:55","modified_gmt":"2026-04-10T12:00:55","slug":"denizci-yaka-elbise-kahverengi","status":"publish","type":"product","link":"https:\/\/mod.wisdar.net\/tr\/urun\/denizci-yaka-elbise-kahverengi\/","title":{"rendered":"Denizci Yaka Elbise Kahverengi"},"content":{"rendered":"<p>Beden Yard\u0131m Rehberi <\/p>\n<p>BEDEN KILAVUZU<\/p>\n<p>\u00a0<\/p>\n<p>\t\t\t\u00d6l\u00e7\u00fcler<br \/>\n\t\t\tS<br \/>\n\t\t\tM<br \/>\n\t\t\tL<br \/>\n\t\t\tXL<\/p>\n<p>\t\t\tBoy<br \/>\n\t\t\t142,5 cm<br \/>\n\t\t\t143,0 cm<br \/>\n\t\t\t143,5 cm<br \/>\n\t\t\t144,0 cm<\/p>\n<p>\t\t\tG\u00f6\u011f\u00fcs \u00c7evresi<br \/>\n\t\t\t88 cm<br \/>\n\t\t\t92 cm<br \/>\n\t\t\t96 cm<br \/>\n\t\t\t100 cm<\/p>\n<p>\t\t\tKol Boyu<br \/>\n\t\t\t54,0 cm<br \/>\n\t\t\t54,5 cm<br \/>\n\t\t\t55,0 cm<br \/>\n\t\t\t55,5 cm\t<\/p>\n<p>\u2014 Technical Details \u2014<br \/>\n\u00dcr\u00fcn Hakk\u0131nda: Ceplidir.<br \/>\nMarka: Minik Terzi<br \/>\nSezon: MEVS\u0130ML\u0130K<br \/>\nCinsiyet: Kad\u0131n<br \/>\nMalzeme: Pes<br \/>\nKuma\u015f \u0130\u00e7eri\u011fi: %100 Pes<br \/>\nKal\u0131p: Dar Kal\u0131p<br \/>\nKol Boyu: Uzun Kollu<br \/>\nManken \u00d6l\u00e7\u00fcleri: 1,76<br \/>\nMankenin Giydi\u011fi Beden: S Beden<br \/>\nA\u00e7\u0131klama: Astars\u0131zd\u0131r.<\/p>\n","protected":false},"excerpt":{"rendered":"<p>Beden Yard\u0131m Rehberi BEDEN KILAVUZU \u00a0 \u00d6l\u00e7\u00fcler S M L XL Boy 142,5 cm 143,0 cm 143,5 cm 144,0 cm G\u00f6\u011f\u00fcs \u00c7evresi 88 cm 92 cm 96 cm 100 cm Kol Boyu 54,0 cm 54,5 cm 55,0 cm 55,5 cm \u2014 Technical Details \u2014 \u00dcr\u00fcn Hakk\u0131nda: Ceplidir. Marka: Minik Terzi Sezon: MEVS\u0130ML\u0130K Cinsiyet: Kad\u0131n Malzeme: [&hellip;]<\/p>\n","protected":false},"featured_media":64278,"comment_status":"open","ping_status":"closed","template":"","meta":[],"product_brand":[],"product_cat":[6249,1933],"product_tag":[6744,8437,6750,7310,6768],"class_list":{"0":"post-64292","1":"product","2":"type-product","3":"status-publish","4":"has-post-thumbnail","6":"product_cat-elbiseler","7":"product_cat-gunluk-ve-gunduz-elbiseleri","8":"product_tag-kadin-modasi","9":"product_tag-kahve-elbise-2","10":"product_tag-polyester-elbise","11":"product_tag-slim-fit","12":"product_tag-uzun-kol","13":"pa_brand-minik-terzi","14":"pa_color-kahverengi","15":"pa_size-l","16":"pa_size-m","17":"pa_size-s","18":"pa_size-xl","20":"first","21":"instock","22":"sale","23":"shipping-taxable","24":"purchasable","25":"product-type-variable"},"_links":{"self":[{"href":"https:\/\/mod.wisdar.net\/tr\/wp-json\/wp\/v2\/product\/64292","targetHints":{"allow":["GET"]}}],"collection":[{"href":"https:\/\/mod.wisdar.net\/tr\/wp-json\/wp\/v2\/product"}],"about":[{"href":"https:\/\/mod.wisdar.net\/tr\/wp-json\/wp\/v2\/types\/product"}],"replies":[{"embeddable":true,"href":"https:\/\/mod.wisdar.net\/tr\/wp-json\/wp\/v2\/comments?post=64292"}],"wp:featuredmedia":[{"embeddable":true,"href":"https:\/\/mod.wisdar.net\/tr\/wp-json\/wp\/v2\/media\/64278"}],"wp:attachment":[{"href":"https:\/\/mod.wisdar.net\/tr\/wp-json\/wp\/v2\/media?parent=64292"}],"wp:term":[{"taxonomy":"product_brand","embeddable":true,"href":"https:\/\/mod.wisdar.net\/tr\/wp-json\/wp\/v2\/product_brand?post=64292"},{"taxonomy":"product_cat","embeddable":true,"href":"https:\/\/mod.wisdar.net\/tr\/wp-json\/wp\/v2\/product_cat?post=64292"},{"taxonomy":"product_tag","embeddable":true,"href":"https:\/\/mod.wisdar.net\/tr\/wp-json\/wp\/v2\/product_tag?post=64292"}],"curies":[{"name":"wp","href":"https:\/\/api.w.org\/{rel}","templated":true}]}}