{"id":64433,"date":"2025-12-14T18:46:46","date_gmt":"2025-12-14T18:46:46","guid":{"rendered":"https:\/\/modesthanim.com\/product\/klos-etek-aci-kahve\/"},"modified":"2026-02-19T21:28:46","modified_gmt":"2026-02-19T21:28:46","slug":"klos-etek-aci-kahve","status":"publish","type":"product","link":"https:\/\/mod.wisdar.net\/tr\/urun\/klos-etek-aci-kahve\/","title":{"rendered":"Klo\u015f Etek Ac\u0131 kahve"},"content":{"rendered":"<p>Bu \u015f\u0131k klo\u015f etek, d\u00f6rt mevsim rahatl\u0131kla kullanabilece\u011finiz zamans\u0131z bir tasar\u0131ma sahiptir. %62 PES, %33 viskon ve %5 elastan i\u00e7eri\u011fi sayesinde hem esnek hem de d\u00f6k\u00fcml\u00fc bir form sunar. Bando gabardin kuma\u015f\u0131, dayan\u0131kl\u0131l\u0131\u011f\u0131 ve p\u00fcr\u00fczs\u00fcz dokusuyla uzun s\u00fcreli kullan\u0131m sa\u011flar. Astars\u0131z yap\u0131s\u0131 ve i\u00e7 g\u00f6stermeyen dokusuyla ekstra konfor sunan bu model, zarif ac\u0131 kahve rengi ile gard\u0131robunuzun vazge\u00e7ilmez par\u00e7alar\u0131ndan biri olmaya aday. \u0130ster g\u00fcnl\u00fck kombinlerinizde, ister \u00f6zel g\u00fcnlerde \u015f\u0131k bir g\u00f6r\u00fcn\u00fcm i\u00e7in tercih edebilirsiniz. Rahat kal\u0131b\u0131 ve ak\u0131c\u0131 duru\u015fuyla feminen bir siluet yarat\u0131r.<\/p>\n<p>\u2014 Technical Details \u2014<br \/>\nMarka: Minik Terzi<br \/>\nSezon: KI\u015e<br \/>\nCinsiyet: Kad\u0131n<br \/>\nMalzeme: Pamuk \/ Polyester<br \/>\nKuma\u015f \u0130\u00e7eri\u011fi: %63 Pes %33 Viskon %4 Ea<br \/>\nKal\u0131p: Tam Kal\u0131p<br \/>\nManken \u00d6l\u00e7\u00fcleri: 1,75<br \/>\nMankenin Giydi\u011fi Beden: S Beden<br \/>\nA\u00e7\u0131klama: Astars\u0131zd\u0131r, i\u00e7 g\u00f6stermez.<\/p>\n","protected":false},"excerpt":{"rendered":"<p>Bu \u015f\u0131k klo\u015f etek, d\u00f6rt mevsim rahatl\u0131kla kullanabilece\u011finiz zamans\u0131z bir tasar\u0131ma sahiptir. %62 PES, %33 viskon ve %5 elastan i\u00e7eri\u011fi sayesinde hem esnek hem de d\u00f6k\u00fcml\u00fc bir form sunar. Bando gabardin kuma\u015f\u0131, dayan\u0131kl\u0131l\u0131\u011f\u0131 ve p\u00fcr\u00fczs\u00fcz dokusuyla uzun s\u00fcreli kullan\u0131m sa\u011flar. Astars\u0131z yap\u0131s\u0131 ve i\u00e7 g\u00f6stermeyen dokusuyla ekstra konfor sunan bu model, zarif ac\u0131 kahve rengi [&hellip;]<\/p>\n","protected":false},"featured_media":64425,"comment_status":"open","ping_status":"closed","template":"","meta":[],"product_brand":[],"product_cat":[1969],"product_tag":[6930,8108,8247],"class_list":{"0":"post-64433","1":"product","2":"type-product","3":"status-publish","4":"has-post-thumbnail","6":"product_cat-etekler","7":"product_tag-bitter-coffee","8":"product_tag-kis","9":"product_tag-klos-etek","10":"pa_brand-minik-terzi","11":"pa_color-acikahve","12":"pa_size-l","13":"pa_size-m","14":"pa_size-s","15":"pa_size-xl","17":"first","18":"outofstock","19":"shipping-taxable","20":"product-type-variable"},"_links":{"self":[{"href":"https:\/\/mod.wisdar.net\/tr\/wp-json\/wp\/v2\/product\/64433","targetHints":{"allow":["GET"]}}],"collection":[{"href":"https:\/\/mod.wisdar.net\/tr\/wp-json\/wp\/v2\/product"}],"about":[{"href":"https:\/\/mod.wisdar.net\/tr\/wp-json\/wp\/v2\/types\/product"}],"replies":[{"embeddable":true,"href":"https:\/\/mod.wisdar.net\/tr\/wp-json\/wp\/v2\/comments?post=64433"}],"wp:featuredmedia":[{"embeddable":true,"href":"https:\/\/mod.wisdar.net\/tr\/wp-json\/wp\/v2\/media\/64425"}],"wp:attachment":[{"href":"https:\/\/mod.wisdar.net\/tr\/wp-json\/wp\/v2\/media?parent=64433"}],"wp:term":[{"taxonomy":"product_brand","embeddable":true,"href":"https:\/\/mod.wisdar.net\/tr\/wp-json\/wp\/v2\/product_brand?post=64433"},{"taxonomy":"product_cat","embeddable":true,"href":"https:\/\/mod.wisdar.net\/tr\/wp-json\/wp\/v2\/product_cat?post=64433"},{"taxonomy":"product_tag","embeddable":true,"href":"https:\/\/mod.wisdar.net\/tr\/wp-json\/wp\/v2\/product_tag?post=64433"}],"curies":[{"name":"wp","href":"https:\/\/api.w.org\/{rel}","templated":true}]}}