{"id":64588,"date":"2026-01-01T20:24:20","date_gmt":"2026-01-01T20:24:20","guid":{"rendered":"https:\/\/modesthanim.com\/product\/oversize-kalin-orgu-kazak-siyah\/"},"modified":"2026-04-02T20:45:35","modified_gmt":"2026-04-02T20:45:35","slug":"oversize-kalin-orgu-kazak-siyah","status":"publish","type":"product","link":"https:\/\/mod.wisdar.net\/tr\/urun\/oversize-kalin-orgu-kazak-siyah\/","title":{"rendered":"Oversize Kal\u0131n \u00d6rg\u00fc Kazak Siyah"},"content":{"rendered":"<p>Yuvarlak yaka, uzun kol, ara boy, oversize kal\u0131p.<\/p>\n<p>Ana Kuma\u015f: %78 Akrilik, %15 Polyester, %7 Polib\u00fctilen Tereftalat<\/p>\n<p>\u2013 \u00dcr\u00fcn\u00fc ters \u00e7evirerek y\u0131kay\u0131n\u0131z<br \/>\n\u2013 \u00dcr\u00fcn\u00fc tersten \u00fct\u00fcleyiniz<br \/>\n\u2013 Maksimum 30\u00b0C s\u0131cakl\u0131kta y\u0131kay\u0131n\u0131z<br \/>\n\u2013 A\u011fart\u0131c\u0131 kullanmay\u0131n\u0131z<br \/>\n\u2013 D\u00fc\u015f\u00fck s\u0131cakl\u0131kta \u00fct\u00fcleyiniz<br \/>\n\u2013 Kuru temizleme yap\u0131lamaz<br \/>\n\u2013 Tamburlu kurutma yapmay\u0131n\u0131z<\/p>\n<p>S\/M Beden \u00d6l\u00e7\u00fcleri:<br \/>\n\u2013 Boy: 68 cm<br \/>\n\u2013 Etek Ucu: 55 cm<br \/>\n\u2013 Kol Boyu: 49 cm<br \/>\n\u2013 G\u00f6\u011f\u00fcs: 66 cm<\/p>\n<p>M\/L Beden \u00d6l\u00e7\u00fcleri:<br \/>\n\u2013 Boy: 59,5 cm<br \/>\n\u2013 Etek Ucu: 57 cm<br \/>\n\u2013 Kol Boyu: 50 cm<br \/>\n\u2013 G\u00f6\u011f\u00fcs: 68 cm<\/p>\n","protected":false},"excerpt":{"rendered":"<p>Yuvarlak yaka, uzun kol, ara boy, oversize kal\u0131p. Ana Kuma\u015f: %78 Akrilik, %15 Polyester, %7 Polib\u00fctilen Tereftalat \u2013 \u00dcr\u00fcn\u00fc ters \u00e7evirerek y\u0131kay\u0131n\u0131z \u2013 \u00dcr\u00fcn\u00fc tersten \u00fct\u00fcleyiniz \u2013 Maksimum 30\u00b0C s\u0131cakl\u0131kta y\u0131kay\u0131n\u0131z \u2013 A\u011fart\u0131c\u0131 kullanmay\u0131n\u0131z \u2013 D\u00fc\u015f\u00fck s\u0131cakl\u0131kta \u00fct\u00fcleyiniz \u2013 Kuru temizleme yap\u0131lamaz \u2013 Tamburlu kurutma yapmay\u0131n\u0131z S\/M Beden \u00d6l\u00e7\u00fcleri: \u2013 Boy: 68 cm \u2013 Etek [&hellip;]<\/p>\n","protected":false},"featured_media":64576,"comment_status":"open","ping_status":"closed","template":"","meta":[],"product_brand":[],"product_cat":[1927],"product_tag":[5881,5882,5883,5884,5885,113],"class_list":{"0":"post-64588","1":"product","2":"type-product","3":"status-publish","4":"has-post-thumbnail","6":"product_cat-hoodies-sweatshirtler","7":"product_tag-aw25kzk00002","8":"product_tag-end-of-archive","9":"product_tag-influencer","10":"product_tag-preppy-rules","11":"product_tag-sale-price","12":"product_tag-sweater","13":"pa_brand-manuka","14":"pa_color-siyah","15":"pa_size-m-l","16":"pa_size-s-m","18":"first","19":"outofstock","20":"shipping-taxable","21":"product-type-variable"},"_links":{"self":[{"href":"https:\/\/mod.wisdar.net\/tr\/wp-json\/wp\/v2\/product\/64588","targetHints":{"allow":["GET"]}}],"collection":[{"href":"https:\/\/mod.wisdar.net\/tr\/wp-json\/wp\/v2\/product"}],"about":[{"href":"https:\/\/mod.wisdar.net\/tr\/wp-json\/wp\/v2\/types\/product"}],"replies":[{"embeddable":true,"href":"https:\/\/mod.wisdar.net\/tr\/wp-json\/wp\/v2\/comments?post=64588"}],"wp:featuredmedia":[{"embeddable":true,"href":"https:\/\/mod.wisdar.net\/tr\/wp-json\/wp\/v2\/media\/64576"}],"wp:attachment":[{"href":"https:\/\/mod.wisdar.net\/tr\/wp-json\/wp\/v2\/media?parent=64588"}],"wp:term":[{"taxonomy":"product_brand","embeddable":true,"href":"https:\/\/mod.wisdar.net\/tr\/wp-json\/wp\/v2\/product_brand?post=64588"},{"taxonomy":"product_cat","embeddable":true,"href":"https:\/\/mod.wisdar.net\/tr\/wp-json\/wp\/v2\/product_cat?post=64588"},{"taxonomy":"product_tag","embeddable":true,"href":"https:\/\/mod.wisdar.net\/tr\/wp-json\/wp\/v2\/product_tag?post=64588"}],"curies":[{"name":"wp","href":"https:\/\/api.w.org\/{rel}","templated":true}]}}