{"id":64722,"date":"2026-01-02T19:21:49","date_gmt":"2026-01-02T19:21:49","guid":{"rendered":"https:\/\/modesthanim.com\/product\/kirisik-dokulu-elbise-antrasit\/"},"modified":"2026-03-23T16:44:04","modified_gmt":"2026-03-23T16:44:04","slug":"kirisik-dokulu-elbise-antrasit","status":"publish","type":"product","link":"https:\/\/mod.wisdar.net\/tr\/urun\/kirisik-dokulu-elbise-antrasit\/","title":{"rendered":"K\u0131r\u0131\u015f\u0131k Dokulu Elbise Antrasit"},"content":{"rendered":"<p>Do\u011fal dokusu ve hafif k\u0131r\u0131\u015f\u0131k y\u00fczeyiyle dikkat \u00e7eken bu antrasit elbise, %88 pamuk ve %12 polyester kar\u0131\u015f\u0131m\u0131 kuma\u015ftan \u00fcretilmi\u015ftir. Bel k\u0131sm\u0131ndaki kemeri sayesinde v\u00fccuda zarif bir form kazand\u0131r\u0131rken, rahat kesimiyle g\u00fcn boyu konfor sunar. Yaz sezonuna uygun yap\u0131s\u0131yla hem g\u00fcnl\u00fck hem de \u00f6zel g\u00fcn kombinlerinde \u015f\u0131k bir alternatif olu\u015fturur.<\/p>\n<p>Minimal tasar\u0131m\u0131 ve zarif duru\u015fu, elbiseyi sade ama etkileyici bir g\u00f6r\u00fcn\u00fcm arayanlar i\u00e7in ideal k\u0131lar. Yuvarlak yaka detay\u0131 ve uzun kollu formu, elbiseye klasik bir hava katarken, d\u00fcz renk tonu farkl\u0131 aksesuarlarla kolayca kombinlenebilmesine imk\u00e2n verir.<\/p>\n<p>\u2014 Technical Details \u2014<br \/>\nAstars\u0131zd\u0131r: Astars\u0131zd\u0131r.<br \/>\nMarka: Minik Terzi<br \/>\nSezon: YAZ<br \/>\nCinsiyet: Kad\u0131n<br \/>\nMalzeme: Pamuk<br \/>\nKuma\u015f \u0130\u00e7eri\u011fi: %88 Pamuk %12 Pes<br \/>\nKal\u0131p: Tam Kal\u0131p<br \/>\nKol Boyu: Uzun Kollu<br \/>\nYaka Tipi: Hakim Yaka<br \/>\nMankenin Giydi\u011fi Beden: S Beden<br \/>\nA\u00e7\u0131klama: Ceplidir.<\/p>\n","protected":false},"excerpt":{"rendered":"<p>Do\u011fal dokusu ve hafif k\u0131r\u0131\u015f\u0131k y\u00fczeyiyle dikkat \u00e7eken bu antrasit elbise, %88 pamuk ve %12 polyester kar\u0131\u015f\u0131m\u0131 kuma\u015ftan \u00fcretilmi\u015ftir. Bel k\u0131sm\u0131ndaki kemeri sayesinde v\u00fccuda zarif bir form kazand\u0131r\u0131rken, rahat kesimiyle g\u00fcn boyu konfor sunar. Yaz sezonuna uygun yap\u0131s\u0131yla hem g\u00fcnl\u00fck hem de \u00f6zel g\u00fcn kombinlerinde \u015f\u0131k bir alternatif olu\u015fturur. Minimal tasar\u0131m\u0131 ve zarif duru\u015fu, elbiseyi [&hellip;]<\/p>\n","protected":false},"featured_media":64714,"comment_status":"open","ping_status":"closed","template":"","meta":[],"product_brand":[],"product_cat":[6249,1933],"product_tag":[6777,5012,7419,7144,7488,6768],"class_list":{"0":"post-64722","1":"product","2":"type-product","3":"status-publish","4":"has-post-thumbnail","6":"product_cat-elbiseler","7":"product_cat-gunluk-ve-gunduz-elbiseleri","8":"product_tag-antrasit","9":"product_tag-elegant","10":"product_tag-gunluk","11":"product_tag-minimalist","12":"product_tag-pamuk","13":"product_tag-uzun-kol","14":"pa_brand-minik-terzi","15":"pa_color-antrasit","16":"pa_size-l","17":"pa_size-m","18":"pa_size-s","20":"first","21":"instock","22":"shipping-taxable","23":"purchasable","24":"product-type-variable"},"_links":{"self":[{"href":"https:\/\/mod.wisdar.net\/tr\/wp-json\/wp\/v2\/product\/64722","targetHints":{"allow":["GET"]}}],"collection":[{"href":"https:\/\/mod.wisdar.net\/tr\/wp-json\/wp\/v2\/product"}],"about":[{"href":"https:\/\/mod.wisdar.net\/tr\/wp-json\/wp\/v2\/types\/product"}],"replies":[{"embeddable":true,"href":"https:\/\/mod.wisdar.net\/tr\/wp-json\/wp\/v2\/comments?post=64722"}],"wp:featuredmedia":[{"embeddable":true,"href":"https:\/\/mod.wisdar.net\/tr\/wp-json\/wp\/v2\/media\/64714"}],"wp:attachment":[{"href":"https:\/\/mod.wisdar.net\/tr\/wp-json\/wp\/v2\/media?parent=64722"}],"wp:term":[{"taxonomy":"product_brand","embeddable":true,"href":"https:\/\/mod.wisdar.net\/tr\/wp-json\/wp\/v2\/product_brand?post=64722"},{"taxonomy":"product_cat","embeddable":true,"href":"https:\/\/mod.wisdar.net\/tr\/wp-json\/wp\/v2\/product_cat?post=64722"},{"taxonomy":"product_tag","embeddable":true,"href":"https:\/\/mod.wisdar.net\/tr\/wp-json\/wp\/v2\/product_tag?post=64722"}],"curies":[{"name":"wp","href":"https:\/\/api.w.org\/{rel}","templated":true}]}}