{"id":64831,"date":"2026-01-02T19:30:38","date_gmt":"2026-01-02T19:30:38","guid":{"rendered":"https:\/\/modesthanim.com\/product\/%100-keten-elbise-haki\/"},"modified":"2026-01-15T08:00:04","modified_gmt":"2026-01-15T08:00:04","slug":"%100-keten-elbise-haki","status":"publish","type":"product","link":"https:\/\/mod.wisdar.net\/tr\/urun\/%100-keten-elbise-haki\/","title":{"rendered":"%100 Keten Elbise Haki"},"content":{"rendered":"<p>\u2014 Teknik Detaylar \u2014<br \/>\nMarka: Minik Terzi<br \/>\nSezon: YAZ<br \/>\nCinsiyet: Kad\u0131n<br \/>\nMalzeme: Keten<br \/>\nKuma\u015f \u0130\u00e7eri\u011fi: %100 Keten<br \/>\nKal\u0131p: Bol Kal\u0131p<br \/>\nKol Boyu: Ba\u011fc\u0131kl\u0131 Kollar<br \/>\nYaka Tipi: Hakim Yaka<br \/>\nManken \u00d6l\u00e7\u00fcleri: 1,77<br \/>\nMankenin Giydi\u011fi Beden: S Beden<br \/>\nA\u00e7\u0131klama: \u00dcr\u00fcn kemerlidir.<br \/>\nBak\u0131m Talimat\u0131: Kuru temizleme \u00f6nerilir, elde y\u0131kamay\u0131n\u0131z.<\/p>\n","protected":false},"excerpt":{"rendered":"<p>\u2014 Teknik Detaylar \u2014 Marka: Minik Terzi Sezon: YAZ Cinsiyet: Kad\u0131n Malzeme: Keten Kuma\u015f \u0130\u00e7eri\u011fi: %100 Keten Kal\u0131p: Bol Kal\u0131p Kol Boyu: Ba\u011fc\u0131kl\u0131 Kollar Yaka Tipi: Hakim Yaka Manken \u00d6l\u00e7\u00fcleri: 1,77 Mankenin Giydi\u011fi Beden: S Beden A\u00e7\u0131klama: \u00dcr\u00fcn kemerlidir. Bak\u0131m Talimat\u0131: Kuru temizleme \u00f6nerilir, elde y\u0131kamay\u0131n\u0131z.<\/p>\n","protected":false},"featured_media":64824,"comment_status":"open","ping_status":"closed","template":"","meta":[],"product_brand":[],"product_cat":[6249,1933],"product_tag":[],"class_list":{"0":"post-64831","1":"product","2":"type-product","3":"status-publish","4":"has-post-thumbnail","6":"product_cat-elbiseler","7":"product_cat-gunluk-ve-gunduz-elbiseleri","8":"pa_brand-minik-terzi","9":"pa_color-haki","10":"pa_size-l","11":"pa_size-m","12":"pa_size-s","14":"first","15":"instock","16":"sale","17":"shipping-taxable","18":"purchasable","19":"product-type-variable"},"_links":{"self":[{"href":"https:\/\/mod.wisdar.net\/tr\/wp-json\/wp\/v2\/product\/64831","targetHints":{"allow":["GET"]}}],"collection":[{"href":"https:\/\/mod.wisdar.net\/tr\/wp-json\/wp\/v2\/product"}],"about":[{"href":"https:\/\/mod.wisdar.net\/tr\/wp-json\/wp\/v2\/types\/product"}],"replies":[{"embeddable":true,"href":"https:\/\/mod.wisdar.net\/tr\/wp-json\/wp\/v2\/comments?post=64831"}],"wp:featuredmedia":[{"embeddable":true,"href":"https:\/\/mod.wisdar.net\/tr\/wp-json\/wp\/v2\/media\/64824"}],"wp:attachment":[{"href":"https:\/\/mod.wisdar.net\/tr\/wp-json\/wp\/v2\/media?parent=64831"}],"wp:term":[{"taxonomy":"product_brand","embeddable":true,"href":"https:\/\/mod.wisdar.net\/tr\/wp-json\/wp\/v2\/product_brand?post=64831"},{"taxonomy":"product_cat","embeddable":true,"href":"https:\/\/mod.wisdar.net\/tr\/wp-json\/wp\/v2\/product_cat?post=64831"},{"taxonomy":"product_tag","embeddable":true,"href":"https:\/\/mod.wisdar.net\/tr\/wp-json\/wp\/v2\/product_tag?post=64831"}],"curies":[{"name":"wp","href":"https:\/\/api.w.org\/{rel}","templated":true}]}}