{"id":64977,"date":"2026-01-02T19:35:48","date_gmt":"2026-01-02T19:35:48","guid":{"rendered":"https:\/\/modesthanim.com\/product\/taslanmis-tensel-elbise-haki\/"},"modified":"2026-03-23T17:02:24","modified_gmt":"2026-03-23T17:02:24","slug":"taslanmis-tensel-elbise-haki","status":"publish","type":"product","link":"https:\/\/mod.wisdar.net\/tr\/urun\/taslanmis-tensel-elbise-haki\/","title":{"rendered":"Ta\u015flanm\u0131\u015f Tensel Elbise Haki"},"content":{"rendered":"<p>Yumu\u015fak dokusu ve hafif yap\u0131s\u0131yla yaz aylar\u0131nda konforu \u00f6n planda tutan bu haki elbise, do\u011fal tensel kuma\u015f\u0131 sayesinde nefes al\u0131r ve cilde serinlik hissi verir. Ta\u015flanm\u0131\u015f dokusu, hem zarif hem de modern bir g\u00f6r\u00fcn\u00fcm kazand\u0131r\u0131rken uzun formu v\u00fccutta zarif bir siluet olu\u015fturur. Minimalist tasar\u0131m\u0131yla zamans\u0131z bir par\u00e7a olan elbise, g\u00fcn boyu rahat hareket imk\u00e2n\u0131 sunar.<br \/>\nTek ba\u015f\u0131na \u015f\u0131k bir duru\u015f sergileyen bu elbise, d\u00fcz ayakkab\u0131lardan sandaletlere kadar farkl\u0131 kombinlerle kullan\u0131labilir. \u00d6zel davetlerden g\u00fcnl\u00fck kullan\u0131ma kadar geni\u015f bir kullan\u0131m alan\u0131 sunan tasar\u0131m\u0131, yaz gard\u0131robunuzun kurtar\u0131c\u0131 par\u00e7alar\u0131ndan biri olmaya adayd\u0131r. Haki rengi ise hem pastel hem de canl\u0131 tonlarla uyum sa\u011flayarak stilinize zarif bir dokunu\u015f katar.<\/p>\n<p>\u2014 Technical Details \u2014<br \/>\nMarka: Minik Terzi<br \/>\nSezon: YAZ<br \/>\nCinsiyet: Kad\u0131n<br \/>\nMalzeme: Tensel<br \/>\nKuma\u015f \u0130\u00e7eri\u011fi: %86 Tensel %14 Pes<br \/>\nKal\u0131p: Tam Kal\u0131p<br \/>\nKol Boyu: Uzun Kollu<br \/>\nYaka Tipi: Hakim Yaka<br \/>\nManken \u00d6l\u00e7\u00fcleri: 1,78<br \/>\nMankenin Giydi\u011fi Beden: S Beden<br \/>\nA\u00e7\u0131klama: Elde y\u0131kanmaz kuru temizleme yap\u0131n\u0131z.<\/p>\n","protected":false},"excerpt":{"rendered":"<p>Yumu\u015fak dokusu ve hafif yap\u0131s\u0131yla yaz aylar\u0131nda konforu \u00f6n planda tutan bu haki elbise, do\u011fal tensel kuma\u015f\u0131 sayesinde nefes al\u0131r ve cilde serinlik hissi verir. Ta\u015flanm\u0131\u015f dokusu, hem zarif hem de modern bir g\u00f6r\u00fcn\u00fcm kazand\u0131r\u0131rken uzun formu v\u00fccutta zarif bir siluet olu\u015fturur. Minimalist tasar\u0131m\u0131yla zamans\u0131z bir par\u00e7a olan elbise, g\u00fcn boyu rahat hareket imk\u00e2n\u0131 sunar. [&hellip;]<\/p>\n","protected":false},"featured_media":64971,"comment_status":"open","ping_status":"closed","template":"","meta":[],"product_brand":[],"product_cat":[6249,1933],"product_tag":[8409],"class_list":{"0":"post-64977","1":"product","2":"type-product","3":"status-publish","4":"has-post-thumbnail","6":"product_cat-elbiseler","7":"product_cat-gunluk-ve-gunduz-elbiseleri","8":"product_tag-uzun-elbise","9":"pa_brand-minik-terzi","10":"pa_color-haki","11":"pa_size-l","12":"pa_size-m","13":"pa_size-s","14":"pa_size-xl","16":"first","17":"outofstock","18":"shipping-taxable","19":"product-type-variable"},"_links":{"self":[{"href":"https:\/\/mod.wisdar.net\/tr\/wp-json\/wp\/v2\/product\/64977","targetHints":{"allow":["GET"]}}],"collection":[{"href":"https:\/\/mod.wisdar.net\/tr\/wp-json\/wp\/v2\/product"}],"about":[{"href":"https:\/\/mod.wisdar.net\/tr\/wp-json\/wp\/v2\/types\/product"}],"replies":[{"embeddable":true,"href":"https:\/\/mod.wisdar.net\/tr\/wp-json\/wp\/v2\/comments?post=64977"}],"wp:featuredmedia":[{"embeddable":true,"href":"https:\/\/mod.wisdar.net\/tr\/wp-json\/wp\/v2\/media\/64971"}],"wp:attachment":[{"href":"https:\/\/mod.wisdar.net\/tr\/wp-json\/wp\/v2\/media?parent=64977"}],"wp:term":[{"taxonomy":"product_brand","embeddable":true,"href":"https:\/\/mod.wisdar.net\/tr\/wp-json\/wp\/v2\/product_brand?post=64977"},{"taxonomy":"product_cat","embeddable":true,"href":"https:\/\/mod.wisdar.net\/tr\/wp-json\/wp\/v2\/product_cat?post=64977"},{"taxonomy":"product_tag","embeddable":true,"href":"https:\/\/mod.wisdar.net\/tr\/wp-json\/wp\/v2\/product_tag?post=64977"}],"curies":[{"name":"wp","href":"https:\/\/api.w.org\/{rel}","templated":true}]}}