{"id":65026,"date":"2026-01-02T19:38:25","date_gmt":"2026-01-02T19:38:25","guid":{"rendered":"https:\/\/modesthanim.com\/product\/kemerli-onu-cift-katli-elbise-kahverengi\/"},"modified":"2026-03-23T17:01:03","modified_gmt":"2026-03-23T17:01:03","slug":"kemerli-onu-cift-katli-elbise-kahverengi","status":"publish","type":"product","link":"https:\/\/mod.wisdar.net\/tr\/urun\/kemerli-onu-cift-katli-elbise-kahverengi\/","title":{"rendered":"Kemerli \u00d6n\u00fc \u00c7ift Katl\u0131 Elbise Kahverengi"},"content":{"rendered":"<p>Mevsim: K\u0131\u015fl\u0131k \u2013 Baharl\u0131k<\/p>\n<p>\u0130\u00e7erik: %100 Pes<\/p>\n<p>Hafif bol kal\u0131pt\u0131r.<\/p>\n<p>Boy: ortalama 130 cm<\/p>\n<p>Beden se\u00e7enekleri:<\/p>\n<p>S beden (34-36 uyumlu, g\u00f6\u011f\u00fcs: ortalama 110 cm)<\/p>\n<p>M beden (38-40 uyumlu)<\/p>\n<p>L beden (42-44 uyumlu)<\/p>\n<p>Not: Verilen \u00f6l\u00e7\u00fcler en k\u00fc\u00e7\u00fck bedene aittir, bedenler aras\u0131nda ortalama 4 cm fark bulunmaktad\u0131r.<\/p>\n<p>Manken boyu: 1.75 cm<\/p>\n<p>Mankenin \u00fczerindeki beden S bedendir.<\/p>\n<p>Y\u0131kama ve Bak\u0131m Talimat\u0131 : <\/p>\n<p>Hassas y\u0131kama program\u0131nda en fazla 30 derecede y\u0131kanmas\u0131 gerekmektedir.<\/p>\n<p>\u2014 Technical Details \u2014<br \/>\nMarka: Minik Terzi<br \/>\nSezon: KI\u015e<br \/>\nCinsiyet: Kad\u0131n<br \/>\nMalzeme: Pes<br \/>\nKuma\u015f \u0130\u00e7eri\u011fi: %100 Pes<br \/>\nKal\u0131p: Bol Kal\u0131p<br \/>\nKol Boyu: Uzun Kollu<br \/>\nYaka Tipi: Bal\u0131k\u00e7\u0131 Yaka<br \/>\nManken \u00d6l\u00e7\u00fcleri: 1,75<br \/>\nMankenin Giydi\u011fi Beden: S Beden<\/p>\n","protected":false},"excerpt":{"rendered":"<p>Mevsim: K\u0131\u015fl\u0131k \u2013 Baharl\u0131k \u0130\u00e7erik: %100 Pes Hafif bol kal\u0131pt\u0131r. Boy: ortalama 130 cm Beden se\u00e7enekleri: S beden (34-36 uyumlu, g\u00f6\u011f\u00fcs: ortalama 110 cm) M beden (38-40 uyumlu) L beden (42-44 uyumlu) Not: Verilen \u00f6l\u00e7\u00fcler en k\u00fc\u00e7\u00fck bedene aittir, bedenler aras\u0131nda ortalama 4 cm fark bulunmaktad\u0131r. Manken boyu: 1.75 cm Mankenin \u00fczerindeki beden S bedendir. [&hellip;]<\/p>\n","protected":false},"featured_media":65013,"comment_status":"open","ping_status":"closed","template":"","meta":[],"product_brand":[],"product_cat":[6249,1933],"product_tag":[7326,6744,8437,8299],"class_list":{"0":"post-65026","1":"product","2":"type-product","3":"status-publish","4":"has-post-thumbnail","6":"product_cat-elbiseler","7":"product_cat-gunluk-ve-gunduz-elbiseleri","8":"product_tag-bol-kesim","9":"product_tag-kadin-modasi","10":"product_tag-kahve-elbise-2","11":"product_tag-kemerli-elbise","12":"pa_brand-minik-terzi","13":"pa_color-kahverengi","14":"pa_size-l","15":"pa_size-m","16":"pa_size-s","18":"first","19":"outofstock","20":"shipping-taxable","21":"product-type-variable"},"_links":{"self":[{"href":"https:\/\/mod.wisdar.net\/tr\/wp-json\/wp\/v2\/product\/65026","targetHints":{"allow":["GET"]}}],"collection":[{"href":"https:\/\/mod.wisdar.net\/tr\/wp-json\/wp\/v2\/product"}],"about":[{"href":"https:\/\/mod.wisdar.net\/tr\/wp-json\/wp\/v2\/types\/product"}],"replies":[{"embeddable":true,"href":"https:\/\/mod.wisdar.net\/tr\/wp-json\/wp\/v2\/comments?post=65026"}],"wp:featuredmedia":[{"embeddable":true,"href":"https:\/\/mod.wisdar.net\/tr\/wp-json\/wp\/v2\/media\/65013"}],"wp:attachment":[{"href":"https:\/\/mod.wisdar.net\/tr\/wp-json\/wp\/v2\/media?parent=65026"}],"wp:term":[{"taxonomy":"product_brand","embeddable":true,"href":"https:\/\/mod.wisdar.net\/tr\/wp-json\/wp\/v2\/product_brand?post=65026"},{"taxonomy":"product_cat","embeddable":true,"href":"https:\/\/mod.wisdar.net\/tr\/wp-json\/wp\/v2\/product_cat?post=65026"},{"taxonomy":"product_tag","embeddable":true,"href":"https:\/\/mod.wisdar.net\/tr\/wp-json\/wp\/v2\/product_tag?post=65026"}],"curies":[{"name":"wp","href":"https:\/\/api.w.org\/{rel}","templated":true}]}}