{"id":65092,"date":"2026-01-02T20:12:26","date_gmt":"2026-01-02T20:12:26","guid":{"rendered":"https:\/\/modesthanim.com\/product\/kopru-detayli-cizgili-elbise-lacivert\/"},"modified":"2026-04-03T12:01:41","modified_gmt":"2026-04-03T12:01:41","slug":"kopru-detayli-cizgili-elbise-lacivert","status":"publish","type":"product","link":"https:\/\/mod.wisdar.net\/tr\/urun\/kopru-detayli-cizgili-elbise-lacivert\/","title":{"rendered":"K\u00f6pr\u00fc Detayl\u0131 \u00c7izgili Elbise Lacivert"},"content":{"rendered":"<p>Beden Yard\u0131m Rehberi <\/p>\n<p>BEDEN KILAVUZU<\/p>\n<p>\u00a0<\/p>\n<p>\t\t\t\u00d6l\u00e7\u00fcler<br \/>\n\t\t\tS<br \/>\n\t\t\tM<br \/>\n\t\t\tL<br \/>\n\t\t\tXL<\/p>\n<p>\t\t\tBoy<br \/>\n\t\t\t139,0 cm<br \/>\n\t\t\t139,5 cm<br \/>\n\t\t\t140,0 cm<br \/>\n\t\t\t140,5 cm<\/p>\n<p>\t\t\tG\u00f6\u011f\u00fcs \u00c7evresi<br \/>\n\t\t\t92 cm<br \/>\n\t\t\t96 cm<br \/>\n\t\t\t100 cm<br \/>\n\t\t\t104 cm<\/p>\n<p>\t\t\tKol Boyu<br \/>\n\t\t\t61,0 cm<br \/>\n\t\t\t61,5 cm<br \/>\n\t\t\t62,0 cm<br \/>\n\t\t\t62,5 cm<\/p>\n<p>\u2014 Technical Details \u2014<br \/>\n\u00dcr\u00fcn Hakk\u0131nda: Astars\u0131zd\u0131r.<br \/>\nMarka: Minik Terzi<br \/>\nSezon: YAZ<br \/>\nCinsiyet: Kad\u0131n<br \/>\nMalzeme: Pamuk<br \/>\nKuma\u015f \u0130\u00e7eri\u011fi: %100 Pamuk<br \/>\nKal\u0131p: Tam Kal\u0131p<br \/>\nKol Boyu: Uzun Kollu<br \/>\nYaka Tipi: G\u00f6mlek Yaka<br \/>\nManken \u00d6l\u00e7\u00fcleri: 1,76<br \/>\nMankenin Giydi\u011fi Beden: S Beden<br \/>\nA\u00e7\u0131klama: Ters \u00e7evirerek k\u0131sa programda 30\u00b0 y\u0131kay\u0131n\u0131z.<\/p>\n","protected":false},"excerpt":{"rendered":"<p>Beden Yard\u0131m Rehberi BEDEN KILAVUZU \u00a0 \u00d6l\u00e7\u00fcler S M L XL Boy 139,0 cm 139,5 cm 140,0 cm 140,5 cm G\u00f6\u011f\u00fcs \u00c7evresi 92 cm 96 cm 100 cm 104 cm Kol Boyu 61,0 cm 61,5 cm 62,0 cm 62,5 cm \u2014 Technical Details \u2014 \u00dcr\u00fcn Hakk\u0131nda: Astars\u0131zd\u0131r. Marka: Minik Terzi Sezon: YAZ Cinsiyet: Kad\u0131n Malzeme: [&hellip;]<\/p>\n","protected":false},"featured_media":65083,"comment_status":"open","ping_status":"closed","template":"","meta":[],"product_brand":[],"product_cat":[6249,1933],"product_tag":[],"class_list":{"0":"post-65092","1":"product","2":"type-product","3":"status-publish","4":"has-post-thumbnail","6":"product_cat-elbiseler","7":"product_cat-gunluk-ve-gunduz-elbiseleri","8":"pa_brand-minik-terzi","9":"pa_color-lacivert","10":"pa_size-l","11":"pa_size-m","12":"pa_size-s","13":"pa_size-xl","15":"first","16":"instock","17":"sale","18":"shipping-taxable","19":"purchasable","20":"product-type-variable"},"_links":{"self":[{"href":"https:\/\/mod.wisdar.net\/tr\/wp-json\/wp\/v2\/product\/65092","targetHints":{"allow":["GET"]}}],"collection":[{"href":"https:\/\/mod.wisdar.net\/tr\/wp-json\/wp\/v2\/product"}],"about":[{"href":"https:\/\/mod.wisdar.net\/tr\/wp-json\/wp\/v2\/types\/product"}],"replies":[{"embeddable":true,"href":"https:\/\/mod.wisdar.net\/tr\/wp-json\/wp\/v2\/comments?post=65092"}],"wp:featuredmedia":[{"embeddable":true,"href":"https:\/\/mod.wisdar.net\/tr\/wp-json\/wp\/v2\/media\/65083"}],"wp:attachment":[{"href":"https:\/\/mod.wisdar.net\/tr\/wp-json\/wp\/v2\/media?parent=65092"}],"wp:term":[{"taxonomy":"product_brand","embeddable":true,"href":"https:\/\/mod.wisdar.net\/tr\/wp-json\/wp\/v2\/product_brand?post=65092"},{"taxonomy":"product_cat","embeddable":true,"href":"https:\/\/mod.wisdar.net\/tr\/wp-json\/wp\/v2\/product_cat?post=65092"},{"taxonomy":"product_tag","embeddable":true,"href":"https:\/\/mod.wisdar.net\/tr\/wp-json\/wp\/v2\/product_tag?post=65092"}],"curies":[{"name":"wp","href":"https:\/\/api.w.org\/{rel}","templated":true}]}}