{"id":65168,"date":"2026-01-02T20:23:02","date_gmt":"2026-01-02T20:23:02","guid":{"rendered":"https:\/\/modesthanim.com\/product\/genis-mansetli-evaze-elbise-siyah\/"},"modified":"2026-04-03T12:03:14","modified_gmt":"2026-04-03T12:03:14","slug":"genis-mansetli-evaze-elbise-siyah","status":"publish","type":"product","link":"https:\/\/mod.wisdar.net\/tr\/urun\/genis-mansetli-evaze-elbise-siyah\/","title":{"rendered":"Geni\u015f Man\u015fetli Evaze Elbise Siyah"},"content":{"rendered":"<p>Ceplidir. Astars\u0131zd\u0131r, i\u00e7 g\u00f6stermez.<\/p>\n<p>\u2014 Technical Details \u2014<br \/>\nSezon: BAHAR<br \/>\nCinsiyet: Kad\u0131n<br \/>\nMalzeme: Tensel\/Pamuk<br \/>\nKal\u0131p: Tam Kal\u0131p<br \/>\nKol Boyu: Uzun Kollu<br \/>\nYaka Tipi: Bisiklet Yaka<br \/>\nManken \u00d6l\u00e7\u00fcleri: 1,76<br \/>\nMankenin Giydi\u011fi Beden: S Beden<\/p>\n","protected":false},"excerpt":{"rendered":"<p>Ceplidir. Astars\u0131zd\u0131r, i\u00e7 g\u00f6stermez. \u2014 Technical Details \u2014 Sezon: BAHAR Cinsiyet: Kad\u0131n Malzeme: Tensel\/Pamuk Kal\u0131p: Tam Kal\u0131p Kol Boyu: Uzun Kollu Yaka Tipi: Bisiklet Yaka Manken \u00d6l\u00e7\u00fcleri: 1,76 Mankenin Giydi\u011fi Beden: S Beden<\/p>\n","protected":false},"featured_media":65149,"comment_status":"open","ping_status":"closed","template":"","meta":[],"product_brand":[],"product_cat":[6249,1933],"product_tag":[6937,6768],"class_list":{"0":"post-65168","1":"product","2":"type-product","3":"status-publish","4":"has-post-thumbnail","6":"product_cat-elbiseler","7":"product_cat-gunluk-ve-gunduz-elbiseleri","8":"product_tag-siyah-elbise","9":"product_tag-uzun-kol","10":"pa_brand-minik-terzi","11":"pa_color-siyah","12":"pa_size-l","13":"pa_size-m","14":"pa_size-s","15":"pa_size-xl","17":"first","18":"instock","19":"sale","20":"shipping-taxable","21":"purchasable","22":"product-type-variable"},"_links":{"self":[{"href":"https:\/\/mod.wisdar.net\/tr\/wp-json\/wp\/v2\/product\/65168","targetHints":{"allow":["GET"]}}],"collection":[{"href":"https:\/\/mod.wisdar.net\/tr\/wp-json\/wp\/v2\/product"}],"about":[{"href":"https:\/\/mod.wisdar.net\/tr\/wp-json\/wp\/v2\/types\/product"}],"replies":[{"embeddable":true,"href":"https:\/\/mod.wisdar.net\/tr\/wp-json\/wp\/v2\/comments?post=65168"}],"wp:featuredmedia":[{"embeddable":true,"href":"https:\/\/mod.wisdar.net\/tr\/wp-json\/wp\/v2\/media\/65149"}],"wp:attachment":[{"href":"https:\/\/mod.wisdar.net\/tr\/wp-json\/wp\/v2\/media?parent=65168"}],"wp:term":[{"taxonomy":"product_brand","embeddable":true,"href":"https:\/\/mod.wisdar.net\/tr\/wp-json\/wp\/v2\/product_brand?post=65168"},{"taxonomy":"product_cat","embeddable":true,"href":"https:\/\/mod.wisdar.net\/tr\/wp-json\/wp\/v2\/product_cat?post=65168"},{"taxonomy":"product_tag","embeddable":true,"href":"https:\/\/mod.wisdar.net\/tr\/wp-json\/wp\/v2\/product_tag?post=65168"}],"curies":[{"name":"wp","href":"https:\/\/api.w.org\/{rel}","templated":true}]}}