{"id":65219,"date":"2026-01-02T20:24:52","date_gmt":"2026-01-02T20:24:52","guid":{"rendered":"https:\/\/modesthanim.com\/product\/aller-detayli-%100-pamuk-elbise-murdum\/"},"modified":"2026-03-23T17:11:39","modified_gmt":"2026-03-23T17:11:39","slug":"aller-detayli-%100-pamuk-elbise-murdum","status":"publish","type":"product","link":"https:\/\/mod.wisdar.net\/tr\/urun\/aller-detayli-%100-pamuk-elbise-murdum\/","title":{"rendered":"Aller Detayl\u0131 %100 Pamuk Elbise M\u00fcrd\u00fcm"},"content":{"rendered":"<p>Astars\u0131zd\u0131r. Ters \u00e7evirerek k\u0131sa programda 30\u00b0 y\u0131kay\u0131n\u0131z.<\/p>\n<p>\u2014 Technical Details \u2014<br \/>\nSezon: BAHAR<br \/>\nCinsiyet: Kad\u0131n<br \/>\nMalzeme: Pamuk<br \/>\nKal\u0131p: Tam Kal\u0131p<br \/>\nKol Boyu: Uzun Kollu<br \/>\nYaka Tipi: G\u00f6mlek Yaka<br \/>\nMankenin Giydi\u011fi Beden: S Beden<\/p>\n","protected":false},"excerpt":{"rendered":"<p>Astars\u0131zd\u0131r. Ters \u00e7evirerek k\u0131sa programda 30\u00b0 y\u0131kay\u0131n\u0131z. \u2014 Technical Details \u2014 Sezon: BAHAR Cinsiyet: Kad\u0131n Malzeme: Pamuk Kal\u0131p: Tam Kal\u0131p Kol Boyu: Uzun Kollu Yaka Tipi: G\u00f6mlek Yaka Mankenin Giydi\u011fi Beden: S Beden<\/p>\n","protected":false},"featured_media":65213,"comment_status":"open","ping_status":"closed","template":"","meta":[],"product_brand":[],"product_cat":[6249,1933],"product_tag":[6771,6768],"class_list":{"0":"post-65219","1":"product","2":"type-product","3":"status-publish","4":"has-post-thumbnail","6":"product_cat-elbiseler","7":"product_cat-gunluk-ve-gunduz-elbiseleri","8":"product_tag-gomlek-yaka","9":"product_tag-uzun-kol","10":"pa_brand-minik-terzi","11":"pa_color-murdum","12":"pa_size-l","13":"pa_size-m","14":"pa_size-s","16":"first","17":"outofstock","18":"shipping-taxable","19":"product-type-variable"},"_links":{"self":[{"href":"https:\/\/mod.wisdar.net\/tr\/wp-json\/wp\/v2\/product\/65219","targetHints":{"allow":["GET"]}}],"collection":[{"href":"https:\/\/mod.wisdar.net\/tr\/wp-json\/wp\/v2\/product"}],"about":[{"href":"https:\/\/mod.wisdar.net\/tr\/wp-json\/wp\/v2\/types\/product"}],"replies":[{"embeddable":true,"href":"https:\/\/mod.wisdar.net\/tr\/wp-json\/wp\/v2\/comments?post=65219"}],"wp:featuredmedia":[{"embeddable":true,"href":"https:\/\/mod.wisdar.net\/tr\/wp-json\/wp\/v2\/media\/65213"}],"wp:attachment":[{"href":"https:\/\/mod.wisdar.net\/tr\/wp-json\/wp\/v2\/media?parent=65219"}],"wp:term":[{"taxonomy":"product_brand","embeddable":true,"href":"https:\/\/mod.wisdar.net\/tr\/wp-json\/wp\/v2\/product_brand?post=65219"},{"taxonomy":"product_cat","embeddable":true,"href":"https:\/\/mod.wisdar.net\/tr\/wp-json\/wp\/v2\/product_cat?post=65219"},{"taxonomy":"product_tag","embeddable":true,"href":"https:\/\/mod.wisdar.net\/tr\/wp-json\/wp\/v2\/product_tag?post=65219"}],"curies":[{"name":"wp","href":"https:\/\/api.w.org\/{rel}","templated":true}]}}