{"id":65254,"date":"2026-01-02T20:26:43","date_gmt":"2026-01-02T20:26:43","guid":{"rendered":"https:\/\/modesthanim.com\/product\/dikis-detayli-kot-jile-elbise-kahverengi\/"},"modified":"2026-02-17T19:37:00","modified_gmt":"2026-02-17T19:37:00","slug":"dikis-detayli-kot-jile-elbise-kahverengi","status":"publish","type":"product","link":"https:\/\/mod.wisdar.net\/tr\/urun\/dikis-detayli-kot-jile-elbise-kahverengi\/","title":{"rendered":"Diki\u015f Detayl\u0131 Kot Jile Elbise Kahverengi"},"content":{"rendered":"<p>Beden Yard\u0131m Rehberi <\/p>\n<p>BEDEN KILAVUZU<\/p>\n<p>\u00a0<\/p>\n<p>\t\t\t\u00d6l\u00e7\u00fcler<br \/>\n\t\t\tS<br \/>\n\t\t\tM<br \/>\n\t\t\tL<\/p>\n<p>\t\t\tBoy<br \/>\n\t\t\t132,5 cm<br \/>\n\t\t\t133 cm<br \/>\n\t\t\t133,5 cm<\/p>\n<p>\t\t\tG\u00f6\u011f\u00fcs \u00c7evresi<br \/>\n\t\t\t88 cm<br \/>\n\t\t\t92 cm<br \/>\n\t\t\t96 cm<\/p>\n<p>\t\t\tBasen<br \/>\n\t\t\t104 cm<br \/>\n\t\t\t108 cm<br \/>\n\t\t\t112 cm<\/p>\n<p>\u2014 Technical Details \u2014<br \/>\nMalzeme: Pamuk \/ Polyester<br \/>\nKuma\u015f \u0130\u00e7eri\u011fi: %63 Pamuk %33 Pes % 4 Ea<br \/>\nKal\u0131p: Tam Kal\u0131p<br \/>\nKol Boyu: Kolsuz<br \/>\nYaka Tipi: Bisiklet Yaka<br \/>\nA\u00e7\u0131klama: Astars\u0131zd\u0131r, i\u00e7 g\u00f6stermez.<br \/>\n\u00dcr\u00fcn Hakk\u0131nda: Tersten ve ayn\u0131 renk \u00fcr\u00fcnlerle birlikte y\u0131kay\u0131n\u0131z.<br \/>\nMarka: Minik Terzi<br \/>\nSezon: MEVS\u0130ML\u0130K<br \/>\nCinsiyet: Kad\u0131n<\/p>\n","protected":false},"excerpt":{"rendered":"<p>Beden Yard\u0131m Rehberi BEDEN KILAVUZU \u00a0 \u00d6l\u00e7\u00fcler S M L Boy 132,5 cm 133 cm 133,5 cm G\u00f6\u011f\u00fcs \u00c7evresi 88 cm 92 cm 96 cm Basen 104 cm 108 cm 112 cm \u2014 Technical Details \u2014 Malzeme: Pamuk \/ Polyester Kuma\u015f \u0130\u00e7eri\u011fi: %63 Pamuk %33 Pes % 4 Ea Kal\u0131p: Tam Kal\u0131p Kol Boyu: Kolsuz [&hellip;]<\/p>\n","protected":false},"featured_media":65247,"comment_status":"open","ping_status":"closed","template":"","meta":[],"product_brand":[],"product_cat":[6249,1933],"product_tag":[4908,7844],"class_list":{"0":"post-65254","1":"product","2":"type-product","3":"status-publish","4":"has-post-thumbnail","6":"product_cat-elbiseler","7":"product_cat-gunluk-ve-gunduz-elbiseleri","8":"product_tag-brown","9":"product_tag-denim","10":"pa_brand-minik-terzi","11":"pa_color-kahverengi","12":"pa_size-l","13":"pa_size-m","14":"pa_size-s","16":"first","17":"outofstock","18":"shipping-taxable","19":"product-type-variable"},"_links":{"self":[{"href":"https:\/\/mod.wisdar.net\/tr\/wp-json\/wp\/v2\/product\/65254","targetHints":{"allow":["GET"]}}],"collection":[{"href":"https:\/\/mod.wisdar.net\/tr\/wp-json\/wp\/v2\/product"}],"about":[{"href":"https:\/\/mod.wisdar.net\/tr\/wp-json\/wp\/v2\/types\/product"}],"replies":[{"embeddable":true,"href":"https:\/\/mod.wisdar.net\/tr\/wp-json\/wp\/v2\/comments?post=65254"}],"wp:featuredmedia":[{"embeddable":true,"href":"https:\/\/mod.wisdar.net\/tr\/wp-json\/wp\/v2\/media\/65247"}],"wp:attachment":[{"href":"https:\/\/mod.wisdar.net\/tr\/wp-json\/wp\/v2\/media?parent=65254"}],"wp:term":[{"taxonomy":"product_brand","embeddable":true,"href":"https:\/\/mod.wisdar.net\/tr\/wp-json\/wp\/v2\/product_brand?post=65254"},{"taxonomy":"product_cat","embeddable":true,"href":"https:\/\/mod.wisdar.net\/tr\/wp-json\/wp\/v2\/product_cat?post=65254"},{"taxonomy":"product_tag","embeddable":true,"href":"https:\/\/mod.wisdar.net\/tr\/wp-json\/wp\/v2\/product_tag?post=65254"}],"curies":[{"name":"wp","href":"https:\/\/api.w.org\/{rel}","templated":true}]}}