{"id":65359,"date":"2026-01-02T20:31:32","date_gmt":"2026-01-02T20:31:32","guid":{"rendered":"https:\/\/modesthanim.com\/product\/parasut-etekli-elbise-lacivert\/"},"modified":"2026-04-03T12:04:27","modified_gmt":"2026-04-03T12:04:27","slug":"parasut-etekli-elbise-lacivert","status":"publish","type":"product","link":"https:\/\/mod.wisdar.net\/tr\/urun\/parasut-etekli-elbise-lacivert\/","title":{"rendered":"Para\u015f\u00fct Etekli Elbise Lacivert"},"content":{"rendered":"<p>Beden Yard\u0131m Rehberi <\/p>\n<p>BEDEN KILAVUZU<\/p>\n<p>\u00a0<\/p>\n<p>\t\t\t\u00d6l\u00e7\u00fcler<br \/>\n\t\t\tS<br \/>\n\t\t\tM<br \/>\n\t\t\tL<\/p>\n<p>\t\t\tBoy<br \/>\n\t\t\t135,5 cm<br \/>\n\t\t\t136 cm<br \/>\n\t\t\t136,5 cm<\/p>\n<p>\t\t\tG\u00f6\u011f\u00fcs \u00c7evresi<br \/>\n\t\t\t106 cm<br \/>\n\t\t\t110 cm<br \/>\n\t\t\t114 cm<\/p>\n<p>\t\t\tKol Boyu<br \/>\n\t\t\t49,5 cm<br \/>\n\t\t\t50 cm<br \/>\n\t\t\t50,5 cm<\/p>\n<p>\u2014 Technical Details \u2014<br \/>\nMarka: Minik Terzi<br \/>\nSezon: MEVS\u0130ML\u0130K<br \/>\nCinsiyet: Kad\u0131n<br \/>\nMalzeme: Pamuk<br \/>\nKuma\u015f \u0130\u00e7eri\u011fi: %100 Pamuk-%60 Rayon %35 Polyester %5 Ea<br \/>\nKal\u0131p: Bol Kal\u0131p<br \/>\nKol Boyu: Uzun Kollu<br \/>\nYaka Tipi: Y\u00fcksek Yaka<br \/>\nA\u00e7\u0131klama: Astars\u0131zd\u0131r, i\u00e7 g\u00f6stermez.<\/p>\n","protected":false},"excerpt":{"rendered":"<p>Beden Yard\u0131m Rehberi BEDEN KILAVUZU \u00a0 \u00d6l\u00e7\u00fcler S M L Boy 135,5 cm 136 cm 136,5 cm G\u00f6\u011f\u00fcs \u00c7evresi 106 cm 110 cm 114 cm Kol Boyu 49,5 cm 50 cm 50,5 cm \u2014 Technical Details \u2014 Marka: Minik Terzi Sezon: MEVS\u0130ML\u0130K Cinsiyet: Kad\u0131n Malzeme: Pamuk Kuma\u015f \u0130\u00e7eri\u011fi: %100 Pamuk-%60 Rayon %35 Polyester %5 Ea [&hellip;]<\/p>\n","protected":false},"featured_media":65352,"comment_status":"open","ping_status":"closed","template":"","meta":[],"product_brand":[],"product_cat":[6249,1933],"product_tag":[7350,7326,7238,7488],"class_list":{"0":"post-65359","1":"product","2":"type-product","3":"status-publish","4":"has-post-thumbnail","6":"product_cat-elbiseler","7":"product_cat-gunluk-ve-gunduz-elbiseleri","8":"product_tag-balikci-yaka","9":"product_tag-bol-kesim","10":"product_tag-lacivert","11":"product_tag-pamuk","12":"pa_brand-minik-terzi","13":"pa_color-lacivert","14":"pa_size-l","15":"pa_size-m","16":"pa_size-s","18":"first","19":"instock","20":"shipping-taxable","21":"purchasable","22":"product-type-variable"},"_links":{"self":[{"href":"https:\/\/mod.wisdar.net\/tr\/wp-json\/wp\/v2\/product\/65359","targetHints":{"allow":["GET"]}}],"collection":[{"href":"https:\/\/mod.wisdar.net\/tr\/wp-json\/wp\/v2\/product"}],"about":[{"href":"https:\/\/mod.wisdar.net\/tr\/wp-json\/wp\/v2\/types\/product"}],"replies":[{"embeddable":true,"href":"https:\/\/mod.wisdar.net\/tr\/wp-json\/wp\/v2\/comments?post=65359"}],"wp:featuredmedia":[{"embeddable":true,"href":"https:\/\/mod.wisdar.net\/tr\/wp-json\/wp\/v2\/media\/65352"}],"wp:attachment":[{"href":"https:\/\/mod.wisdar.net\/tr\/wp-json\/wp\/v2\/media?parent=65359"}],"wp:term":[{"taxonomy":"product_brand","embeddable":true,"href":"https:\/\/mod.wisdar.net\/tr\/wp-json\/wp\/v2\/product_brand?post=65359"},{"taxonomy":"product_cat","embeddable":true,"href":"https:\/\/mod.wisdar.net\/tr\/wp-json\/wp\/v2\/product_cat?post=65359"},{"taxonomy":"product_tag","embeddable":true,"href":"https:\/\/mod.wisdar.net\/tr\/wp-json\/wp\/v2\/product_tag?post=65359"}],"curies":[{"name":"wp","href":"https:\/\/api.w.org\/{rel}","templated":true}]}}