{"id":65465,"date":"2026-01-02T20:35:33","date_gmt":"2026-01-02T20:35:33","guid":{"rendered":"https:\/\/modesthanim.com\/product\/keten-tencel-elbise-siyah\/"},"modified":"2026-02-18T07:21:07","modified_gmt":"2026-02-18T07:21:07","slug":"keten-tencel-elbise-siyah","status":"publish","type":"product","link":"https:\/\/mod.wisdar.net\/tr\/urun\/keten-tencel-elbise-siyah\/","title":{"rendered":"Keten Tencel Elbise Siyah"},"content":{"rendered":"<p>Keten Tencel Elbise Siyah, do\u011fal liflerin konforunu modern tasar\u0131mla birle\u015ftirir. %45 Tencel, %31 pamuk, %14 keten ve %10 polyester kar\u0131\u015f\u0131m\u0131 kuma\u015f\u0131yla hafif, nefes alabilir ve yaz s\u0131caklar\u0131nda serin tutar. Yuvarlak yaka, \u00f6nden tam boy d\u00fc\u011fme detay\u0131 ve belden ba\u011flamal\u0131 ku\u015fak ile hem rahat hem de feminen bir siluet sunar. Bol kesim kollar\u0131 ve man\u015fetli yap\u0131s\u0131, zarif ve hacimli bir g\u00f6r\u00fcn\u00fcm kazand\u0131r\u0131r. G\u00fcnl\u00fck \u015f\u0131kl\u0131kta, sahil y\u00fcr\u00fcy\u00fc\u015flerinde veya yaz davetlerinde rahatl\u0131kla tercih edilebilecek \u00e7ok y\u00f6nl\u00fc bir par\u00e7a.<\/p>\n<p>\u2014 Teknik Detaylar \u2014<br \/>\nMarka: Minik Terzi<br \/>\nSezon: YAZ<br \/>\nCinsiyet: Kad\u0131n<br \/>\nMalzeme: Pamuk \/ Tencel<br \/>\nKal\u0131p: Bol Kal\u0131p<br \/>\nKol Boyu: Uzun Kollu<br \/>\nYaka Tipi: Bisiklet Yaka<br \/>\nManken \u00d6l\u00e7\u00fcleri: 1,71<br \/>\nMankenin Giydi\u011fi Beden: S Beden<br \/>\nBak\u0131m Talimat\u0131: Ters \u00c7evirerek K\u0131sa Programda 30 Derecede y\u0131kay\u0131n\u0131z.<\/p>\n","protected":false},"excerpt":{"rendered":"<p>Keten Tencel Elbise Siyah, do\u011fal liflerin konforunu modern tasar\u0131mla birle\u015ftirir. %45 Tencel, %31 pamuk, %14 keten ve %10 polyester kar\u0131\u015f\u0131m\u0131 kuma\u015f\u0131yla hafif, nefes alabilir ve yaz s\u0131caklar\u0131nda serin tutar. Yuvarlak yaka, \u00f6nden tam boy d\u00fc\u011fme detay\u0131 ve belden ba\u011flamal\u0131 ku\u015fak ile hem rahat hem de feminen bir siluet sunar. Bol kesim kollar\u0131 ve man\u015fetli yap\u0131s\u0131, [&hellip;]<\/p>\n","protected":false},"featured_media":65460,"comment_status":"open","ping_status":"closed","template":"","meta":[],"product_brand":[],"product_cat":[6249,1933],"product_tag":[7523],"class_list":{"0":"post-65465","1":"product","2":"type-product","3":"status-publish","4":"has-post-thumbnail","6":"product_cat-elbiseler","7":"product_cat-gunluk-ve-gunduz-elbiseleri","8":"product_tag-dress","9":"pa_brand-minik-terzi","10":"pa_color-siyah","11":"pa_size-l","12":"pa_size-m","13":"pa_size-s","15":"first","16":"instock","17":"shipping-taxable","18":"purchasable","19":"product-type-variable"},"_links":{"self":[{"href":"https:\/\/mod.wisdar.net\/tr\/wp-json\/wp\/v2\/product\/65465","targetHints":{"allow":["GET"]}}],"collection":[{"href":"https:\/\/mod.wisdar.net\/tr\/wp-json\/wp\/v2\/product"}],"about":[{"href":"https:\/\/mod.wisdar.net\/tr\/wp-json\/wp\/v2\/types\/product"}],"replies":[{"embeddable":true,"href":"https:\/\/mod.wisdar.net\/tr\/wp-json\/wp\/v2\/comments?post=65465"}],"wp:featuredmedia":[{"embeddable":true,"href":"https:\/\/mod.wisdar.net\/tr\/wp-json\/wp\/v2\/media\/65460"}],"wp:attachment":[{"href":"https:\/\/mod.wisdar.net\/tr\/wp-json\/wp\/v2\/media?parent=65465"}],"wp:term":[{"taxonomy":"product_brand","embeddable":true,"href":"https:\/\/mod.wisdar.net\/tr\/wp-json\/wp\/v2\/product_brand?post=65465"},{"taxonomy":"product_cat","embeddable":true,"href":"https:\/\/mod.wisdar.net\/tr\/wp-json\/wp\/v2\/product_cat?post=65465"},{"taxonomy":"product_tag","embeddable":true,"href":"https:\/\/mod.wisdar.net\/tr\/wp-json\/wp\/v2\/product_tag?post=65465"}],"curies":[{"name":"wp","href":"https:\/\/api.w.org\/{rel}","templated":true}]}}