{"id":65515,"date":"2026-01-02T20:37:25","date_gmt":"2026-01-02T20:37:25","guid":{"rendered":"https:\/\/modesthanim.com\/product\/keten-dokulu-parcali-elbise-lacivert\/"},"modified":"2026-02-18T07:22:17","modified_gmt":"2026-02-18T07:22:17","slug":"keten-dokulu-parcali-elbise-lacivert","status":"publish","type":"product","link":"https:\/\/mod.wisdar.net\/tr\/urun\/keten-dokulu-parcali-elbise-lacivert\/","title":{"rendered":"Keten Dokulu Par\u00e7al\u0131 Elbise Lacivert"},"content":{"rendered":"<p>Renk: Lacivert<br \/>\nMevsim: Yazl\u0131k<br \/>\n\u0130\u00e7erik: %55 pamuk %45 viskon<br \/>\nTam kal\u0131pt\u0131r.<br \/>\nAstars\u0131zd\u0131r.<br \/>\nBoy: ortalama 135 cm<br \/>\nBeden se\u00e7enekleri:<br \/>\nS beden (34-36 uyumlu, g\u00f6\u011f\u00fcs: ortalama 90 cm)<br \/>\nM beden (38-40 uyumlu)<br \/>\nL beden (42-44 uyumlu)<br \/>\nNot: Verilen \u00f6l\u00e7\u00fcler en k\u00fc\u00e7\u00fck bedene aittir, bedenler aras\u0131nda ortalama 4 cm fark bulunmaktad\u0131r.<br \/>\nManken boyu: 1.80 cm<br \/>\nManken \u00fczerindeki beden S bedendir.<br \/>\nHassas y\u0131kama program\u0131nda en fazla 30 derecede y\u0131kanmas\u0131 gerekmektedir.<\/p>\n<p>\u2014 Technical Details \u2014<br \/>\nMarka: Minik Terzi<br \/>\nSezon: YAZ<br \/>\nCinsiyet: Kad\u0131n<br \/>\nMalzeme: Pamuk \/ Viskon<br \/>\nKuma\u015f \u0130\u00e7eri\u011fi: %55 Pamuk %45 Viskon<br \/>\nKal\u0131p: Tam Kal\u0131p<br \/>\nKol Boyu: Uzun Kollu<br \/>\nYaka Tipi: Bisiklet Yaka<br \/>\nManken \u00d6l\u00e7\u00fcleri: 1,80<br \/>\nMankenin Giydi\u011fi Beden: S Beden<br \/>\nA\u00e7\u0131klama: Astars\u0131zd\u0131r.<\/p>\n","protected":false},"excerpt":{"rendered":"<p>Renk: Lacivert Mevsim: Yazl\u0131k \u0130\u00e7erik: %55 pamuk %45 viskon Tam kal\u0131pt\u0131r. Astars\u0131zd\u0131r. Boy: ortalama 135 cm Beden se\u00e7enekleri: S beden (34-36 uyumlu, g\u00f6\u011f\u00fcs: ortalama 90 cm) M beden (38-40 uyumlu) L beden (42-44 uyumlu) Not: Verilen \u00f6l\u00e7\u00fcler en k\u00fc\u00e7\u00fck bedene aittir, bedenler aras\u0131nda ortalama 4 cm fark bulunmaktad\u0131r. Manken boyu: 1.80 cm Manken \u00fczerindeki beden [&hellip;]<\/p>\n","protected":false},"featured_media":65500,"comment_status":"open","ping_status":"closed","template":"","meta":[],"product_brand":[],"product_cat":[6249,1933],"product_tag":[7865,7238],"class_list":{"0":"post-65515","1":"product","2":"type-product","3":"status-publish","4":"has-post-thumbnail","6":"product_cat-elbiseler","7":"product_cat-gunluk-ve-gunduz-elbiseleri","8":"product_tag-dokulu","9":"product_tag-lacivert","10":"pa_brand-minik-terzi","11":"pa_color-lacivert","12":"pa_size-l","13":"pa_size-m","14":"pa_size-s","16":"first","17":"instock","18":"shipping-taxable","19":"purchasable","20":"product-type-variable"},"_links":{"self":[{"href":"https:\/\/mod.wisdar.net\/tr\/wp-json\/wp\/v2\/product\/65515","targetHints":{"allow":["GET"]}}],"collection":[{"href":"https:\/\/mod.wisdar.net\/tr\/wp-json\/wp\/v2\/product"}],"about":[{"href":"https:\/\/mod.wisdar.net\/tr\/wp-json\/wp\/v2\/types\/product"}],"replies":[{"embeddable":true,"href":"https:\/\/mod.wisdar.net\/tr\/wp-json\/wp\/v2\/comments?post=65515"}],"wp:featuredmedia":[{"embeddable":true,"href":"https:\/\/mod.wisdar.net\/tr\/wp-json\/wp\/v2\/media\/65500"}],"wp:attachment":[{"href":"https:\/\/mod.wisdar.net\/tr\/wp-json\/wp\/v2\/media?parent=65515"}],"wp:term":[{"taxonomy":"product_brand","embeddable":true,"href":"https:\/\/mod.wisdar.net\/tr\/wp-json\/wp\/v2\/product_brand?post=65515"},{"taxonomy":"product_cat","embeddable":true,"href":"https:\/\/mod.wisdar.net\/tr\/wp-json\/wp\/v2\/product_cat?post=65515"},{"taxonomy":"product_tag","embeddable":true,"href":"https:\/\/mod.wisdar.net\/tr\/wp-json\/wp\/v2\/product_tag?post=65515"}],"curies":[{"name":"wp","href":"https:\/\/api.w.org\/{rel}","templated":true}]}}