{"id":65581,"date":"2026-01-02T20:40:40","date_gmt":"2026-01-02T20:40:40","guid":{"rendered":"https:\/\/modesthanim.com\/product\/muslin-gomlek-elbise-zeytin-yesili\/"},"modified":"2026-04-10T12:31:54","modified_gmt":"2026-04-10T12:31:54","slug":"muslin-gomlek-elbise-zeytin-yesili","status":"publish","type":"product","link":"https:\/\/mod.wisdar.net\/tr\/urun\/muslin-gomlek-elbise-zeytin-yesili\/","title":{"rendered":"M\u00fcslin G\u00f6mlek Elbise Zeytin Ye\u015fili"},"content":{"rendered":"<p>Renk: Zeytin Ye\u015fili<br \/>\nMevsim: Yazl\u0131k<br \/>\n\u0130\u00e7erik: %100 Organik Pamuk<br \/>\nDo\u011fal i\u00e7eri\u011fi sayesinde yakmaz, v\u00fccuda nefes ald\u0131r\u0131r.<br \/>\nTam kal\u0131pt\u0131r.<br \/>\nKemerlidir.<br \/>\nBoy: ortalama 131 cm<br \/>\nY\u0131rtma\u00e7 boyu: 23 cm<br \/>\nBeden se\u00e7enekleri:<br \/>\nS beden (34-36 uyumlu, g\u00f6\u011f\u00fcs: ortalama 106 cm)<br \/>\nM beden (38-40 uyumlu)<br \/>\nL beden (42-44 uyumlu)<br \/>\nXL beden (46 uyumlu)<br \/>\nNot: Verilen \u00f6l\u00e7\u00fcler en k\u00fc\u00e7\u00fck bedene aittir, bedenler aras\u0131nda ortalama 4 cm fark bulunmaktad\u0131r.<br \/>\nManken boyu: 1.75 cm<br \/>\nMankenin \u00fczerindeki beden S bedendir.<br \/>\nHassas y\u0131kama program\u0131nda en fazla 30 derecede y\u0131kanmas\u0131 gerekmektedir.<br \/>\nNot: Hassas kullan\u0131m gerektirmektedir.<\/p>\n<p>\u2014 Technical Details \u2014<br \/>\nMarka: Minik Terzi<br \/>\nSezon: YAZ<br \/>\nCinsiyet: Kad\u0131n<br \/>\nMalzeme: Pamuk<br \/>\nKuma\u015f \u0130\u00e7eri\u011fi: %100 Pamuk<br \/>\nKal\u0131p: Bol Kal\u0131p<br \/>\nKol Boyu: Uzun Kollu<br \/>\nYaka Tipi: Hakim Yaka<br \/>\nManken \u00d6l\u00e7\u00fcleri: 1,75<br \/>\nMankenin Giydi\u011fi Beden: S Beden<br \/>\nA\u00e7\u0131klama: Ters \u00e7evirerek k\u0131sa programda 30\u00b0 y\u0131kay\u0131n\u0131z.<\/p>\n","protected":false},"excerpt":{"rendered":"<p>Renk: Zeytin Ye\u015fili Mevsim: Yazl\u0131k \u0130\u00e7erik: %100 Organik Pamuk Do\u011fal i\u00e7eri\u011fi sayesinde yakmaz, v\u00fccuda nefes ald\u0131r\u0131r. Tam kal\u0131pt\u0131r. Kemerlidir. Boy: ortalama 131 cm Y\u0131rtma\u00e7 boyu: 23 cm Beden se\u00e7enekleri: S beden (34-36 uyumlu, g\u00f6\u011f\u00fcs: ortalama 106 cm) M beden (38-40 uyumlu) L beden (42-44 uyumlu) XL beden (46 uyumlu) Not: Verilen \u00f6l\u00e7\u00fcler en k\u00fc\u00e7\u00fck bedene [&hellip;]<\/p>\n","protected":false},"featured_media":65564,"comment_status":"open","ping_status":"closed","template":"","meta":[],"product_brand":[],"product_cat":[6249,1933],"product_tag":[7326,7488,6768],"class_list":{"0":"post-65581","1":"product","2":"type-product","3":"status-publish","4":"has-post-thumbnail","6":"product_cat-elbiseler","7":"product_cat-gunluk-ve-gunduz-elbiseleri","8":"product_tag-bol-kesim","9":"product_tag-pamuk","10":"product_tag-uzun-kol","11":"pa_brand-minik-terzi","12":"pa_color-zeytin-yesili","13":"pa_size-l","14":"pa_size-m","15":"pa_size-s","16":"pa_size-xl","18":"first","19":"instock","20":"shipping-taxable","21":"purchasable","22":"product-type-variable"},"_links":{"self":[{"href":"https:\/\/mod.wisdar.net\/tr\/wp-json\/wp\/v2\/product\/65581","targetHints":{"allow":["GET"]}}],"collection":[{"href":"https:\/\/mod.wisdar.net\/tr\/wp-json\/wp\/v2\/product"}],"about":[{"href":"https:\/\/mod.wisdar.net\/tr\/wp-json\/wp\/v2\/types\/product"}],"replies":[{"embeddable":true,"href":"https:\/\/mod.wisdar.net\/tr\/wp-json\/wp\/v2\/comments?post=65581"}],"wp:featuredmedia":[{"embeddable":true,"href":"https:\/\/mod.wisdar.net\/tr\/wp-json\/wp\/v2\/media\/65564"}],"wp:attachment":[{"href":"https:\/\/mod.wisdar.net\/tr\/wp-json\/wp\/v2\/media?parent=65581"}],"wp:term":[{"taxonomy":"product_brand","embeddable":true,"href":"https:\/\/mod.wisdar.net\/tr\/wp-json\/wp\/v2\/product_brand?post=65581"},{"taxonomy":"product_cat","embeddable":true,"href":"https:\/\/mod.wisdar.net\/tr\/wp-json\/wp\/v2\/product_cat?post=65581"},{"taxonomy":"product_tag","embeddable":true,"href":"https:\/\/mod.wisdar.net\/tr\/wp-json\/wp\/v2\/product_tag?post=65581"}],"curies":[{"name":"wp","href":"https:\/\/api.w.org\/{rel}","templated":true}]}}