{"id":65625,"date":"2026-01-02T20:41:11","date_gmt":"2026-01-02T20:41:11","guid":{"rendered":"https:\/\/modesthanim.com\/product\/zehra-etek-takimi-pudra-rengi\/"},"modified":"2026-04-02T20:35:28","modified_gmt":"2026-04-02T20:35:28","slug":"zehra-etek-takimi-pudra-rengi","status":"publish","type":"product","link":"https:\/\/mod.wisdar.net\/tr\/urun\/zehra-etek-takimi-pudra-rengi\/","title":{"rendered":"Zehra Etek Tak\u0131m\u0131 Pudra Rengi"},"content":{"rendered":"<p>Ceket, birinci s\u0131n\u0131f Channel kuma\u015ftan yap\u0131lm\u0131\u015ft\u0131r ve etek deri kuma\u015ftan \u00fcretilmi\u015ftir. Ceket tam boy d\u00fc\u011fmelidir. Ceket, deri detaylara sahiptir. Cekette omuz pedleri bulunmaktad\u0131r. Ceket astarl\u0131d\u0131r. Ceket, bir kemer i\u00e7ermektedir. Ete\u011fin beli fermuarl\u0131d\u0131r. Etek pililidir. Ceket uzunlu\u011fu 62 cm, omuz 36 cm, g\u00f6\u011f\u00fcs 49 cm. Etek uzunlu\u011fu 95 cm, bel 36 cm.<\/p>\n","protected":false},"excerpt":{"rendered":"<p>Ceket, birinci s\u0131n\u0131f Channel kuma\u015ftan yap\u0131lm\u0131\u015ft\u0131r ve etek deri kuma\u015ftan \u00fcretilmi\u015ftir. Ceket tam boy d\u00fc\u011fmelidir. Ceket, deri detaylara sahiptir. Cekette omuz pedleri bulunmaktad\u0131r. Ceket astarl\u0131d\u0131r. Ceket, bir kemer i\u00e7ermektedir. Ete\u011fin beli fermuarl\u0131d\u0131r. Etek pililidir. Ceket uzunlu\u011fu 62 cm, omuz 36 cm, g\u00f6\u011f\u00fcs 49 cm. Etek uzunlu\u011fu 95 cm, bel 36 cm.<\/p>\n","protected":false},"featured_media":65622,"comment_status":"open","ping_status":"closed","template":"","meta":[],"product_brand":[],"product_cat":[1900],"product_tag":[5012],"class_list":{"0":"post-65625","1":"product","2":"type-product","3":"status-publish","4":"has-post-thumbnail","6":"product_cat-koordinatlar-setler","7":"product_tag-elegant","8":"pa_brand-butikkolik","9":"pa_color-pudra","10":"pa_size-4706","11":"pa_size-4711","12":"pa_size-4713","13":"pa_size-4751","14":"pa_size-4749","16":"first","17":"outofstock","18":"sale","19":"shipping-taxable","20":"purchasable","21":"product-type-variable"},"_links":{"self":[{"href":"https:\/\/mod.wisdar.net\/tr\/wp-json\/wp\/v2\/product\/65625","targetHints":{"allow":["GET"]}}],"collection":[{"href":"https:\/\/mod.wisdar.net\/tr\/wp-json\/wp\/v2\/product"}],"about":[{"href":"https:\/\/mod.wisdar.net\/tr\/wp-json\/wp\/v2\/types\/product"}],"replies":[{"embeddable":true,"href":"https:\/\/mod.wisdar.net\/tr\/wp-json\/wp\/v2\/comments?post=65625"}],"wp:featuredmedia":[{"embeddable":true,"href":"https:\/\/mod.wisdar.net\/tr\/wp-json\/wp\/v2\/media\/65622"}],"wp:attachment":[{"href":"https:\/\/mod.wisdar.net\/tr\/wp-json\/wp\/v2\/media?parent=65625"}],"wp:term":[{"taxonomy":"product_brand","embeddable":true,"href":"https:\/\/mod.wisdar.net\/tr\/wp-json\/wp\/v2\/product_brand?post=65625"},{"taxonomy":"product_cat","embeddable":true,"href":"https:\/\/mod.wisdar.net\/tr\/wp-json\/wp\/v2\/product_cat?post=65625"},{"taxonomy":"product_tag","embeddable":true,"href":"https:\/\/mod.wisdar.net\/tr\/wp-json\/wp\/v2\/product_tag?post=65625"}],"curies":[{"name":"wp","href":"https:\/\/api.w.org\/{rel}","templated":true}]}}