{"id":65685,"date":"2026-01-04T09:18:59","date_gmt":"2026-01-04T09:18:59","guid":{"rendered":"https:\/\/modesthanim.com\/product\/cift-igne-detayli-bol-paca-lacivert-denim-pantolon\/"},"modified":"2026-04-15T21:56:44","modified_gmt":"2026-04-15T21:56:44","slug":"cift-igne-detayli-bol-paca-lacivert-denim-pantolon","status":"publish","type":"product","link":"https:\/\/mod.wisdar.net\/tr\/urun\/cift-igne-detayli-bol-paca-lacivert-denim-pantolon\/","title":{"rendered":"\u00c7ift \u0130\u011fne Detayl\u0131 Bol Pa\u00e7a Lacivert Denim Pantolon"},"content":{"rendered":"<p>\u00c7\u0130FT \u0130\u011eNE DETAYLI BOL PA\u00c7A LAC\u0130VERT DEN\u0130M PANTOLON \u00d6ZELL\u0130KLER\u0130\u00c7ift i\u011fne diki\u015f detayl\u0131, y\u00fcksel bel, arkadan ve \u00f6nden cepli, bol pa\u00e7a denim pantolon.Kuma\u015f \u0130\u00e7eri\u011fi ve Y\u0131kama Talimat:30 derece de hassas, sentetik ve narin programlar ile y\u0131kay\u0131n\u0131z.%98 Pamuk %2 LikraSo\u011fuk suda y\u0131kay\u0131n\u0131z, kurutma makinesi kullanmay\u0131n\u0131z.Manken \u00dcr\u00fcn Bedeni: SManken \u00d6l\u00e7\u00fcleri: Boy: 1.72 cm, G\u00f6\u011f\u00fcs: 80 cm, Bel: 60 cm, Basen: 90 cm<\/p>\n","protected":false},"excerpt":{"rendered":"<p>\u00c7\u0130FT \u0130\u011eNE DETAYLI BOL PA\u00c7A LAC\u0130VERT DEN\u0130M PANTOLON \u00d6ZELL\u0130KLER\u0130\u00c7ift i\u011fne diki\u015f detayl\u0131, y\u00fcksel bel, arkadan ve \u00f6nden cepli, bol pa\u00e7a denim pantolon.Kuma\u015f \u0130\u00e7eri\u011fi ve Y\u0131kama Talimat:30 derece de hassas, sentetik ve narin programlar ile y\u0131kay\u0131n\u0131z.%98 Pamuk %2 LikraSo\u011fuk suda y\u0131kay\u0131n\u0131z, kurutma makinesi kullanmay\u0131n\u0131z.Manken \u00dcr\u00fcn Bedeni: SManken \u00d6l\u00e7\u00fcleri: Boy: 1.72 cm, G\u00f6\u011f\u00fcs: 80 cm, Bel: 60 [&hellip;]<\/p>\n","protected":false},"featured_media":65675,"comment_status":"open","ping_status":"closed","template":"","meta":[],"product_brand":[],"product_cat":[1882],"product_tag":[7490,7844,7419,8282,6749,7466],"class_list":{"0":"post-65685","1":"product","2":"type-product","3":"status-publish","4":"has-post-thumbnail","6":"product_cat-alt-giyim","7":"product_tag-bol-paca-2","8":"product_tag-denim","9":"product_tag-gunluk","10":"product_tag-lacivert-2","11":"product_tag-pantolon","12":"product_tag-yuksek-bel","13":"pa_brand-hooopstore","14":"pa_color-lacivert","15":"pa_size-large","16":"pa_size-medium","17":"pa_size-small","18":"pa_size-xlarge","20":"first","21":"instock","22":"sale","23":"shipping-taxable","24":"purchasable","25":"product-type-variable"},"_links":{"self":[{"href":"https:\/\/mod.wisdar.net\/tr\/wp-json\/wp\/v2\/product\/65685","targetHints":{"allow":["GET"]}}],"collection":[{"href":"https:\/\/mod.wisdar.net\/tr\/wp-json\/wp\/v2\/product"}],"about":[{"href":"https:\/\/mod.wisdar.net\/tr\/wp-json\/wp\/v2\/types\/product"}],"replies":[{"embeddable":true,"href":"https:\/\/mod.wisdar.net\/tr\/wp-json\/wp\/v2\/comments?post=65685"}],"wp:featuredmedia":[{"embeddable":true,"href":"https:\/\/mod.wisdar.net\/tr\/wp-json\/wp\/v2\/media\/65675"}],"wp:attachment":[{"href":"https:\/\/mod.wisdar.net\/tr\/wp-json\/wp\/v2\/media?parent=65685"}],"wp:term":[{"taxonomy":"product_brand","embeddable":true,"href":"https:\/\/mod.wisdar.net\/tr\/wp-json\/wp\/v2\/product_brand?post=65685"},{"taxonomy":"product_cat","embeddable":true,"href":"https:\/\/mod.wisdar.net\/tr\/wp-json\/wp\/v2\/product_cat?post=65685"},{"taxonomy":"product_tag","embeddable":true,"href":"https:\/\/mod.wisdar.net\/tr\/wp-json\/wp\/v2\/product_tag?post=65685"}],"curies":[{"name":"wp","href":"https:\/\/api.w.org\/{rel}","templated":true}]}}