{"id":65693,"date":"2026-01-04T09:18:59","date_gmt":"2026-01-04T09:18:59","guid":{"rendered":"https:\/\/modesthanim.com\/product\/yuksek-bel-minimal-denim-lacivert-pantolon\/"},"modified":"2026-03-29T20:19:40","modified_gmt":"2026-03-29T20:19:40","slug":"yuksek-bel-minimal-denim-lacivert-pantolon","status":"publish","type":"product","link":"https:\/\/mod.wisdar.net\/tr\/urun\/yuksek-bel-minimal-denim-lacivert-pantolon\/","title":{"rendered":"Y\u00fcksek Bel Minimal Denim Lacivert Pantolon"},"content":{"rendered":"<p>Y\u00dcKSEL BEL M\u0130N\u0130MAL DEN\u0130M LAC\u0130VERT PANTOLON \u00d6ZELL\u0130KLER\u0130 Pamuklu denim kuma\u015ftan \u00fcretilmi\u015f, y\u00fcksel bel, cepli, d\u00fc\u011fme ve fermuar kapamal\u0131, arkas\u0131 lastikli, kemer k\u00f6pr\u00fcl\u00fc, normal kal\u0131p, y\u00fcksek bel minimal denim pantolon. \u0130\u00c7ER\u0130\u011e\u0130 VE YIKANMASI %100 Pamuk 30 derecede hassas, sentetik ve narin programlar\u0131 ile y\u0131kanmal\u0131d\u0131r. El ile \u00f6l\u00e7\u00fcmlerde 2-3 cm farkl\u0131l\u0131k g\u00f6sterebilir. Manken Bedeni: 36 Manken \u00d6l\u00e7\u00fcs\u00fc: Boy: 1.74 cm, G\u00f6\u011f\u00fcs: 78 cm, Bel: 58 cm, Basen: 87 cm<\/p>\n","protected":false},"excerpt":{"rendered":"<p>Y\u00dcKSEL BEL M\u0130N\u0130MAL DEN\u0130M LAC\u0130VERT PANTOLON \u00d6ZELL\u0130KLER\u0130 Pamuklu denim kuma\u015ftan \u00fcretilmi\u015f, y\u00fcksel bel, cepli, d\u00fc\u011fme ve fermuar kapamal\u0131, arkas\u0131 lastikli, kemer k\u00f6pr\u00fcl\u00fc, normal kal\u0131p, y\u00fcksek bel minimal denim pantolon. \u0130\u00c7ER\u0130\u011e\u0130 VE YIKANMASI %100 Pamuk 30 derecede hassas, sentetik ve narin programlar\u0131 ile y\u0131kanmal\u0131d\u0131r. El ile \u00f6l\u00e7\u00fcmlerde 2-3 cm farkl\u0131l\u0131k g\u00f6sterebilir. Manken Bedeni: 36 Manken \u00d6l\u00e7\u00fcs\u00fc: [&hellip;]<\/p>\n","protected":false},"featured_media":65678,"comment_status":"open","ping_status":"closed","template":"","meta":[],"product_brand":[],"product_cat":[1882],"product_tag":[7844,8282,7144,7488,7466],"class_list":{"0":"post-65693","1":"product","2":"type-product","3":"status-publish","4":"has-post-thumbnail","6":"product_cat-alt-giyim","7":"product_tag-denim","8":"product_tag-lacivert-2","9":"product_tag-minimalist","10":"product_tag-pamuk","11":"product_tag-yuksek-bel","12":"pa_brand-hooopstore","13":"pa_color-lacivert","14":"pa_size-large","15":"pa_size-medium","16":"pa_size-small","17":"pa_size-xlarge","18":"pa_size-xxlarge","20":"first","21":"instock","22":"sale","23":"shipping-taxable","24":"purchasable","25":"product-type-variable"},"_links":{"self":[{"href":"https:\/\/mod.wisdar.net\/tr\/wp-json\/wp\/v2\/product\/65693","targetHints":{"allow":["GET"]}}],"collection":[{"href":"https:\/\/mod.wisdar.net\/tr\/wp-json\/wp\/v2\/product"}],"about":[{"href":"https:\/\/mod.wisdar.net\/tr\/wp-json\/wp\/v2\/types\/product"}],"replies":[{"embeddable":true,"href":"https:\/\/mod.wisdar.net\/tr\/wp-json\/wp\/v2\/comments?post=65693"}],"wp:featuredmedia":[{"embeddable":true,"href":"https:\/\/mod.wisdar.net\/tr\/wp-json\/wp\/v2\/media\/65678"}],"wp:attachment":[{"href":"https:\/\/mod.wisdar.net\/tr\/wp-json\/wp\/v2\/media?parent=65693"}],"wp:term":[{"taxonomy":"product_brand","embeddable":true,"href":"https:\/\/mod.wisdar.net\/tr\/wp-json\/wp\/v2\/product_brand?post=65693"},{"taxonomy":"product_cat","embeddable":true,"href":"https:\/\/mod.wisdar.net\/tr\/wp-json\/wp\/v2\/product_cat?post=65693"},{"taxonomy":"product_tag","embeddable":true,"href":"https:\/\/mod.wisdar.net\/tr\/wp-json\/wp\/v2\/product_tag?post=65693"}],"curies":[{"name":"wp","href":"https:\/\/api.w.org\/{rel}","templated":true}]}}