{"id":65763,"date":"2026-01-04T09:19:23","date_gmt":"2026-01-04T09:19:23","guid":{"rendered":"https:\/\/modesthanim.com\/product\/sac-orgu-triko-gri-hirka\/"},"modified":"2026-04-12T20:41:23","modified_gmt":"2026-04-12T20:41:23","slug":"sac-orgu-triko-gri-hirka","status":"publish","type":"product","link":"https:\/\/mod.wisdar.net\/tr\/urun\/sac-orgu-triko-gri-hirka\/","title":{"rendered":"Sa\u00e7 \u00d6rg\u00fc Triko Gri H\u0131rka"},"content":{"rendered":"<p>SA\u00c7 \u00d6RG\u00dc TR\u0130KO GR\u0130 HIRKA \u00d6ZELL\u0130KLER\u0130 Bisiklet yakal\u0131, \u00f6nden d\u00fc\u011fmeli, normal kal\u0131p sa\u00e7 \u00f6rg\u00fcl\u00fc triko h\u0131rka. \u0130\u00c7ER\u0130\u011e\u0130 VE YIKANMASI %75 Akrilik %25 Pes 30 derecede hassas, sentetik ve narin programlar\u0131 so\u011fuk su ile y\u0131kanmal\u0131d\u0131r. El ile \u00f6l\u00e7\u00fcmlerde 2-3 cm farkl\u0131l\u0131k g\u00f6sterebilir. Manken Bedeni: SM Manken \u00d6l\u00e7\u00fcs\u00fc: Boy: 1.74 cm, G\u00f6\u011f\u00fcs: 78 cm, Bel: 58 cm, Basen: 87 cm<\/p>\n","protected":false},"excerpt":{"rendered":"<p>SA\u00c7 \u00d6RG\u00dc TR\u0130KO GR\u0130 HIRKA \u00d6ZELL\u0130KLER\u0130 Bisiklet yakal\u0131, \u00f6nden d\u00fc\u011fmeli, normal kal\u0131p sa\u00e7 \u00f6rg\u00fcl\u00fc triko h\u0131rka. \u0130\u00c7ER\u0130\u011e\u0130 VE YIKANMASI %75 Akrilik %25 Pes 30 derecede hassas, sentetik ve narin programlar\u0131 so\u011fuk su ile y\u0131kanmal\u0131d\u0131r. El ile \u00f6l\u00e7\u00fcmlerde 2-3 cm farkl\u0131l\u0131k g\u00f6sterebilir. Manken Bedeni: SM Manken \u00d6l\u00e7\u00fcs\u00fc: Boy: 1.74 cm, G\u00f6\u011f\u00fcs: 78 cm, Bel: 58 cm, [&hellip;]<\/p>\n","protected":false},"featured_media":65752,"comment_status":"open","ping_status":"closed","template":"","meta":[],"product_brand":[],"product_cat":[1927],"product_tag":[7308],"class_list":{"0":"post-65763","1":"product","2":"type-product","3":"status-publish","4":"has-post-thumbnail","6":"product_cat-hoodies-sweatshirtler","7":"product_tag-hirka","8":"pa_brand-hooopstore","9":"pa_color-gri","10":"pa_size-l-xl-2","11":"pa_size-s-m","13":"first","14":"instock","15":"sale","16":"shipping-taxable","17":"purchasable","18":"product-type-variable"},"_links":{"self":[{"href":"https:\/\/mod.wisdar.net\/tr\/wp-json\/wp\/v2\/product\/65763","targetHints":{"allow":["GET"]}}],"collection":[{"href":"https:\/\/mod.wisdar.net\/tr\/wp-json\/wp\/v2\/product"}],"about":[{"href":"https:\/\/mod.wisdar.net\/tr\/wp-json\/wp\/v2\/types\/product"}],"replies":[{"embeddable":true,"href":"https:\/\/mod.wisdar.net\/tr\/wp-json\/wp\/v2\/comments?post=65763"}],"wp:featuredmedia":[{"embeddable":true,"href":"https:\/\/mod.wisdar.net\/tr\/wp-json\/wp\/v2\/media\/65752"}],"wp:attachment":[{"href":"https:\/\/mod.wisdar.net\/tr\/wp-json\/wp\/v2\/media?parent=65763"}],"wp:term":[{"taxonomy":"product_brand","embeddable":true,"href":"https:\/\/mod.wisdar.net\/tr\/wp-json\/wp\/v2\/product_brand?post=65763"},{"taxonomy":"product_cat","embeddable":true,"href":"https:\/\/mod.wisdar.net\/tr\/wp-json\/wp\/v2\/product_cat?post=65763"},{"taxonomy":"product_tag","embeddable":true,"href":"https:\/\/mod.wisdar.net\/tr\/wp-json\/wp\/v2\/product_tag?post=65763"}],"curies":[{"name":"wp","href":"https:\/\/api.w.org\/{rel}","templated":true}]}}