{"id":65843,"date":"2026-01-04T09:19:51","date_gmt":"2026-01-04T09:19:51","guid":{"rendered":"https:\/\/modesthanim.com\/product\/sac-orgu-triko-lacivert-hirka\/"},"modified":"2026-01-14T18:52:32","modified_gmt":"2026-01-14T18:52:32","slug":"sac-orgu-triko-lacivert-hirka","status":"publish","type":"product","link":"https:\/\/mod.wisdar.net\/tr\/urun\/sac-orgu-triko-lacivert-hirka\/","title":{"rendered":"Sa\u00e7 \u00d6rg\u00fc Triko Lacivert H\u0131rka"},"content":{"rendered":"<p>SA\u00c7 \u00d6RG\u00dc TR\u0130KO LAC\u0130VERT HIRKA \u00d6ZELL\u0130KLER\u0130 Bisiklet yakal\u0131, \u00f6nden d\u00fc\u011fmeli, normal kal\u0131p sa\u00e7 \u00f6rg\u00fcl\u00fc triko h\u0131rka. \u0130\u00c7ER\u0130\u011e\u0130 VE YIKANMASI %75 Akrilik %25 Pes 30 derecede hassas, sentetik ve narin programlar\u0131 so\u011fuk su ile y\u0131kanmal\u0131d\u0131r. El ile \u00f6l\u00e7\u00fcmlerde 2-3 cm farkl\u0131l\u0131k g\u00f6sterebilir. Manken Bedeni: SM Manken \u00d6l\u00e7\u00fcs\u00fc: Boy: 1.74 cm, G\u00f6\u011f\u00fcs: 78 cm, Bel: 58 cm, Basen: 87 cm<\/p>\n","protected":false},"excerpt":{"rendered":"<p>SA\u00c7 \u00d6RG\u00dc TR\u0130KO LAC\u0130VERT HIRKA \u00d6ZELL\u0130KLER\u0130 Bisiklet yakal\u0131, \u00f6nden d\u00fc\u011fmeli, normal kal\u0131p sa\u00e7 \u00f6rg\u00fcl\u00fc triko h\u0131rka. \u0130\u00c7ER\u0130\u011e\u0130 VE YIKANMASI %75 Akrilik %25 Pes 30 derecede hassas, sentetik ve narin programlar\u0131 so\u011fuk su ile y\u0131kanmal\u0131d\u0131r. El ile \u00f6l\u00e7\u00fcmlerde 2-3 cm farkl\u0131l\u0131k g\u00f6sterebilir. Manken Bedeni: SM Manken \u00d6l\u00e7\u00fcs\u00fc: Boy: 1.74 cm, G\u00f6\u011f\u00fcs: 78 cm, Bel: 58 cm, [&hellip;]<\/p>\n","protected":false},"featured_media":65827,"comment_status":"open","ping_status":"closed","template":"","meta":[],"product_brand":[],"product_cat":[1927],"product_tag":[7419,7308,6744,7758,7238,8107],"class_list":{"0":"post-65843","1":"product","2":"type-product","3":"status-publish","4":"has-post-thumbnail","6":"product_cat-hoodies-sweatshirtler","7":"product_tag-gunluk","8":"product_tag-hirka","9":"product_tag-kadin-modasi","10":"product_tag-kis-giyim","11":"product_tag-lacivert","12":"product_tag-sik","13":"pa_brand-hooopstore","14":"pa_color-lacivert","15":"pa_size-l-xl-2","16":"pa_size-s-m","18":"first","19":"instock","20":"sale","21":"shipping-taxable","22":"purchasable","23":"product-type-variable"},"_links":{"self":[{"href":"https:\/\/mod.wisdar.net\/tr\/wp-json\/wp\/v2\/product\/65843","targetHints":{"allow":["GET"]}}],"collection":[{"href":"https:\/\/mod.wisdar.net\/tr\/wp-json\/wp\/v2\/product"}],"about":[{"href":"https:\/\/mod.wisdar.net\/tr\/wp-json\/wp\/v2\/types\/product"}],"replies":[{"embeddable":true,"href":"https:\/\/mod.wisdar.net\/tr\/wp-json\/wp\/v2\/comments?post=65843"}],"wp:featuredmedia":[{"embeddable":true,"href":"https:\/\/mod.wisdar.net\/tr\/wp-json\/wp\/v2\/media\/65827"}],"wp:attachment":[{"href":"https:\/\/mod.wisdar.net\/tr\/wp-json\/wp\/v2\/media?parent=65843"}],"wp:term":[{"taxonomy":"product_brand","embeddable":true,"href":"https:\/\/mod.wisdar.net\/tr\/wp-json\/wp\/v2\/product_brand?post=65843"},{"taxonomy":"product_cat","embeddable":true,"href":"https:\/\/mod.wisdar.net\/tr\/wp-json\/wp\/v2\/product_cat?post=65843"},{"taxonomy":"product_tag","embeddable":true,"href":"https:\/\/mod.wisdar.net\/tr\/wp-json\/wp\/v2\/product_tag?post=65843"}],"curies":[{"name":"wp","href":"https:\/\/api.w.org\/{rel}","templated":true}]}}