{"id":65972,"date":"2026-01-04T09:20:43","date_gmt":"2026-01-04T09:20:43","guid":{"rendered":"https:\/\/modesthanim.com\/product\/premium-yun-dokulu-vizon-blazer-ceket\/"},"modified":"2026-03-17T18:41:43","modified_gmt":"2026-03-17T18:41:43","slug":"premium-yun-dokulu-vizon-blazer-ceket","status":"publish","type":"product","link":"https:\/\/mod.wisdar.net\/tr\/urun\/premium-yun-dokulu-vizon-blazer-ceket\/","title":{"rendered":"Premium Y\u00fcn Dokulu Vizon Blazer Ceket"},"content":{"rendered":"<p>PREM\u0130UM Y\u00dcN DOKULU V\u0130ZON BLAZER CEKET \u00d6ZELL\u0130KLER\u0130<br \/>\nKruvaze yaka, \u00f6nden d\u00fc\u011fmeli, \u00f6n cepleri diki\u015fli cep torbas\u0131na sahip iste\u011fe ba\u011fl\u0131 dikkatlice a\u00e7arak aktif hale kullanabilirsiniz, kollar\u0131 s\u00fcs d\u00fc\u011fmeli, kemer aksesuarl\u0131, oversize kal\u0131p, astarl\u0131 premium y\u00fcn dokulu blazer ceket.<br \/>\n\u0130\u00c7ER\u0130\u011e\u0130 VE YIKANMASI<br \/>\n%100 Pes<br \/>\nKuru temizleme \u00f6nerilir.<br \/>\nEl ile \u00f6l\u00e7\u00fcmlerde 2-3 cm farkl\u0131l\u0131k g\u00f6sterebilir.<br \/>\nManken Bedeni: S-M<br \/>\nManken \u00d6l\u00e7\u00fcs\u00fc: Boy: 1.77 cm, G\u00f6\u011f\u00fcs: 77 cm, Bel: 61 cm, Basen: 89 cm<\/p>\n","protected":false},"excerpt":{"rendered":"<p>PREM\u0130UM Y\u00dcN DOKULU V\u0130ZON BLAZER CEKET \u00d6ZELL\u0130KLER\u0130 Kruvaze yaka, \u00f6nden d\u00fc\u011fmeli, \u00f6n cepleri diki\u015fli cep torbas\u0131na sahip iste\u011fe ba\u011fl\u0131 dikkatlice a\u00e7arak aktif hale kullanabilirsiniz, kollar\u0131 s\u00fcs d\u00fc\u011fmeli, kemer aksesuarl\u0131, oversize kal\u0131p, astarl\u0131 premium y\u00fcn dokulu blazer ceket. \u0130\u00c7ER\u0130\u011e\u0130 VE YIKANMASI %100 Pes Kuru temizleme \u00f6nerilir. El ile \u00f6l\u00e7\u00fcmlerde 2-3 cm farkl\u0131l\u0131k g\u00f6sterebilir. Manken Bedeni: S-M [&hellip;]<\/p>\n","protected":false},"featured_media":65959,"comment_status":"open","ping_status":"closed","template":"","meta":[],"product_brand":[],"product_cat":[2050],"product_tag":[8015,7959],"class_list":{"0":"post-65972","1":"product","2":"type-product","3":"status-publish","4":"has-post-thumbnail","6":"product_cat-blazer-ceketler","7":"product_tag-moda-ceket","8":"product_tag-resmi-giyim","9":"pa_brand-hooopstore","10":"pa_color-vizon-rengi","11":"pa_size-l-xl-2","12":"pa_size-s-m","14":"first","15":"outofstock","16":"shipping-taxable","17":"product-type-variable"},"_links":{"self":[{"href":"https:\/\/mod.wisdar.net\/tr\/wp-json\/wp\/v2\/product\/65972","targetHints":{"allow":["GET"]}}],"collection":[{"href":"https:\/\/mod.wisdar.net\/tr\/wp-json\/wp\/v2\/product"}],"about":[{"href":"https:\/\/mod.wisdar.net\/tr\/wp-json\/wp\/v2\/types\/product"}],"replies":[{"embeddable":true,"href":"https:\/\/mod.wisdar.net\/tr\/wp-json\/wp\/v2\/comments?post=65972"}],"wp:featuredmedia":[{"embeddable":true,"href":"https:\/\/mod.wisdar.net\/tr\/wp-json\/wp\/v2\/media\/65959"}],"wp:attachment":[{"href":"https:\/\/mod.wisdar.net\/tr\/wp-json\/wp\/v2\/media?parent=65972"}],"wp:term":[{"taxonomy":"product_brand","embeddable":true,"href":"https:\/\/mod.wisdar.net\/tr\/wp-json\/wp\/v2\/product_brand?post=65972"},{"taxonomy":"product_cat","embeddable":true,"href":"https:\/\/mod.wisdar.net\/tr\/wp-json\/wp\/v2\/product_cat?post=65972"},{"taxonomy":"product_tag","embeddable":true,"href":"https:\/\/mod.wisdar.net\/tr\/wp-json\/wp\/v2\/product_tag?post=65972"}],"curies":[{"name":"wp","href":"https:\/\/api.w.org\/{rel}","templated":true}]}}