{"id":66026,"date":"2026-01-04T09:21:07","date_gmt":"2026-01-04T09:21:07","guid":{"rendered":"https:\/\/modesthanim.com\/product\/pamuklu-rahat-kesim-bej-pantolon\/"},"modified":"2026-04-12T20:50:32","modified_gmt":"2026-04-12T20:50:32","slug":"pamuklu-rahat-kesim-bej-pantolon","status":"publish","type":"product","link":"https:\/\/mod.wisdar.net\/tr\/urun\/pamuklu-rahat-kesim-bej-pantolon\/","title":{"rendered":"Pamuklu Rahat Kesim Bej Pantolon"},"content":{"rendered":"<p>PAMUKLU RAHAT KES\u0130M BEJ PANTOLON \u00d6ZELL\u0130KLER\u0130<br \/>\nPremium telalanm\u0131\u015f hacimli duran pamuklu kuma\u015ftan i\u00e7 belli etmeyen, beli lastikli, y\u00fcksek bel, t\u00fcnelli ayarlanabilir, cepli, geni\u015f kal\u0131p, pamuklu rahat kesim pantolon.<br \/>\n\u0130\u00c7ER\u0130\u011e\u0130 VE YIKANMASI<br \/>\n%100 Pamuk<br \/>\n30 derecede k\u0131sa programda makinede y\u0131kay\u0131n\u0131z, hassas y\u0131kama yap\u0131n\u0131z. Tersten y\u0131kay\u0131n\u0131z. A\u011fart\u0131c\u0131 kullanmay\u0131n\u0131z. D\u00fc\u015f\u00fck \u0131s\u0131da \u00fct\u00fcleyiniz.<br \/>\nEl ile \u00f6l\u00e7\u00fcmlerde 2-3 cm farkl\u0131l\u0131k g\u00f6sterebilir.<br \/>\nManken Bedeni: STD<br \/>\nManken \u00d6l\u00e7\u00fcs\u00fc: Boy: 1.77 cm, G\u00f6\u011f\u00fcs: 83 cm, Bel: 61 cm, Basen: 91 cm<\/p>\n","protected":false},"excerpt":{"rendered":"<p>PAMUKLU RAHAT KES\u0130M BEJ PANTOLON \u00d6ZELL\u0130KLER\u0130 Premium telalanm\u0131\u015f hacimli duran pamuklu kuma\u015ftan i\u00e7 belli etmeyen, beli lastikli, y\u00fcksek bel, t\u00fcnelli ayarlanabilir, cepli, geni\u015f kal\u0131p, pamuklu rahat kesim pantolon. \u0130\u00c7ER\u0130\u011e\u0130 VE YIKANMASI %100 Pamuk 30 derecede k\u0131sa programda makinede y\u0131kay\u0131n\u0131z, hassas y\u0131kama yap\u0131n\u0131z. Tersten y\u0131kay\u0131n\u0131z. A\u011fart\u0131c\u0131 kullanmay\u0131n\u0131z. D\u00fc\u015f\u00fck \u0131s\u0131da \u00fct\u00fcleyiniz. El ile \u00f6l\u00e7\u00fcmlerde 2-3 cm farkl\u0131l\u0131k [&hellip;]<\/p>\n","protected":false},"featured_media":66014,"comment_status":"open","ping_status":"closed","template":"","meta":[],"product_brand":[],"product_cat":[1882],"product_tag":[],"class_list":{"0":"post-66026","1":"product","2":"type-product","3":"status-publish","4":"has-post-thumbnail","6":"product_cat-alt-giyim","7":"pa_brand-hooopstore","8":"pa_color-bej-rengi","9":"pa_size-standart","11":"first","12":"outofstock","13":"shipping-taxable","14":"product-type-variable"},"_links":{"self":[{"href":"https:\/\/mod.wisdar.net\/tr\/wp-json\/wp\/v2\/product\/66026","targetHints":{"allow":["GET"]}}],"collection":[{"href":"https:\/\/mod.wisdar.net\/tr\/wp-json\/wp\/v2\/product"}],"about":[{"href":"https:\/\/mod.wisdar.net\/tr\/wp-json\/wp\/v2\/types\/product"}],"replies":[{"embeddable":true,"href":"https:\/\/mod.wisdar.net\/tr\/wp-json\/wp\/v2\/comments?post=66026"}],"wp:featuredmedia":[{"embeddable":true,"href":"https:\/\/mod.wisdar.net\/tr\/wp-json\/wp\/v2\/media\/66014"}],"wp:attachment":[{"href":"https:\/\/mod.wisdar.net\/tr\/wp-json\/wp\/v2\/media?parent=66026"}],"wp:term":[{"taxonomy":"product_brand","embeddable":true,"href":"https:\/\/mod.wisdar.net\/tr\/wp-json\/wp\/v2\/product_brand?post=66026"},{"taxonomy":"product_cat","embeddable":true,"href":"https:\/\/mod.wisdar.net\/tr\/wp-json\/wp\/v2\/product_cat?post=66026"},{"taxonomy":"product_tag","embeddable":true,"href":"https:\/\/mod.wisdar.net\/tr\/wp-json\/wp\/v2\/product_tag?post=66026"}],"curies":[{"name":"wp","href":"https:\/\/api.w.org\/{rel}","templated":true}]}}