{"id":66087,"date":"2026-01-04T09:21:37","date_gmt":"2026-01-04T09:21:37","guid":{"rendered":"https:\/\/modesthanim.com\/product\/kemer-tokali-kase-kahve-kaban\/"},"modified":"2026-04-03T00:40:47","modified_gmt":"2026-04-03T00:40:47","slug":"kemer-tokali-kase-kahve-kaban","status":"publish","type":"product","link":"https:\/\/mod.wisdar.net\/tr\/urun\/kemer-tokali-kase-kahve-kaban\/","title":{"rendered":"Kemer Tokal\u0131 Ka\u015fe Kahve Kaban"},"content":{"rendered":"<p>KEMER TOKALI KA\u015eE KAHVE KABAN \u00d6ZELL\u0130KLER\u0130 \u015eal yakal\u0131, kemer toka ve d\u00fc\u011fme kapamal\u0131, rahat kal\u0131p, astarl\u0131 kemer tokal\u0131 ka\u015fe kaban. \u0130\u00c7ER\u0130\u011e\u0130 VE YIKANMASI %50 Nyl %50 Poly Kuru temizleme \u00f6nerilir. El ile \u00f6l\u00e7\u00fcmlerde 2-3 cm farkl\u0131l\u0131k g\u00f6sterebilir. Manken Bedeni: S-M Manken \u00d6l\u00e7\u00fcs\u00fc: Boy: 1.77 cm, G\u00f6\u011f\u00fcs: 77 cm, Bel: 61 cm, Basen: 89 cm<\/p>\n","protected":false},"excerpt":{"rendered":"<p>KEMER TOKALI KA\u015eE KAHVE KABAN \u00d6ZELL\u0130KLER\u0130 \u015eal yakal\u0131, kemer toka ve d\u00fc\u011fme kapamal\u0131, rahat kal\u0131p, astarl\u0131 kemer tokal\u0131 ka\u015fe kaban. \u0130\u00c7ER\u0130\u011e\u0130 VE YIKANMASI %50 Nyl %50 Poly Kuru temizleme \u00f6nerilir. El ile \u00f6l\u00e7\u00fcmlerde 2-3 cm farkl\u0131l\u0131k g\u00f6sterebilir. Manken Bedeni: S-M Manken \u00d6l\u00e7\u00fcs\u00fc: Boy: 1.77 cm, G\u00f6\u011f\u00fcs: 77 cm, Bel: 61 cm, Basen: 89 cm<\/p>\n","protected":false},"featured_media":66074,"comment_status":"open","ping_status":"closed","template":"","meta":[],"product_brand":[],"product_cat":[2047],"product_tag":[4908,5010,6744,8173,4999],"class_list":{"0":"post-66087","1":"product","2":"type-product","3":"status-publish","4":"has-post-thumbnail","6":"product_cat-paltolar","7":"product_tag-brown","8":"product_tag-coat","9":"product_tag-kadin-modasi","10":"product_tag-kasmir","11":"product_tag-outerwear","12":"pa_brand-hooopstore","13":"pa_color-kahve","14":"pa_size-l-xl-2","15":"pa_size-s-m","17":"first","18":"instock","19":"sale","20":"shipping-taxable","21":"purchasable","22":"product-type-variable"},"_links":{"self":[{"href":"https:\/\/mod.wisdar.net\/tr\/wp-json\/wp\/v2\/product\/66087","targetHints":{"allow":["GET"]}}],"collection":[{"href":"https:\/\/mod.wisdar.net\/tr\/wp-json\/wp\/v2\/product"}],"about":[{"href":"https:\/\/mod.wisdar.net\/tr\/wp-json\/wp\/v2\/types\/product"}],"replies":[{"embeddable":true,"href":"https:\/\/mod.wisdar.net\/tr\/wp-json\/wp\/v2\/comments?post=66087"}],"wp:featuredmedia":[{"embeddable":true,"href":"https:\/\/mod.wisdar.net\/tr\/wp-json\/wp\/v2\/media\/66074"}],"wp:attachment":[{"href":"https:\/\/mod.wisdar.net\/tr\/wp-json\/wp\/v2\/media?parent=66087"}],"wp:term":[{"taxonomy":"product_brand","embeddable":true,"href":"https:\/\/mod.wisdar.net\/tr\/wp-json\/wp\/v2\/product_brand?post=66087"},{"taxonomy":"product_cat","embeddable":true,"href":"https:\/\/mod.wisdar.net\/tr\/wp-json\/wp\/v2\/product_cat?post=66087"},{"taxonomy":"product_tag","embeddable":true,"href":"https:\/\/mod.wisdar.net\/tr\/wp-json\/wp\/v2\/product_tag?post=66087"}],"curies":[{"name":"wp","href":"https:\/\/api.w.org\/{rel}","templated":true}]}}