{"id":66155,"date":"2026-01-04T09:22:02","date_gmt":"2026-01-04T09:22:02","guid":{"rendered":"https:\/\/modesthanim.com\/product\/kemer-tokali-kase-fume-kaban\/"},"modified":"2026-01-14T18:55:29","modified_gmt":"2026-01-14T18:55:29","slug":"kemer-tokali-kase-fume-kaban","status":"publish","type":"product","link":"https:\/\/mod.wisdar.net\/tr\/urun\/kemer-tokali-kase-fume-kaban\/","title":{"rendered":"Kemer Tokal\u0131 Ka\u015fe F\u00fcme Kaban"},"content":{"rendered":"<p>KEMER TOKALI KA\u015eE F\u00dcME KABAN \u00d6ZELL\u0130KLER\u0130 \u015eal yakal\u0131, kemer toka ve d\u00fc\u011fme kapamal\u0131, rahat kal\u0131p, astarl\u0131 kemer tokal\u0131 ka\u015fe kaban. \u0130\u00c7ER\u0130\u011e\u0130 VE YIKANMASI %50 Nyl %50 Poly Kuru temizleme \u00f6nerilir. El ile \u00f6l\u00e7\u00fcmlerde 2-3 cm farkl\u0131l\u0131k g\u00f6sterebilir. Manken Bedeni: S-M Manken \u00d6l\u00e7\u00fcs\u00fc: Boy: 1.77 cm, G\u00f6\u011f\u00fcs: 77 cm, Bel: 61 cm, Basen: 89 cm<\/p>\n<p>\u2014 Technical Details \u2014<br \/>\ncare_instructions: Kuru temizleme \u00f6nerilir.<br \/>\nmeasurement_tolerance: El ile \u00f6l\u00e7\u00fcmlerde 2-3 cm farkl\u0131l\u0131k g\u00f6sterebilir.<br \/>\nmodel_size: S-M<br \/>\nmodel_measurements: Boy: 1.77 cm, G\u00f6\u011f\u00fcs: 77 cm, Bel: 61 cm, Basen: 89 cm<\/p>\n","protected":false},"excerpt":{"rendered":"<p>KEMER TOKALI KA\u015eE F\u00dcME KABAN \u00d6ZELL\u0130KLER\u0130 \u015eal yakal\u0131, kemer toka ve d\u00fc\u011fme kapamal\u0131, rahat kal\u0131p, astarl\u0131 kemer tokal\u0131 ka\u015fe kaban. \u0130\u00c7ER\u0130\u011e\u0130 VE YIKANMASI %50 Nyl %50 Poly Kuru temizleme \u00f6nerilir. El ile \u00f6l\u00e7\u00fcmlerde 2-3 cm farkl\u0131l\u0131k g\u00f6sterebilir. Manken Bedeni: S-M Manken \u00d6l\u00e7\u00fcs\u00fc: Boy: 1.77 cm, G\u00f6\u011f\u00fcs: 77 cm, Bel: 61 cm, Basen: 89 cm \u2014 [&hellip;]<\/p>\n","protected":false},"featured_media":66140,"comment_status":"open","ping_status":"closed","template":"","meta":[],"product_brand":[],"product_cat":[2047],"product_tag":[8173,4999,8285,6311],"class_list":{"0":"post-66155","1":"product","2":"type-product","3":"status-publish","4":"has-post-thumbnail","6":"product_cat-paltolar","7":"product_tag-kasmir","8":"product_tag-outerwear","9":"product_tag-sal-yaka","10":"product_tag-winter-coat","11":"pa_brand-hooopstore","12":"pa_color-fume-rengi","13":"pa_size-l-xl-2","14":"pa_size-s-m","16":"first","17":"instock","18":"sale","19":"shipping-taxable","20":"purchasable","21":"product-type-variable","22":"has-default-attributes"},"_links":{"self":[{"href":"https:\/\/mod.wisdar.net\/tr\/wp-json\/wp\/v2\/product\/66155","targetHints":{"allow":["GET"]}}],"collection":[{"href":"https:\/\/mod.wisdar.net\/tr\/wp-json\/wp\/v2\/product"}],"about":[{"href":"https:\/\/mod.wisdar.net\/tr\/wp-json\/wp\/v2\/types\/product"}],"replies":[{"embeddable":true,"href":"https:\/\/mod.wisdar.net\/tr\/wp-json\/wp\/v2\/comments?post=66155"}],"wp:featuredmedia":[{"embeddable":true,"href":"https:\/\/mod.wisdar.net\/tr\/wp-json\/wp\/v2\/media\/66140"}],"wp:attachment":[{"href":"https:\/\/mod.wisdar.net\/tr\/wp-json\/wp\/v2\/media?parent=66155"}],"wp:term":[{"taxonomy":"product_brand","embeddable":true,"href":"https:\/\/mod.wisdar.net\/tr\/wp-json\/wp\/v2\/product_brand?post=66155"},{"taxonomy":"product_cat","embeddable":true,"href":"https:\/\/mod.wisdar.net\/tr\/wp-json\/wp\/v2\/product_cat?post=66155"},{"taxonomy":"product_tag","embeddable":true,"href":"https:\/\/mod.wisdar.net\/tr\/wp-json\/wp\/v2\/product_tag?post=66155"}],"curies":[{"name":"wp","href":"https:\/\/api.w.org\/{rel}","templated":true}]}}