{"id":66210,"date":"2026-01-04T09:22:28","date_gmt":"2026-01-04T09:22:28","guid":{"rendered":"https:\/\/modesthanim.com\/product\/kemer-tokali-kase-lacivert-kaban\/"},"modified":"2026-01-14T18:54:41","modified_gmt":"2026-01-14T18:54:41","slug":"kemer-tokali-kase-lacivert-kaban","status":"publish","type":"product","link":"https:\/\/mod.wisdar.net\/tr\/urun\/kemer-tokali-kase-lacivert-kaban\/","title":{"rendered":"Kemer Tokal\u0131 Ka\u015fe Lacivert Kaban"},"content":{"rendered":"<p>KEMER TOKALI KA\u015eE LAC\u0130VERT KABAN \u00d6ZELL\u0130KLER\u0130 \u015eal yakal\u0131, kemer toka ve d\u00fc\u011fme kapamal\u0131, rahat kal\u0131p, astarl\u0131 kemer tokal\u0131 ka\u015fe kaban. \u0130\u00c7ER\u0130\u011e\u0130 VE YIKANMASI %50 Nyl %50 Poly Kuru temizleme \u00f6nerilir. El ile \u00f6l\u00e7\u00fcmlerde 2-3 cm farkl\u0131l\u0131k g\u00f6sterebilir. Manken Bedeni: S-M Manken \u00d6l\u00e7\u00fcs\u00fc: Boy: 1.77 cm, G\u00f6\u011f\u00fcs: 83 cm, Bel: 61 cm, Basen: 91 cm<\/p>\n","protected":false},"excerpt":{"rendered":"<p>KEMER TOKALI KA\u015eE LAC\u0130VERT KABAN \u00d6ZELL\u0130KLER\u0130 \u015eal yakal\u0131, kemer toka ve d\u00fc\u011fme kapamal\u0131, rahat kal\u0131p, astarl\u0131 kemer tokal\u0131 ka\u015fe kaban. \u0130\u00c7ER\u0130\u011e\u0130 VE YIKANMASI %50 Nyl %50 Poly Kuru temizleme \u00f6nerilir. El ile \u00f6l\u00e7\u00fcmlerde 2-3 cm farkl\u0131l\u0131k g\u00f6sterebilir. Manken Bedeni: S-M Manken \u00d6l\u00e7\u00fcs\u00fc: Boy: 1.77 cm, G\u00f6\u011f\u00fcs: 83 cm, Bel: 61 cm, Basen: 91 cm<\/p>\n","protected":false},"featured_media":66202,"comment_status":"open","ping_status":"closed","template":"","meta":[],"product_brand":[],"product_cat":[2047],"product_tag":[7238,4999,8450,6311],"class_list":{"0":"post-66210","1":"product","2":"type-product","3":"status-publish","4":"has-post-thumbnail","6":"product_cat-paltolar","7":"product_tag-lacivert","8":"product_tag-outerwear","9":"product_tag-premium","10":"product_tag-winter-coat","11":"pa_brand-hooopstore","12":"pa_color-lacivert","13":"pa_size-l-xl-2","14":"pa_size-s-m","16":"first","17":"instock","18":"sale","19":"shipping-taxable","20":"purchasable","21":"product-type-variable"},"_links":{"self":[{"href":"https:\/\/mod.wisdar.net\/tr\/wp-json\/wp\/v2\/product\/66210","targetHints":{"allow":["GET"]}}],"collection":[{"href":"https:\/\/mod.wisdar.net\/tr\/wp-json\/wp\/v2\/product"}],"about":[{"href":"https:\/\/mod.wisdar.net\/tr\/wp-json\/wp\/v2\/types\/product"}],"replies":[{"embeddable":true,"href":"https:\/\/mod.wisdar.net\/tr\/wp-json\/wp\/v2\/comments?post=66210"}],"wp:featuredmedia":[{"embeddable":true,"href":"https:\/\/mod.wisdar.net\/tr\/wp-json\/wp\/v2\/media\/66202"}],"wp:attachment":[{"href":"https:\/\/mod.wisdar.net\/tr\/wp-json\/wp\/v2\/media?parent=66210"}],"wp:term":[{"taxonomy":"product_brand","embeddable":true,"href":"https:\/\/mod.wisdar.net\/tr\/wp-json\/wp\/v2\/product_brand?post=66210"},{"taxonomy":"product_cat","embeddable":true,"href":"https:\/\/mod.wisdar.net\/tr\/wp-json\/wp\/v2\/product_cat?post=66210"},{"taxonomy":"product_tag","embeddable":true,"href":"https:\/\/mod.wisdar.net\/tr\/wp-json\/wp\/v2\/product_tag?post=66210"}],"curies":[{"name":"wp","href":"https:\/\/api.w.org\/{rel}","templated":true}]}}