{"id":66221,"date":"2026-01-04T09:22:29","date_gmt":"2026-01-04T09:22:29","guid":{"rendered":"https:\/\/modesthanim.com\/product\/kurk-yaka-siyah-kaban\/"},"modified":"2026-03-22T08:41:14","modified_gmt":"2026-03-22T08:41:14","slug":"kurk-yaka-siyah-kaban","status":"publish","type":"product","link":"https:\/\/mod.wisdar.net\/tr\/urun\/kurk-yaka-siyah-kaban\/","title":{"rendered":"K\u00fcrk Yaka Siyah Kaban"},"content":{"rendered":"<p>K\u00dcRK YAKA S\u0130YAH KABAN \u00d6ZELL\u0130KLER\u0130<br \/>\nK\u00fcrk yakal\u0131, fermuar kapamal\u0131, cep detayl\u0131, kemer k\u00f6pr\u00fcl\u00fc, kendi kuma\u015f\u0131ndan ku\u015fakl\u0131, normal kal\u0131p, astarl\u0131 k\u00fcrk yaka kaban.<\/p>\n<p>\u0130\u00c7ER\u0130\u011e\u0130 VE YIKANMASI<br \/>\n%76 Pes %24 Viscon<br \/>\nKuru temizleme \u00f6nerilir.<br \/>\nEl ile \u00f6l\u00e7\u00fcmlerde 2-3 cm farkl\u0131l\u0131k g\u00f6sterebilir.<\/p>\n<p>Manken Bedeni: S-M<br \/>\nManken \u00d6l\u00e7\u00fcs\u00fc: Boy: 1.77 cm, G\u00f6\u011f\u00fcs: 83 cm, Bel: 61 cm, Basen: 91 cm<\/p>\n","protected":false},"excerpt":{"rendered":"<p>K\u00dcRK YAKA S\u0130YAH KABAN \u00d6ZELL\u0130KLER\u0130 K\u00fcrk yakal\u0131, fermuar kapamal\u0131, cep detayl\u0131, kemer k\u00f6pr\u00fcl\u00fc, kendi kuma\u015f\u0131ndan ku\u015fakl\u0131, normal kal\u0131p, astarl\u0131 k\u00fcrk yaka kaban. \u0130\u00c7ER\u0130\u011e\u0130 VE YIKANMASI %76 Pes %24 Viscon Kuru temizleme \u00f6nerilir. El ile \u00f6l\u00e7\u00fcmlerde 2-3 cm farkl\u0131l\u0131k g\u00f6sterebilir. Manken Bedeni: S-M Manken \u00d6l\u00e7\u00fcs\u00fc: Boy: 1.77 cm, G\u00f6\u011f\u00fcs: 83 cm, Bel: 61 cm, Basen: 91 [&hellip;]<\/p>\n","protected":false},"featured_media":66207,"comment_status":"open","ping_status":"closed","template":"","meta":[],"product_brand":[],"product_cat":[2047],"product_tag":[],"class_list":{"0":"post-66221","1":"product","2":"type-product","3":"status-publish","4":"has-post-thumbnail","6":"product_cat-paltolar","7":"pa_brand-hooopstore","8":"pa_color-siyah","9":"pa_size-l-xl-2","10":"pa_size-s-m","12":"first","13":"outofstock","14":"shipping-taxable","15":"product-type-variable"},"_links":{"self":[{"href":"https:\/\/mod.wisdar.net\/tr\/wp-json\/wp\/v2\/product\/66221","targetHints":{"allow":["GET"]}}],"collection":[{"href":"https:\/\/mod.wisdar.net\/tr\/wp-json\/wp\/v2\/product"}],"about":[{"href":"https:\/\/mod.wisdar.net\/tr\/wp-json\/wp\/v2\/types\/product"}],"replies":[{"embeddable":true,"href":"https:\/\/mod.wisdar.net\/tr\/wp-json\/wp\/v2\/comments?post=66221"}],"wp:featuredmedia":[{"embeddable":true,"href":"https:\/\/mod.wisdar.net\/tr\/wp-json\/wp\/v2\/media\/66207"}],"wp:attachment":[{"href":"https:\/\/mod.wisdar.net\/tr\/wp-json\/wp\/v2\/media?parent=66221"}],"wp:term":[{"taxonomy":"product_brand","embeddable":true,"href":"https:\/\/mod.wisdar.net\/tr\/wp-json\/wp\/v2\/product_brand?post=66221"},{"taxonomy":"product_cat","embeddable":true,"href":"https:\/\/mod.wisdar.net\/tr\/wp-json\/wp\/v2\/product_cat?post=66221"},{"taxonomy":"product_tag","embeddable":true,"href":"https:\/\/mod.wisdar.net\/tr\/wp-json\/wp\/v2\/product_tag?post=66221"}],"curies":[{"name":"wp","href":"https:\/\/api.w.org\/{rel}","templated":true}]}}