{"id":6629,"date":"2025-11-07T20:16:06","date_gmt":"2025-11-01T19:31:01","guid":{"rendered":"https:\/\/modesthanim.com\/product\/bordo-beli-oturan-ceket\/"},"modified":"2026-04-10T15:13:23","modified_gmt":"2026-04-10T15:13:23","slug":"bordo-beli-oturan-ceket","status":"publish","type":"product","link":"https:\/\/mod.wisdar.net\/tr\/urun\/bordo-beli-oturan-ceket\/","title":{"rendered":"Bordo Beli Oturan Ceket"},"content":{"rendered":"<p>1(36-38) Beden Uzunluk: 68 cm, Kol Uzunlu\u011fu: 57 cm, \u0130ki Omuz Aras\u0131 Mesafe: 43 cm, G\u00f6\u011f\u00fcs: 46 cm, Bel: 40 cm.<\/p>\n<p>2(40-42) Beden Uzunluk: 70 cm, Kol Uzunlu\u011fu: 58 cm, \u0130ki Omuz Aras\u0131 Mesafe: 44 cm, G\u00f6\u011f\u00fcs: 48 cm, Bel: 42 cm.<\/p>\n","protected":false},"excerpt":{"rendered":"<p>1(36-38) Beden Uzunluk: 68 cm, Kol Uzunlu\u011fu: 57 cm, \u0130ki Omuz Aras\u0131 Mesafe: 43 cm, G\u00f6\u011f\u00fcs: 46 cm, Bel: 40 cm. 2(40-42) Beden Uzunluk: 70 cm, Kol Uzunlu\u011fu: 58 cm, \u0130ki Omuz Aras\u0131 Mesafe: 44 cm, G\u00f6\u011f\u00fcs: 48 cm, Bel: 42 cm.<\/p>\n","protected":false},"featured_media":0,"comment_status":"open","ping_status":"closed","template":"","meta":[],"product_brand":[],"product_cat":[2044],"product_tag":[],"class_list":{"0":"post-6629","1":"product","2":"type-product","3":"status-publish","5":"product_cat-ceketler","6":"pa_brand-fahhar","7":"pa_color-bordo","8":"pa_size-1-36-38","9":"pa_size-2-40-42","10":"pa_size-4701","11":"pa_size-4706","12":"pa_size-4711","14":"first","15":"instock","16":"sale","17":"shipping-taxable","18":"purchasable","19":"product-type-variable"},"_links":{"self":[{"href":"https:\/\/mod.wisdar.net\/tr\/wp-json\/wp\/v2\/product\/6629","targetHints":{"allow":["GET"]}}],"collection":[{"href":"https:\/\/mod.wisdar.net\/tr\/wp-json\/wp\/v2\/product"}],"about":[{"href":"https:\/\/mod.wisdar.net\/tr\/wp-json\/wp\/v2\/types\/product"}],"replies":[{"embeddable":true,"href":"https:\/\/mod.wisdar.net\/tr\/wp-json\/wp\/v2\/comments?post=6629"}],"wp:attachment":[{"href":"https:\/\/mod.wisdar.net\/tr\/wp-json\/wp\/v2\/media?parent=6629"}],"wp:term":[{"taxonomy":"product_brand","embeddable":true,"href":"https:\/\/mod.wisdar.net\/tr\/wp-json\/wp\/v2\/product_brand?post=6629"},{"taxonomy":"product_cat","embeddable":true,"href":"https:\/\/mod.wisdar.net\/tr\/wp-json\/wp\/v2\/product_cat?post=6629"},{"taxonomy":"product_tag","embeddable":true,"href":"https:\/\/mod.wisdar.net\/tr\/wp-json\/wp\/v2\/product_tag?post=6629"}],"curies":[{"name":"wp","href":"https:\/\/api.w.org\/{rel}","templated":true}]}}