{"id":66296,"date":"2026-01-04T09:22:58","date_gmt":"2026-01-04T09:22:58","guid":{"rendered":"https:\/\/modesthanim.com\/product\/kurk-yaka-kisa-siyah-mont\/"},"modified":"2026-01-14T18:52:09","modified_gmt":"2026-01-14T18:52:09","slug":"kurk-yaka-kisa-siyah-mont","status":"publish","type":"product","link":"https:\/\/mod.wisdar.net\/tr\/urun\/kurk-yaka-kisa-siyah-mont\/","title":{"rendered":"K\u00fcrk Yaka K\u0131sa Siyah Mont"},"content":{"rendered":"<p>K\u00dcRK YAKA KISA S\u0130YAH MONT \u00d6ZELL\u0130KLER\u0130\u00a0<br \/>\nTak \u2013 \u00e7\u0131kar k\u00fcrk yakal\u0131, d\u00fc\u011fme kapamal\u0131, cepli, d\u00fc\u015f\u00fck omuz, rahat kal\u0131p, astarl\u0131 k\u00fcrk yaka k\u0131sa mont.\u00a0<br \/>\n\u0130\u00c7ER\u0130\u011e\u0130 VE YIKANMASI\u00a0<br \/>\n%100 Pes\u00a0<br \/>\nKuru temizleme \u00f6nerilir.\u00a0<br \/>\nEl ile \u00f6l\u00e7\u00fcmlerde 2-3 cm farkl\u0131l\u0131k g\u00f6sterebilir.\u00a0<br \/>\nManken Bedeni: S-M\u00a0<br \/>\nManken \u00d6l\u00e7\u00fcs\u00fc:\u00a0Boy: 1.77 cm, G\u00f6\u011f\u00fcs: 83 cm, Bel: 61 cm, Basen: 91 cm<\/p>\n","protected":false},"excerpt":{"rendered":"<p>K\u00dcRK YAKA KISA S\u0130YAH MONT \u00d6ZELL\u0130KLER\u0130\u00a0 Tak \u2013 \u00e7\u0131kar k\u00fcrk yakal\u0131, d\u00fc\u011fme kapamal\u0131, cepli, d\u00fc\u015f\u00fck omuz, rahat kal\u0131p, astarl\u0131 k\u00fcrk yaka k\u0131sa mont.\u00a0 \u0130\u00c7ER\u0130\u011e\u0130 VE YIKANMASI\u00a0 %100 Pes\u00a0 Kuru temizleme \u00f6nerilir.\u00a0 El ile \u00f6l\u00e7\u00fcmlerde 2-3 cm farkl\u0131l\u0131k g\u00f6sterebilir.\u00a0 Manken Bedeni: S-M\u00a0 Manken \u00d6l\u00e7\u00fcs\u00fc:\u00a0Boy: 1.77 cm, G\u00f6\u011f\u00fcs: 83 cm, Bel: 61 cm, Basen: 91 cm<\/p>\n","protected":false},"featured_media":66287,"comment_status":"open","ping_status":"closed","template":"","meta":[],"product_brand":[],"product_cat":[2047],"product_tag":[6311,6313],"class_list":{"0":"post-66296","1":"product","2":"type-product","3":"status-publish","4":"has-post-thumbnail","6":"product_cat-paltolar","7":"product_tag-winter-coat","8":"product_tag-womens-coat","9":"pa_brand-hooopstore","10":"pa_color-siyah","11":"pa_size-l-xl-2","12":"pa_size-s-m","14":"first","15":"instock","16":"sale","17":"shipping-taxable","18":"purchasable","19":"product-type-variable"},"_links":{"self":[{"href":"https:\/\/mod.wisdar.net\/tr\/wp-json\/wp\/v2\/product\/66296","targetHints":{"allow":["GET"]}}],"collection":[{"href":"https:\/\/mod.wisdar.net\/tr\/wp-json\/wp\/v2\/product"}],"about":[{"href":"https:\/\/mod.wisdar.net\/tr\/wp-json\/wp\/v2\/types\/product"}],"replies":[{"embeddable":true,"href":"https:\/\/mod.wisdar.net\/tr\/wp-json\/wp\/v2\/comments?post=66296"}],"wp:featuredmedia":[{"embeddable":true,"href":"https:\/\/mod.wisdar.net\/tr\/wp-json\/wp\/v2\/media\/66287"}],"wp:attachment":[{"href":"https:\/\/mod.wisdar.net\/tr\/wp-json\/wp\/v2\/media?parent=66296"}],"wp:term":[{"taxonomy":"product_brand","embeddable":true,"href":"https:\/\/mod.wisdar.net\/tr\/wp-json\/wp\/v2\/product_brand?post=66296"},{"taxonomy":"product_cat","embeddable":true,"href":"https:\/\/mod.wisdar.net\/tr\/wp-json\/wp\/v2\/product_cat?post=66296"},{"taxonomy":"product_tag","embeddable":true,"href":"https:\/\/mod.wisdar.net\/tr\/wp-json\/wp\/v2\/product_tag?post=66296"}],"curies":[{"name":"wp","href":"https:\/\/api.w.org\/{rel}","templated":true}]}}