{"id":66362,"date":"2026-01-04T09:23:22","date_gmt":"2026-01-04T09:23:22","guid":{"rendered":"https:\/\/modesthanim.com\/product\/kurk-yaka-kisa-bej-mont\/"},"modified":"2026-01-14T18:53:12","modified_gmt":"2026-01-14T18:53:12","slug":"kurk-yaka-kisa-bej-mont","status":"publish","type":"product","link":"https:\/\/mod.wisdar.net\/tr\/urun\/kurk-yaka-kisa-bej-mont\/","title":{"rendered":"K\u00fcrk Yaka K\u0131sa Bej Mont"},"content":{"rendered":"<p>K\u00dcRK YAKA KISA BEJ MONT \u00d6ZELL\u0130KLER\u0130<br \/>\nTak \u2013 \u00e7\u0131kar k\u00fcrk yakal\u0131, d\u00fc\u011fme kapamal\u0131, cepli, d\u00fc\u015f\u00fck omuz, rahat kal\u0131p, astarl\u0131 k\u00fcrk yaka k\u0131sa mont.<br \/>\n\u0130\u00c7ER\u0130\u011e\u0130 VE YIKANMASI<br \/>\n%100 Pes<br \/>\nKuru temizleme \u00f6nerilir.<br \/>\nEl ile \u00f6l\u00e7\u00fcmlerde 2-3 cm farkl\u0131l\u0131k g\u00f6sterebilir.<br \/>\nManken Bedeni: S-M<br \/>\nManken \u00d6l\u00e7\u00fcs\u00fc:<\/p>\n","protected":false},"excerpt":{"rendered":"<p>K\u00dcRK YAKA KISA BEJ MONT \u00d6ZELL\u0130KLER\u0130 Tak \u2013 \u00e7\u0131kar k\u00fcrk yakal\u0131, d\u00fc\u011fme kapamal\u0131, cepli, d\u00fc\u015f\u00fck omuz, rahat kal\u0131p, astarl\u0131 k\u00fcrk yaka k\u0131sa mont. \u0130\u00c7ER\u0130\u011e\u0130 VE YIKANMASI %100 Pes Kuru temizleme \u00f6nerilir. El ile \u00f6l\u00e7\u00fcmlerde 2-3 cm farkl\u0131l\u0131k g\u00f6sterebilir. Manken Bedeni: S-M Manken \u00d6l\u00e7\u00fcs\u00fc:<\/p>\n","protected":false},"featured_media":66353,"comment_status":"open","ping_status":"closed","template":"","meta":[],"product_brand":[],"product_cat":[2047],"product_tag":[6753,7895,7975,4999],"class_list":{"0":"post-66362","1":"product","2":"type-product","3":"status-publish","4":"has-post-thumbnail","6":"product_cat-paltolar","7":"product_tag-bej","8":"product_tag-kis-modasi","9":"product_tag-kurk-yaka","10":"product_tag-outerwear","11":"pa_brand-hooopstore","12":"pa_color-bej-rengi","13":"pa_size-l-xl-2","14":"pa_size-s-m","16":"first","17":"instock","18":"sale","19":"shipping-taxable","20":"purchasable","21":"product-type-variable"},"_links":{"self":[{"href":"https:\/\/mod.wisdar.net\/tr\/wp-json\/wp\/v2\/product\/66362","targetHints":{"allow":["GET"]}}],"collection":[{"href":"https:\/\/mod.wisdar.net\/tr\/wp-json\/wp\/v2\/product"}],"about":[{"href":"https:\/\/mod.wisdar.net\/tr\/wp-json\/wp\/v2\/types\/product"}],"replies":[{"embeddable":true,"href":"https:\/\/mod.wisdar.net\/tr\/wp-json\/wp\/v2\/comments?post=66362"}],"wp:featuredmedia":[{"embeddable":true,"href":"https:\/\/mod.wisdar.net\/tr\/wp-json\/wp\/v2\/media\/66353"}],"wp:attachment":[{"href":"https:\/\/mod.wisdar.net\/tr\/wp-json\/wp\/v2\/media?parent=66362"}],"wp:term":[{"taxonomy":"product_brand","embeddable":true,"href":"https:\/\/mod.wisdar.net\/tr\/wp-json\/wp\/v2\/product_brand?post=66362"},{"taxonomy":"product_cat","embeddable":true,"href":"https:\/\/mod.wisdar.net\/tr\/wp-json\/wp\/v2\/product_cat?post=66362"},{"taxonomy":"product_tag","embeddable":true,"href":"https:\/\/mod.wisdar.net\/tr\/wp-json\/wp\/v2\/product_tag?post=66362"}],"curies":[{"name":"wp","href":"https:\/\/api.w.org\/{rel}","templated":true}]}}