{"id":66392,"date":"2026-01-04T09:23:32","date_gmt":"2026-01-04T09:23:32","guid":{"rendered":"https:\/\/modesthanim.com\/product\/andera-manset-kol-koyu-lacivert-kase-ceket\/"},"modified":"2026-01-14T18:54:31","modified_gmt":"2026-01-14T18:54:31","slug":"andera-manset-kol-koyu-lacivert-kase-ceket","status":"publish","type":"product","link":"https:\/\/mod.wisdar.net\/tr\/urun\/andera-manset-kol-koyu-lacivert-kase-ceket\/","title":{"rendered":"Andera Man\u015fet Kol Koyu Lacivert Ka\u015fe Ceket"},"content":{"rendered":"<p>ANDERA MAN\u015eET KOL KOYU LAC\u0130VERT KA\u015eE CEKET \u00d6ZELL\u0130KLER\u0130<br \/>\n\u00d6nden gizli pat detayl\u0131 ve d\u00fc\u011fmeli, d\u00fc\u015f\u00fck omuz, geni\u015f kol man\u015fetli, astarl\u0131 rahat kesim ka\u015fe ceket.<br \/>\n%76 Pes %24 Viskon<br \/>\nYaln\u0131zca kuru temizleme yap\u0131n\u0131z.<br \/>\nManken \u00d6l\u00e7\u00fcleri: Boy: 1.77 cm, G\u00f6\u011f\u00fcs: 77 cm, Bel: 61 cm, Basen: 89 cm<\/p>\n<p>\u2014 Technical Details \u2014<br \/>\nfit: Rahat kesim<br \/>\nshoulder: D\u00fc\u015f\u00fck omuz<br \/>\nsleeve: Geni\u015f kol man\u015fetli<br \/>\nlining: Astarl\u0131<br \/>\nclosure: \u00d6nden gizli pat detayl\u0131 ve d\u00fc\u011fmeli<br \/>\ncare_instructions: Yaln\u0131zca kuru temizleme yap\u0131n\u0131z.<br \/>\nmodel_measurements: Boy: 1.77 cm, G\u00f6\u011f\u00fcs: 77 cm, Bel: 61 cm, Basen: 89 cm<br \/>\nproduct_measurements: {&#8216;S\/M&#8217;: {&#8216;length&#8217;: 54, &#8216;chest_circumference&#8217;: 118, &#8216;sleeve_cuff_width&#8217;: 38}, &#8216;M\/L&#8217;: {&#8216;length&#8217;: 54, &#8216;chest_circumference&#8217;: 124, &#8216;sleeve_cuff_width&#8217;: 38}}<\/p>\n","protected":false},"excerpt":{"rendered":"<p>ANDERA MAN\u015eET KOL KOYU LAC\u0130VERT KA\u015eE CEKET \u00d6ZELL\u0130KLER\u0130 \u00d6nden gizli pat detayl\u0131 ve d\u00fc\u011fmeli, d\u00fc\u015f\u00fck omuz, geni\u015f kol man\u015fetli, astarl\u0131 rahat kesim ka\u015fe ceket. %76 Pes %24 Viskon Yaln\u0131zca kuru temizleme yap\u0131n\u0131z. Manken \u00d6l\u00e7\u00fcleri: Boy: 1.77 cm, G\u00f6\u011f\u00fcs: 77 cm, Bel: 61 cm, Basen: 89 cm \u2014 Technical Details \u2014 fit: Rahat kesim shoulder: D\u00fc\u015f\u00fck [&hellip;]<\/p>\n","protected":false},"featured_media":66385,"comment_status":"open","ping_status":"closed","template":"","meta":[],"product_brand":[],"product_cat":[2044],"product_tag":[7959],"class_list":{"0":"post-66392","1":"product","2":"type-product","3":"status-publish","4":"has-post-thumbnail","6":"product_cat-ceketler","7":"product_tag-resmi-giyim","8":"pa_brand-hooopstore","9":"pa_color-koyu-lacivert","10":"pa_size-m-l","11":"pa_size-s-m","13":"first","14":"instock","15":"sale","16":"shipping-taxable","17":"purchasable","18":"product-type-variable"},"_links":{"self":[{"href":"https:\/\/mod.wisdar.net\/tr\/wp-json\/wp\/v2\/product\/66392","targetHints":{"allow":["GET"]}}],"collection":[{"href":"https:\/\/mod.wisdar.net\/tr\/wp-json\/wp\/v2\/product"}],"about":[{"href":"https:\/\/mod.wisdar.net\/tr\/wp-json\/wp\/v2\/types\/product"}],"replies":[{"embeddable":true,"href":"https:\/\/mod.wisdar.net\/tr\/wp-json\/wp\/v2\/comments?post=66392"}],"wp:featuredmedia":[{"embeddable":true,"href":"https:\/\/mod.wisdar.net\/tr\/wp-json\/wp\/v2\/media\/66385"}],"wp:attachment":[{"href":"https:\/\/mod.wisdar.net\/tr\/wp-json\/wp\/v2\/media?parent=66392"}],"wp:term":[{"taxonomy":"product_brand","embeddable":true,"href":"https:\/\/mod.wisdar.net\/tr\/wp-json\/wp\/v2\/product_brand?post=66392"},{"taxonomy":"product_cat","embeddable":true,"href":"https:\/\/mod.wisdar.net\/tr\/wp-json\/wp\/v2\/product_cat?post=66392"},{"taxonomy":"product_tag","embeddable":true,"href":"https:\/\/mod.wisdar.net\/tr\/wp-json\/wp\/v2\/product_tag?post=66392"}],"curies":[{"name":"wp","href":"https:\/\/api.w.org\/{rel}","templated":true}]}}