{"id":66425,"date":"2026-01-04T09:23:45","date_gmt":"2026-01-04T09:23:45","guid":{"rendered":"https:\/\/modesthanim.com\/product\/punto-dikisli-lacivert-kaban\/"},"modified":"2026-01-14T18:53:14","modified_gmt":"2026-01-14T18:53:14","slug":"punto-dikisli-lacivert-kaban","status":"publish","type":"product","link":"https:\/\/mod.wisdar.net\/tr\/urun\/punto-dikisli-lacivert-kaban\/","title":{"rendered":"Punto Diki\u015fli Lacivert Kaban"},"content":{"rendered":"<p>PUNTO D\u0130K\u0130\u015eL\u0130 LAC\u0130VERT KABAN \u00d6ZELL\u0130KLER\u0130<br \/>\nKruvaze yaka, d\u00fc\u011fme kapamal\u0131, b\u00fcy\u00fck cep detayl\u0131, kendi kuma\u015f\u0131ndan ku\u015fakl\u0131, rahat kal\u0131p, astarl\u0131 punto diki\u015fli kaban.<br \/>\n\u0130\u00c7ER\u0130\u011e\u0130 VE YIKANMASI<br \/>\n%76 Pes %24 Viskon<br \/>\nKuru temizleme \u00f6nerilir.<br \/>\nEl ile \u00f6l\u00e7\u00fcmlerde 2-3 cm farkl\u0131l\u0131k g\u00f6sterebilir.<br \/>\nManken Bedeni: S-M<br \/>\nManken \u00d6l\u00e7\u00fcs\u00fc: Boy: 1.77 cm, G\u00f6\u011f\u00fcs: 77 cm, Bel: 61 cm, Basen: 89 cm<\/p>\n","protected":false},"excerpt":{"rendered":"<p>PUNTO D\u0130K\u0130\u015eL\u0130 LAC\u0130VERT KABAN \u00d6ZELL\u0130KLER\u0130 Kruvaze yaka, d\u00fc\u011fme kapamal\u0131, b\u00fcy\u00fck cep detayl\u0131, kendi kuma\u015f\u0131ndan ku\u015fakl\u0131, rahat kal\u0131p, astarl\u0131 punto diki\u015fli kaban. \u0130\u00c7ER\u0130\u011e\u0130 VE YIKANMASI %76 Pes %24 Viskon Kuru temizleme \u00f6nerilir. El ile \u00f6l\u00e7\u00fcmlerde 2-3 cm farkl\u0131l\u0131k g\u00f6sterebilir. Manken Bedeni: S-M Manken \u00d6l\u00e7\u00fcs\u00fc: Boy: 1.77 cm, G\u00f6\u011f\u00fcs: 77 cm, Bel: 61 cm, Basen: 89 cm<\/p>\n","protected":false},"featured_media":66417,"comment_status":"open","ping_status":"closed","template":"","meta":[],"product_brand":[],"product_cat":[2047],"product_tag":[7895,7238],"class_list":{"0":"post-66425","1":"product","2":"type-product","3":"status-publish","4":"has-post-thumbnail","6":"product_cat-paltolar","7":"product_tag-kis-modasi","8":"product_tag-lacivert","9":"pa_brand-hooopstore","10":"pa_color-lacivert","11":"pa_size-m-l","12":"pa_size-s-m","14":"first","15":"instock","16":"sale","17":"shipping-taxable","18":"purchasable","19":"product-type-variable"},"_links":{"self":[{"href":"https:\/\/mod.wisdar.net\/tr\/wp-json\/wp\/v2\/product\/66425","targetHints":{"allow":["GET"]}}],"collection":[{"href":"https:\/\/mod.wisdar.net\/tr\/wp-json\/wp\/v2\/product"}],"about":[{"href":"https:\/\/mod.wisdar.net\/tr\/wp-json\/wp\/v2\/types\/product"}],"replies":[{"embeddable":true,"href":"https:\/\/mod.wisdar.net\/tr\/wp-json\/wp\/v2\/comments?post=66425"}],"wp:featuredmedia":[{"embeddable":true,"href":"https:\/\/mod.wisdar.net\/tr\/wp-json\/wp\/v2\/media\/66417"}],"wp:attachment":[{"href":"https:\/\/mod.wisdar.net\/tr\/wp-json\/wp\/v2\/media?parent=66425"}],"wp:term":[{"taxonomy":"product_brand","embeddable":true,"href":"https:\/\/mod.wisdar.net\/tr\/wp-json\/wp\/v2\/product_brand?post=66425"},{"taxonomy":"product_cat","embeddable":true,"href":"https:\/\/mod.wisdar.net\/tr\/wp-json\/wp\/v2\/product_cat?post=66425"},{"taxonomy":"product_tag","embeddable":true,"href":"https:\/\/mod.wisdar.net\/tr\/wp-json\/wp\/v2\/product_tag?post=66425"}],"curies":[{"name":"wp","href":"https:\/\/api.w.org\/{rel}","templated":true}]}}